{"id":109,"date":"2022-10-06T11:04:57","date_gmt":"2022-10-06T09:04:57","guid":{"rendered":"https:\/\/clairehodde.com\/?page_id=109"},"modified":"2025-04-09T10:54:49","modified_gmt":"2025-04-09T08:54:49","slug":"claire-hodde-artiste","status":"publish","type":"page","link":"https:\/\/clairehodde.com\/preprod\/","title":{"rendered":""},"content":{"rendered":"\n<div class=\"wp-block-cover alignfull is-light\" style=\"min-height:387px;aspect-ratio:unset;\"><span aria-hidden=\"true\" class=\"wp-block-cover__background has-background-dim-0 has-background-dim\" style=\"background-color:#eb5a1b\"><\/span><div class=\"wp-block-cover__inner-container is-layout-flow wp-block-cover-is-layout-flow\">\n<div class=\"wp-block-columns alignwide is-layout-flex wp-container-core-columns-is-layout-9d6595d7 wp-block-columns-is-layout-flex\">\n<div class=\"wp-block-column is-layout-flow wp-block-column-is-layout-flow\" style=\"flex-basis:100%\">\n<div class=\"wp-block-media-text alignwide has-media-on-the-right is-stacked-on-mobile\"><div class=\"wp-block-media-text__content\">\n<p class=\"has-text-align-left\">Je peins l&rsquo;\u00e9nergie que je ressens dans la nature.<\/p>\n\n\n\n<p class=\"has-text-align-left\">Avec le souffle d\u2019un s\u00e8che-cheveux ou en faisant tourner le tableau, je provoque le d\u00e9placement des couleurs sur la toile ou sur le bois, g\u00e9n\u00e9rant ainsi une \u00e9nergie d\u00e9bordante, un \u00e9lan de vie en parfaite harmonie avec une paix profonde.<\/p>\n\n\n\n<p class=\"has-text-align-left\">Je mets aussi en avant la puissance de la nature et la force du vivant. Parfois j&rsquo;exp\u00e9rimente en introduisant le pinceau et le couteau.<\/p>\n<\/div><figure class=\"wp-block-media-text__media\"><img loading=\"lazy\" decoding=\"async\" width=\"800\" height=\"600\" src=\"https:\/\/clairehodde.com\/preprod\/wp-content\/uploads\/2022\/10\/IMG_20220901_110621_arbre_detail_p.jpg\" alt=\"Arbre r\u00e9alis\u00e9 avec la technique du dutch pour. Le tronc et les branches paraissent anim\u00e9s d'une vie pleine de fougue\" class=\"wp-image-272 size-full\" srcset=\"https:\/\/clairehodde.com\/preprod\/wp-content\/uploads\/2022\/10\/IMG_20220901_110621_arbre_detail_p.jpg 800w, https:\/\/clairehodde.com\/preprod\/wp-content\/uploads\/2022\/10\/IMG_20220901_110621_arbre_detail_p-210x158.jpg 210w, https:\/\/clairehodde.com\/preprod\/wp-content\/uploads\/2022\/10\/IMG_20220901_110621_arbre_detail_p-300x225.jpg 300w, https:\/\/clairehodde.com\/preprod\/wp-content\/uploads\/2022\/10\/IMG_20220901_110621_arbre_detail_p-768x576.jpg 768w, https:\/\/clairehodde.com\/preprod\/wp-content\/uploads\/2022\/10\/IMG_20220901_110621_arbre_detail_p-100x75.jpg 100w, https:\/\/clairehodde.com\/preprod\/wp-content\/uploads\/2022\/10\/IMG_20220901_110621_arbre_detail_p-150x113.jpg 150w, https:\/\/clairehodde.com\/preprod\/wp-content\/uploads\/2022\/10\/IMG_20220901_110621_arbre_detail_p-200x150.jpg 200w, https:\/\/clairehodde.com\/preprod\/wp-content\/uploads\/2022\/10\/IMG_20220901_110621_arbre_detail_p-450x338.jpg 450w, https:\/\/clairehodde.com\/preprod\/wp-content\/uploads\/2022\/10\/IMG_20220901_110621_arbre_detail_p-600x450.jpg 600w\" sizes=\"auto, (max-width: 800px) 100vw, 800px\" \/><\/figure><\/div>\n<\/div>\n<\/div>\n\n\n\n<p>Sauf exception, j&rsquo;utilise exclusivement l&rsquo;acrylique et l&rsquo;eau. Les couleurs en mouvement interagissent les unes avec les autres. En jouant sur la viscosit\u00e9 de la peinture, la densit\u00e9 des pigments et la temp\u00e9rature, je cr\u00e9e d&rsquo;harmonieux d\u00e9grad\u00e9s qui, selon les tons, vont rappeler l&rsquo;eau, la lave, la s\u00e8ve&#8230; des \u00e9l\u00e9ments indispensables \u00e0 la vie sur Terre. Des densit\u00e9s diff\u00e9rentes vont g\u00e9n\u00e9rer l&rsquo;apparition de cellules plus ou moins grandes, cr\u00e9ant des formes abstraites. J&rsquo;aime y voir la pr\u00e9figuration de la vie, une gen\u00e8se du vivant.<\/p>\n\n\n\n<p>Les couleurs de mes tableaux sont souvent vives, porteuses d&rsquo;une \u00e9nergie vivifiante.<\/p>\n\n\n\n<p>Devant l\u2019\u0153uvre, le spectateur est invit\u00e9 \u00e0 ressentir la puissance de la nature, vivante, \u00e9nergique et positive, l&rsquo;invitant \u00e0 se connecter \u00e0 son dynamisme de vie et \u00e0 l&rsquo;univers vivant qui l&rsquo;entoure.<\/p>\n\n\n\n<div class=\"wp-block-columns is-layout-flex wp-container-core-columns-is-layout-9d6595d7 wp-block-columns-is-layout-flex\">\n<div class=\"wp-block-column has-background is-layout-flow wp-block-column-is-layout-flow\" style=\"background-color:#ffffff00;flex-basis:50%\">\n<p class=\"has-text-align-center has-background\" style=\"background:radial-gradient(rgb(255,255,255) 38%,rgba(247,247,139,0.11) 100%)\">Je fais jaillir la peinture fluide avec le souffle pour r\u00e9v\u00e9ler la puissance de la vie en toute chose et cr\u00e9er un paysage de l&rsquo;\u00e2me<\/p>\n\n\n\n<div class=\"wp-block-buttons is-content-justification-center is-layout-flex wp-container-core-buttons-is-layout-16018d1d wp-block-buttons-is-layout-flex\">\n<div class=\"wp-block-button has-custom-font-size\" style=\"font-size:22px\"><a class=\"wp-block-button__link has-button-color-background-color has-background wp-element-button\" href=\"https:\/\/clairehodde.com\/preprod\/oeuvres\/\">\u0152uvres souffl\u00e9es<\/a><\/div>\n<\/div>\n<\/div>\n\n\n\n<div class=\"wp-block-column is-layout-flow wp-block-column-is-layout-flow\" style=\"flex-basis:50%\">\n<p class=\"has-text-align-center has-background\" style=\"background:radial-gradient(rgb(255,255,255) 24%,rgba(255,255,255,0.13) 100%)\">Je mets en sc\u00e8ne des personnages qui expriment des \u00e9motions et s&rsquo;engagent dans le d\u00e9ploiement de leur personne <\/p>\n\n\n\n<div class=\"wp-block-buttons is-content-justification-center is-layout-flex wp-container-core-buttons-is-layout-16018d1d wp-block-buttons-is-layout-flex\">\n<div class=\"wp-block-button has-custom-font-size\" style=\"font-size:22px\"><a class=\"wp-block-button__link has-button-color-background-color has-background wp-element-button\" href=\"https:\/\/clairehodde.com\/preprod\/oeuvres-dessinees\/\">\u0152uvres figuratives<\/a><\/div>\n<\/div>\n<\/div>\n<\/div>\n<\/div><\/div>\n\n\n\n<h2 class=\"wp-block-heading alignfull has-text-align-center has-background\" id=\"newsletter\" style=\"background-color:#eb581a38;font-size:28px\">Abonnez-vous pour mieux conna\u00eetre mon travail artistique (vid\u00e9os&#8230;)<\/h2>\n\n\n\n<div class=\"wp-block-group is-content-justification-center is-nowrap is-layout-flex wp-container-core-group-is-layout-94bc23d7 wp-block-group-is-layout-flex\">\n<figure class=\"wp-block-image size-full is-resized\"><img loading=\"lazy\" decoding=\"async\" width=\"600\" height=\"600\" src=\"https:\/\/clairehodde.com\/preprod\/wp-content\/uploads\/2023\/04\/chevre_lettre_droite_couleur_p.jpg\" alt=\"Ch\u00e8vre qui tient dans sa bouche une lettre\" class=\"wp-image-466\" style=\"object-fit:cover;width:400px;height:400px\" srcset=\"https:\/\/clairehodde.com\/preprod\/wp-content\/uploads\/2023\/04\/chevre_lettre_droite_couleur_p.jpg 600w, https:\/\/clairehodde.com\/preprod\/wp-content\/uploads\/2023\/04\/chevre_lettre_droite_couleur_p-432x432.jpg 432w, https:\/\/clairehodde.com\/preprod\/wp-content\/uploads\/2023\/04\/chevre_lettre_droite_couleur_p-210x210.jpg 210w, https:\/\/clairehodde.com\/preprod\/wp-content\/uploads\/2023\/04\/chevre_lettre_droite_couleur_p-300x300.jpg 300w, https:\/\/clairehodde.com\/preprod\/wp-content\/uploads\/2023\/04\/chevre_lettre_droite_couleur_p-150x150.jpg 150w, https:\/\/clairehodde.com\/preprod\/wp-content\/uploads\/2023\/04\/chevre_lettre_droite_couleur_p-100x100.jpg 100w, https:\/\/clairehodde.com\/preprod\/wp-content\/uploads\/2023\/04\/chevre_lettre_droite_couleur_p-200x200.jpg 200w, https:\/\/clairehodde.com\/preprod\/wp-content\/uploads\/2023\/04\/chevre_lettre_droite_couleur_p-450x450.jpg 450w\" sizes=\"auto, (max-width: 600px) 100vw, 600px\" \/><figcaption class=\"wp-element-caption\">Ch\u00e8vre porteuse de nouvelles fra\u00eeches<\/figcaption><\/figure>\n\n\n\n<!-- Begin Signup Form -->\n<link href=\"\/\/cdn-images.mailchimp.com\/embedcode\/classic-071822.css\" rel=\"stylesheet\" type=\"text\/css\">\n<style type=\"text\/css\">\n#mc_embed_signup{background:#fff; clear:left; font:14px Helvetica,Arial,sans-serif;  width:600px;}\n\/* Add your own Mailchimp form style overrides in your site stylesheet or in this style block.\n  We recommend moving this block and the preceding CSS link to the HEAD of your HTML file. *\/\n<\/style>\n<div id=\"mc_embed_signup\">\n    <form action=\"https:\/\/clairehodde.us13.list-manage.com\/subscribe\/post?u=fcb302ae24234b5cce77c0b38&amp;id=340366f6c5&amp;f_id=007d76e4f0\" method=\"post\" id=\"mc-embedded-subscribe-form\" name=\"mc-embedded-subscribe-form\" class=\"validate\" target=\"_blank\" novalidate>\n        <div id=\"mc_embed_signup_scroll\">\n        <div class=\"indicates-required\"><span class=\"asterisk\">*<\/span> champ obligatoire<\/div>\n<div class=\"mc-field-group\">\n<label for=\"mce-EMAIL\">E-mail<span class=\"asterisk\">*<\/span>\n<\/label>\n<input type=\"email\" value=\"\" name=\"EMAIL\" class=\"required email\" id=\"mce-EMAIL\" required>\n<span id=\"mce-EMAIL-HELPERTEXT\" class=\"helper_text\"><\/span>\n<\/div>\n<div class=\"mc-field-group\">\n<label for=\"mce-FNAME\">Pr\u00e9nom  <span class=\"asterisk\">*<\/span>\n<\/label>\n<input type=\"text\" value=\"\" name=\"FNAME\" class=\"required\" id=\"mce-FNAME\" required>\n<span id=\"mce-FNAME-HELPERTEXT\" class=\"helper_text\"><\/span>\n<\/div>\n<div class=\"mc-field-group\">\n<label for=\"mce-LNAME\">Nom   <span class=\"asterisk\">*<\/span> <\/label>\n<input type=\"text\" value=\"\" name=\"LNAME\" class=\"\" class=\"required\"  id=\"mce-LNAME\" required >\n<span id=\"mce-LNAME-HELPERTEXT\" class=\"helper_text\"><\/span>\n<\/div>\n<div hidden=\"true\"><input type=\"hidden\" name=\"tags\" value=\"6702502\"><\/div>\n<div id=\"mce-responses\" class=\"clear foot\">\n<div class=\"response\" id=\"mce-error-response\" style=\"display:none\"><\/div>\n<div class=\"response\" id=\"mce-success-response\" style=\"display:none\"><\/div>\n<\/div>    <!-- real people should not fill this in and expect good things - do not remove this or risk form bot signups-->\n    <div style=\"position: absolute; left: -5000px;\" aria-hidden=\"true\"><input type=\"text\" name=\"b_fcb302ae24234b5cce77c0b38_340366f6c5\" tabindex=\"-1\" value=\"\"><\/div>\n        <div class=\"optionalParent\">\n            <div class=\"clear foot\">\n                <input type=\"submit\" value=\"Je m'inscris !\" name=\"subscribe\" id=\"mc-embedded-subscribe\" class=\"wp-block-button has-custom-font-size aligncenter is-style-outline\" style=\"font-size:22px\">\n            <\/div>\n        <\/div>\n    <\/div>\n<\/form>\n<\/div>\n<!--End mc_embed_signup-->\n\n\n\n<p class=\"has-text-align-left\">Lettre trimestrielle<br>Approcher ma d\u00e9marche artistique<br>Connaitre mes derni\u00e8res actualit\u00e9s<br>Pas de spam<br>Respect &amp; transparence<br>Premi\u00e8re lettre envoy\u00e9e le 4\/4\/2023<br><\/p>\n<\/div>\n\n\n\n<hr class=\"wp-block-separator has-alpha-channel-opacity\"\/>\n\n\n\n<div class=\"wp-block-group is-vertical is-content-justification-center is-layout-flex wp-container-core-group-is-layout-4b2eccd6 wp-block-group-is-layout-flex\">\n<div class=\"wp-block-group is-nowrap is-layout-flex wp-container-core-group-is-layout-ad2f72ca wp-block-group-is-layout-flex\">\n<figure class=\"wp-block-image size-full\"><img loading=\"lazy\" decoding=\"async\" width=\"34\" height=\"39\" src=\"https:\/\/clairehodde.com\/preprod\/wp-content\/uploads\/2024\/03\/icone-cadenas-paiements-securises.jpg\" alt=\"Cadenas paiements s\u00e9curis\u00e9s\" class=\"wp-image-1032\"\/><\/figure>\n\n\n\n<p>PAIEMENTS S\u00c9CURIS\u00c9S<\/p>\n<\/div>\n\n\n\n<div class=\"wp-block-group is-vertical is-layout-flex wp-container-core-group-is-layout-8cf370e7 wp-block-group-is-layout-flex\">\n<figure class=\"wp-block-image size-full\"><img loading=\"lazy\" decoding=\"async\" width=\"157\" height=\"102\" src=\"https:\/\/clairehodde.com\/preprod\/wp-content\/uploads\/2024\/03\/icone-moyens-paiements-stripe.jpg\" alt=\"moyens de paiements stripe visa\" class=\"wp-image-1033\" srcset=\"https:\/\/clairehodde.com\/preprod\/wp-content\/uploads\/2024\/03\/icone-moyens-paiements-stripe.jpg 157w, https:\/\/clairehodde.com\/preprod\/wp-content\/uploads\/2024\/03\/icone-moyens-paiements-stripe-100x65.jpg 100w, https:\/\/clairehodde.com\/preprod\/wp-content\/uploads\/2024\/03\/icone-moyens-paiements-stripe-150x97.jpg 150w\" sizes=\"auto, (max-width: 157px) 100vw, 157px\" \/><\/figure>\n<\/div>\n<\/div>\n\n\n\n<hr class=\"wp-block-separator has-alpha-channel-opacity\"\/>\n","protected":false},"excerpt":{"rendered":"<p>Abonnez-vous pour mieux conna\u00eetre mon travail artistique (vid\u00e9os&#8230;) * champ obligatoire E-mail* Pr\u00e9nom * Nom * Lettre trimestrielleApprocher ma d\u00e9marche artistiqueConnaitre mes derni\u00e8res actualit\u00e9sPas de spamRespect &amp; transparencePremi\u00e8re lettre envoy\u00e9e le 4\/4\/2023 PAIEMENTS S\u00c9CURIS\u00c9S<\/p>\n","protected":false},"author":1,"featured_media":0,"parent":0,"menu_order":0,"comment_status":"closed","ping_status":"closed","template":"full-width-page.php","meta":{"footnotes":""},"class_list":["post-109","page","type-page","status-publish","hentry"],"yoast_head":"<!-- This site is optimized with the Yoast SEO plugin v27.3 - https:\/\/yoast.com\/product\/yoast-seo-wordpress\/ -->\n<title>Claire Hodd\u00e9 - Artiste peintre contemporaine | peinture fluide | Angers France<\/title>\n<meta name=\"description\" content=\"Je suis une artiste peintre en &quot;dutch pour&quot;. Mes peintures r\u00e9v\u00e8lent la force de la Vie et rendent visible nos ressentis int\u00e9rieurs.\" \/>\n<meta name=\"robots\" content=\"index, follow, max-snippet:-1, max-image-preview:large, max-video-preview:-1\" \/>\n<link rel=\"canonical\" href=\"https:\/\/clairehodde.com\/preprod\/\" \/>\n<meta property=\"og:locale\" content=\"fr_FR\" \/>\n<meta property=\"og:type\" content=\"article\" \/>\n<meta property=\"og:title\" content=\"Claire Hodd\u00e9\" \/>\n<meta property=\"og:description\" content=\"Je suis une artiste en peinture fluide. Mes \u0153uvres sont largement inspir\u00e9es par la nature\" \/>\n<meta property=\"og:url\" content=\"https:\/\/clairehodde.com\/preprod\/\" \/>\n<meta property=\"og:site_name\" content=\"Claire Hodd\u00e9 - Artiste peintre\" \/>\n<meta property=\"article:publisher\" content=\"https:\/\/www.facebook.com\/clairehodde.art\/\" \/>\n<meta property=\"article:modified_time\" content=\"2025-04-09T08:54:49+00:00\" \/>\n<meta property=\"og:image\" content=\"https:\/\/clairehodde.com\/preprod\/wp-content\/uploads\/2022\/10\/IMG_20220901_110621_arbre_detail_p.jpg\" \/>\n\t<meta property=\"og:image:width\" content=\"800\" \/>\n\t<meta property=\"og:image:height\" content=\"600\" \/>\n\t<meta property=\"og:image:type\" content=\"image\/jpeg\" \/>\n<meta name=\"twitter:card\" content=\"summary_large_image\" \/>\n<meta name=\"twitter:label1\" content=\"Dur\u00e9e de lecture estim\u00e9e\" \/>\n\t<meta name=\"twitter:data1\" content=\"3 minutes\" \/>\n<script type=\"application\/ld+json\" class=\"yoast-schema-graph\">{\"@context\":\"https:\\\/\\\/schema.org\",\"@graph\":[{\"@type\":\"WebPage\",\"@id\":\"https:\\\/\\\/clairehodde.com\\\/preprod\\\/\",\"url\":\"https:\\\/\\\/clairehodde.com\\\/preprod\\\/\",\"name\":\"Claire Hodd\u00e9 - Artiste peintre contemporaine | peinture fluide | Angers France\",\"isPartOf\":{\"@id\":\"https:\\\/\\\/clairehodde.com\\\/preprod\\\/#website\"},\"primaryImageOfPage\":{\"@id\":\"https:\\\/\\\/clairehodde.com\\\/preprod\\\/#primaryimage\"},\"image\":{\"@id\":\"https:\\\/\\\/clairehodde.com\\\/preprod\\\/#primaryimage\"},\"thumbnailUrl\":\"https:\\\/\\\/clairehodde.com\\\/preprod\\\/wp-content\\\/uploads\\\/2022\\\/10\\\/IMG_20220901_110621_arbre_detail_p.jpg\",\"datePublished\":\"2022-10-06T09:04:57+00:00\",\"dateModified\":\"2025-04-09T08:54:49+00:00\",\"description\":\"Je suis une artiste peintre en \\\"dutch pour\\\". Mes peintures r\u00e9v\u00e8lent la force de la Vie et rendent visible nos ressentis int\u00e9rieurs.\",\"inLanguage\":\"fr-FR\",\"potentialAction\":[{\"@type\":\"ReadAction\",\"target\":[\"https:\\\/\\\/clairehodde.com\\\/preprod\\\/\"]}]},{\"@type\":\"ImageObject\",\"inLanguage\":\"fr-FR\",\"@id\":\"https:\\\/\\\/clairehodde.com\\\/preprod\\\/#primaryimage\",\"url\":\"https:\\\/\\\/clairehodde.com\\\/preprod\\\/wp-content\\\/uploads\\\/2022\\\/10\\\/IMG_20220901_110621_arbre_detail_p.jpg\",\"contentUrl\":\"https:\\\/\\\/clairehodde.com\\\/preprod\\\/wp-content\\\/uploads\\\/2022\\\/10\\\/IMG_20220901_110621_arbre_detail_p.jpg\",\"width\":800,\"height\":600,\"caption\":\"Arbre de vie\"},{\"@type\":\"WebSite\",\"@id\":\"https:\\\/\\\/clairehodde.com\\\/preprod\\\/#website\",\"url\":\"https:\\\/\\\/clairehodde.com\\\/preprod\\\/\",\"name\":\"Claire Hodd\u00e9 - Artiste peintre\",\"description\":\"R\u00e9v\u00e9ler la force de la vie et les paysages de l\u2019\u00e2me\",\"publisher\":{\"@id\":\"https:\\\/\\\/clairehodde.com\\\/preprod\\\/#\\\/schema\\\/person\\\/d5a8c2047c056dcefe03253eca4d4378\"},\"potentialAction\":[{\"@type\":\"SearchAction\",\"target\":{\"@type\":\"EntryPoint\",\"urlTemplate\":\"https:\\\/\\\/clairehodde.com\\\/preprod\\\/?s={search_term_string}\"},\"query-input\":{\"@type\":\"PropertyValueSpecification\",\"valueRequired\":true,\"valueName\":\"search_term_string\"}}],\"inLanguage\":\"fr-FR\"},{\"@type\":[\"Person\",\"Organization\"],\"@id\":\"https:\\\/\\\/clairehodde.com\\\/preprod\\\/#\\\/schema\\\/person\\\/d5a8c2047c056dcefe03253eca4d4378\",\"name\":\"Claire Hodd\u00e9\",\"image\":{\"@type\":\"ImageObject\",\"inLanguage\":\"fr-FR\",\"@id\":\"https:\\\/\\\/clairehodde.com\\\/preprod\\\/wp-content\\\/uploads\\\/2022\\\/10\\\/IMG_20220901_110621_arbre_detail_p.jpg\",\"url\":\"https:\\\/\\\/clairehodde.com\\\/preprod\\\/wp-content\\\/uploads\\\/2022\\\/10\\\/IMG_20220901_110621_arbre_detail_p.jpg\",\"contentUrl\":\"https:\\\/\\\/clairehodde.com\\\/preprod\\\/wp-content\\\/uploads\\\/2022\\\/10\\\/IMG_20220901_110621_arbre_detail_p.jpg\",\"width\":800,\"height\":600,\"caption\":\"Claire Hodd\u00e9\"},\"logo\":{\"@id\":\"https:\\\/\\\/clairehodde.com\\\/preprod\\\/wp-content\\\/uploads\\\/2022\\\/10\\\/IMG_20220901_110621_arbre_detail_p.jpg\"},\"sameAs\":[\"http:\\\/\\\/clairehodde.com\",\"https:\\\/\\\/www.facebook.com\\\/clairehodde.art\\\/\",\"https:\\\/\\\/www.instagram.com\\\/clairehodde\\\/\"]}]}<\/script>\n<!-- \/ Yoast SEO plugin. -->","yoast_head_json":{"title":"Claire Hodd\u00e9 - Artiste peintre contemporaine | peinture fluide | Angers France","description":"Je suis une artiste peintre en \"dutch pour\". Mes peintures r\u00e9v\u00e8lent la force de la Vie et rendent visible nos ressentis int\u00e9rieurs.","robots":{"index":"index","follow":"follow","max-snippet":"max-snippet:-1","max-image-preview":"max-image-preview:large","max-video-preview":"max-video-preview:-1"},"canonical":"https:\/\/clairehodde.com\/preprod\/","og_locale":"fr_FR","og_type":"article","og_title":"Claire Hodd\u00e9","og_description":"Je suis une artiste en peinture fluide. Mes \u0153uvres sont largement inspir\u00e9es par la nature","og_url":"https:\/\/clairehodde.com\/preprod\/","og_site_name":"Claire Hodd\u00e9 - Artiste peintre","article_publisher":"https:\/\/www.facebook.com\/clairehodde.art\/","article_modified_time":"2025-04-09T08:54:49+00:00","og_image":[{"width":800,"height":600,"url":"https:\/\/clairehodde.com\/preprod\/wp-content\/uploads\/2022\/10\/IMG_20220901_110621_arbre_detail_p.jpg","type":"image\/jpeg"}],"twitter_card":"summary_large_image","twitter_misc":{"Dur\u00e9e de lecture estim\u00e9e":"3 minutes"},"schema":{"@context":"https:\/\/schema.org","@graph":[{"@type":"WebPage","@id":"https:\/\/clairehodde.com\/preprod\/","url":"https:\/\/clairehodde.com\/preprod\/","name":"Claire Hodd\u00e9 - Artiste peintre contemporaine | peinture fluide | Angers France","isPartOf":{"@id":"https:\/\/clairehodde.com\/preprod\/#website"},"primaryImageOfPage":{"@id":"https:\/\/clairehodde.com\/preprod\/#primaryimage"},"image":{"@id":"https:\/\/clairehodde.com\/preprod\/#primaryimage"},"thumbnailUrl":"https:\/\/clairehodde.com\/preprod\/wp-content\/uploads\/2022\/10\/IMG_20220901_110621_arbre_detail_p.jpg","datePublished":"2022-10-06T09:04:57+00:00","dateModified":"2025-04-09T08:54:49+00:00","description":"Je suis une artiste peintre en \"dutch pour\". Mes peintures r\u00e9v\u00e8lent la force de la Vie et rendent visible nos ressentis int\u00e9rieurs.","inLanguage":"fr-FR","potentialAction":[{"@type":"ReadAction","target":["https:\/\/clairehodde.com\/preprod\/"]}]},{"@type":"ImageObject","inLanguage":"fr-FR","@id":"https:\/\/clairehodde.com\/preprod\/#primaryimage","url":"https:\/\/clairehodde.com\/preprod\/wp-content\/uploads\/2022\/10\/IMG_20220901_110621_arbre_detail_p.jpg","contentUrl":"https:\/\/clairehodde.com\/preprod\/wp-content\/uploads\/2022\/10\/IMG_20220901_110621_arbre_detail_p.jpg","width":800,"height":600,"caption":"Arbre de vie"},{"@type":"WebSite","@id":"https:\/\/clairehodde.com\/preprod\/#website","url":"https:\/\/clairehodde.com\/preprod\/","name":"Claire Hodd\u00e9 - Artiste peintre","description":"R\u00e9v\u00e9ler la force de la vie et les paysages de l\u2019\u00e2me","publisher":{"@id":"https:\/\/clairehodde.com\/preprod\/#\/schema\/person\/d5a8c2047c056dcefe03253eca4d4378"},"potentialAction":[{"@type":"SearchAction","target":{"@type":"EntryPoint","urlTemplate":"https:\/\/clairehodde.com\/preprod\/?s={search_term_string}"},"query-input":{"@type":"PropertyValueSpecification","valueRequired":true,"valueName":"search_term_string"}}],"inLanguage":"fr-FR"},{"@type":["Person","Organization"],"@id":"https:\/\/clairehodde.com\/preprod\/#\/schema\/person\/d5a8c2047c056dcefe03253eca4d4378","name":"Claire Hodd\u00e9","image":{"@type":"ImageObject","inLanguage":"fr-FR","@id":"https:\/\/clairehodde.com\/preprod\/wp-content\/uploads\/2022\/10\/IMG_20220901_110621_arbre_detail_p.jpg","url":"https:\/\/clairehodde.com\/preprod\/wp-content\/uploads\/2022\/10\/IMG_20220901_110621_arbre_detail_p.jpg","contentUrl":"https:\/\/clairehodde.com\/preprod\/wp-content\/uploads\/2022\/10\/IMG_20220901_110621_arbre_detail_p.jpg","width":800,"height":600,"caption":"Claire Hodd\u00e9"},"logo":{"@id":"https:\/\/clairehodde.com\/preprod\/wp-content\/uploads\/2022\/10\/IMG_20220901_110621_arbre_detail_p.jpg"},"sameAs":["http:\/\/clairehodde.com","https:\/\/www.facebook.com\/clairehodde.art\/","https:\/\/www.instagram.com\/clairehodde\/"]}]}},"rttpg_featured_image_url":null,"rttpg_author":{"display_name":"Claire Hodd\u00e9","author_link":"https:\/\/clairehodde.com\/preprod\/author\/admin5576\/"},"rttpg_comment":0,"rttpg_category":null,"rttpg_excerpt":"Abonnez-vous pour mieux conna\u00eetre mon travail artistique (vid\u00e9os&#8230;) * champ obligatoire E-mail* Pr\u00e9nom * Nom * Lettre trimestrielleApprocher ma d\u00e9marche artistiqueConnaitre mes derni\u00e8res actualit\u00e9sPas de spamRespect &amp; transparencePremi\u00e8re lettre envoy\u00e9e le 4\/4\/2023 PAIEMENTS S\u00c9CURIS\u00c9S","_links":{"self":[{"href":"https:\/\/clairehodde.com\/preprod\/wp-json\/wp\/v2\/pages\/109","targetHints":{"allow":["GET"]}}],"collection":[{"href":"https:\/\/clairehodde.com\/preprod\/wp-json\/wp\/v2\/pages"}],"about":[{"href":"https:\/\/clairehodde.com\/preprod\/wp-json\/wp\/v2\/types\/page"}],"author":[{"embeddable":true,"href":"https:\/\/clairehodde.com\/preprod\/wp-json\/wp\/v2\/users\/1"}],"replies":[{"embeddable":true,"href":"https:\/\/clairehodde.com\/preprod\/wp-json\/wp\/v2\/comments?post=109"}],"version-history":[{"count":166,"href":"https:\/\/clairehodde.com\/preprod\/wp-json\/wp\/v2\/pages\/109\/revisions"}],"predecessor-version":[{"id":1258,"href":"https:\/\/clairehodde.com\/preprod\/wp-json\/wp\/v2\/pages\/109\/revisions\/1258"}],"wp:attachment":[{"href":"https:\/\/clairehodde.com\/preprod\/wp-json\/wp\/v2\/media?parent=109"}],"curies":[{"name":"wp","href":"https:\/\/api.w.org\/{rel}","templated":true}]}}