{"id":1122,"date":"2025-03-31T16:59:41","date_gmt":"2025-03-31T14:59:41","guid":{"rendered":"https:\/\/clairehodde.com\/preprod\/?page_id=1122"},"modified":"2025-03-31T21:48:02","modified_gmt":"2025-03-31T19:48:02","slug":"blog","status":"publish","type":"page","link":"https:\/\/clairehodde.com\/preprod\/blog\/","title":{"rendered":"Blog boucle de requ\u00eate"},"content":{"rendered":"\n<div class=\"wp-block-query alignwide is-layout-flow wp-block-query-is-layout-flow\"><ul class=\"wp-block-post-template is-layout-grid wp-container-core-post-template-is-layout-e297a9f1 wp-block-post-template-is-layout-grid\"><li class=\"wp-block-post post-1195 post type-post status-publish format-standard hentry category-description-de-tableau\">\n\n\n<h2 class=\"has-link-color wp-elements-7281f4da3e5da77699f9d658d3934ef7 wp-block-post-title has-text-color has-button-color-color has-background has-button-hover-text-color-background-color\"><a href=\"https:\/\/clairehodde.com\/preprod\/description-d-une-oeuvre-une-grande-vague-au-couchant\/\" target=\"_self\" >Description d&rsquo;une oeuvre : Une grande vague au couchant<\/a><\/h2>\n\n<div class=\"wp-block-post-date\"><time datetime=\"2025-04-08T12:41:52+02:00\">8 avril 2025<\/time><\/div>\n<\/li><li class=\"wp-block-post post-1 post type-post status-publish format-standard has-post-thumbnail hentry category-description-de-tableau\">\n<figure class=\"wp-block-post-featured-image\"><a href=\"https:\/\/clairehodde.com\/preprod\/le-souffle-de-la-liberte\/\" target=\"_self\"  ><img loading=\"lazy\" decoding=\"async\" width=\"1343\" height=\"1343\" src=\"https:\/\/clairehodde.com\/preprod\/wp-content\/uploads\/2022\/09\/claire-hodde-tableau-danse-de-la-liberte-bleu-femme-chemin.jpg\" class=\"attachment-post-thumbnail size-post-thumbnail wp-post-image\" alt=\"Description d&rsquo;une toile : Le souffle de la libert\u00e9\" style=\"object-fit:cover;\" srcset=\"https:\/\/clairehodde.com\/preprod\/wp-content\/uploads\/2022\/09\/claire-hodde-tableau-danse-de-la-liberte-bleu-femme-chemin.jpg 1343w, https:\/\/clairehodde.com\/preprod\/wp-content\/uploads\/2022\/09\/claire-hodde-tableau-danse-de-la-liberte-bleu-femme-chemin-300x300.jpg 300w, https:\/\/clairehodde.com\/preprod\/wp-content\/uploads\/2022\/09\/claire-hodde-tableau-danse-de-la-liberte-bleu-femme-chemin-1024x1024.jpg 1024w, https:\/\/clairehodde.com\/preprod\/wp-content\/uploads\/2022\/09\/claire-hodde-tableau-danse-de-la-liberte-bleu-femme-chemin-210x210.jpg 210w, https:\/\/clairehodde.com\/preprod\/wp-content\/uploads\/2022\/09\/claire-hodde-tableau-danse-de-la-liberte-bleu-femme-chemin-768x768.jpg 768w, https:\/\/clairehodde.com\/preprod\/wp-content\/uploads\/2022\/09\/claire-hodde-tableau-danse-de-la-liberte-bleu-femme-chemin-100x100.jpg 100w, https:\/\/clairehodde.com\/preprod\/wp-content\/uploads\/2022\/09\/claire-hodde-tableau-danse-de-la-liberte-bleu-femme-chemin-150x150.jpg 150w, https:\/\/clairehodde.com\/preprod\/wp-content\/uploads\/2022\/09\/claire-hodde-tableau-danse-de-la-liberte-bleu-femme-chemin-200x200.jpg 200w, https:\/\/clairehodde.com\/preprod\/wp-content\/uploads\/2022\/09\/claire-hodde-tableau-danse-de-la-liberte-bleu-femme-chemin-450x450.jpg 450w, https:\/\/clairehodde.com\/preprod\/wp-content\/uploads\/2022\/09\/claire-hodde-tableau-danse-de-la-liberte-bleu-femme-chemin-600x600.jpg 600w, https:\/\/clairehodde.com\/preprod\/wp-content\/uploads\/2022\/09\/claire-hodde-tableau-danse-de-la-liberte-bleu-femme-chemin-900x900.jpg 900w, https:\/\/clairehodde.com\/preprod\/wp-content\/uploads\/2022\/09\/claire-hodde-tableau-danse-de-la-liberte-bleu-femme-chemin-432x432.jpg 432w, https:\/\/clairehodde.com\/preprod\/wp-content\/uploads\/2022\/09\/claire-hodde-tableau-danse-de-la-liberte-bleu-femme-chemin-1000x1000.jpg 1000w\" sizes=\"auto, (max-width: 1343px) 100vw, 1343px\" \/><\/a><\/figure>\n\n<h2 class=\"has-link-color wp-elements-7281f4da3e5da77699f9d658d3934ef7 wp-block-post-title has-text-color has-button-color-color has-background has-button-hover-text-color-background-color\"><a href=\"https:\/\/clairehodde.com\/preprod\/le-souffle-de-la-liberte\/\" target=\"_self\" >Description d&rsquo;une toile : Le souffle de la libert\u00e9<\/a><\/h2>\n\n<div class=\"wp-block-post-date\"><time datetime=\"2025-03-01T16:56:40+01:00\">1 mars 2025<\/time><\/div>\n<\/li><li class=\"wp-block-post post-1099 post type-post status-publish format-standard has-post-thumbnail hentry category-non-classe tag-activite tag-artiste-peintre tag-blog tag-sketchnote\">\n<figure class=\"wp-block-post-featured-image\"><a href=\"https:\/\/clairehodde.com\/preprod\/pourquoi-ce-blog-et-pour-quelle-aventure\/\" target=\"_self\"  ><img loading=\"lazy\" decoding=\"async\" width=\"500\" height=\"508\" src=\"https:\/\/clairehodde.com\/preprod\/wp-content\/uploads\/2024\/02\/270A2365_forme-ronde-et-un-angle-carre_petite.png\" class=\"attachment-post-thumbnail size-post-thumbnail wp-post-image\" alt=\"Pourquoi ce blog et pour quelle aventure ?\" style=\"object-fit:cover;\" srcset=\"https:\/\/clairehodde.com\/preprod\/wp-content\/uploads\/2024\/02\/270A2365_forme-ronde-et-un-angle-carre_petite.png 500w, https:\/\/clairehodde.com\/preprod\/wp-content\/uploads\/2024\/02\/270A2365_forme-ronde-et-un-angle-carre_petite-207x210.png 207w, https:\/\/clairehodde.com\/preprod\/wp-content\/uploads\/2024\/02\/270A2365_forme-ronde-et-un-angle-carre_petite-295x300.png 295w, https:\/\/clairehodde.com\/preprod\/wp-content\/uploads\/2024\/02\/270A2365_forme-ronde-et-un-angle-carre_petite-100x102.png 100w, https:\/\/clairehodde.com\/preprod\/wp-content\/uploads\/2024\/02\/270A2365_forme-ronde-et-un-angle-carre_petite-150x152.png 150w, https:\/\/clairehodde.com\/preprod\/wp-content\/uploads\/2024\/02\/270A2365_forme-ronde-et-un-angle-carre_petite-200x203.png 200w, https:\/\/clairehodde.com\/preprod\/wp-content\/uploads\/2024\/02\/270A2365_forme-ronde-et-un-angle-carre_petite-300x305.png 300w, https:\/\/clairehodde.com\/preprod\/wp-content\/uploads\/2024\/02\/270A2365_forme-ronde-et-un-angle-carre_petite-450x457.png 450w\" sizes=\"auto, (max-width: 500px) 100vw, 500px\" \/><\/a><\/figure>\n\n<h2 class=\"has-link-color wp-elements-7281f4da3e5da77699f9d658d3934ef7 wp-block-post-title has-text-color has-button-color-color has-background has-button-hover-text-color-background-color\"><a href=\"https:\/\/clairehodde.com\/preprod\/pourquoi-ce-blog-et-pour-quelle-aventure\/\" target=\"_self\" >Pourquoi ce blog et pour quelle aventure ?<\/a><\/h2>\n\n<div class=\"wp-block-post-date\"><time datetime=\"2025-02-01T14:59:14+01:00\">1 f\u00e9vrier 2025<\/time><\/div>\n<\/li><\/ul>\n\n\n\n<\/div>\n","protected":false},"excerpt":{"rendered":"","protected":false},"author":1,"featured_media":0,"parent":0,"menu_order":0,"comment_status":"closed","ping_status":"closed","template":"full-width-page.php","meta":{"footnotes":""},"class_list":["post-1122","page","type-page","status-publish","hentry"],"yoast_head":"<!-- This site is optimized with the Yoast SEO plugin v27.3 - https:\/\/yoast.com\/product\/yoast-seo-wordpress\/ -->\n<title>Blog boucle de requ\u00eate - Claire Hodd\u00e9 - Artiste peintre<\/title>\n<meta name=\"description\" content=\"Blog de l&#039;artiste contemporaine Claire Hodd\u00e9, professionnelle et autodidacte. Sur un ton simple et humoristique.\" \/>\n<meta name=\"robots\" content=\"index, follow, max-snippet:-1, max-image-preview:large, max-video-preview:-1\" \/>\n<link rel=\"canonical\" href=\"https:\/\/clairehodde.com\/preprod\/blog\/\" \/>\n<meta property=\"og:locale\" content=\"fr_FR\" \/>\n<meta property=\"og:type\" content=\"article\" \/>\n<meta property=\"og:title\" content=\"Blog boucle de requ\u00eate - Claire Hodd\u00e9 - Artiste peintre\" \/>\n<meta property=\"og:description\" content=\"Blog de l&#039;artiste contemporaine Claire Hodd\u00e9, professionnelle et autodidacte. Sur un ton simple et humoristique.\" \/>\n<meta property=\"og:url\" content=\"https:\/\/clairehodde.com\/preprod\/blog\/\" \/>\n<meta property=\"og:site_name\" content=\"Claire Hodd\u00e9 - Artiste peintre\" \/>\n<meta property=\"article:publisher\" content=\"https:\/\/www.facebook.com\/clairehodde.art\/\" \/>\n<meta property=\"article:modified_time\" content=\"2025-03-31T19:48:02+00:00\" \/>\n<meta name=\"twitter:card\" content=\"summary_large_image\" \/>\n<script type=\"application\/ld+json\" class=\"yoast-schema-graph\">{\"@context\":\"https:\\\/\\\/schema.org\",\"@graph\":[{\"@type\":\"WebPage\",\"@id\":\"https:\\\/\\\/clairehodde.com\\\/preprod\\\/blog\\\/\",\"url\":\"https:\\\/\\\/clairehodde.com\\\/preprod\\\/blog\\\/\",\"name\":\"Blog boucle de requ\u00eate - Claire Hodd\u00e9 - Artiste peintre\",\"isPartOf\":{\"@id\":\"https:\\\/\\\/clairehodde.com\\\/preprod\\\/#website\"},\"datePublished\":\"2025-03-31T14:59:41+00:00\",\"dateModified\":\"2025-03-31T19:48:02+00:00\",\"description\":\"Blog de l'artiste contemporaine Claire Hodd\u00e9, professionnelle et autodidacte. Sur un ton simple et humoristique.\",\"breadcrumb\":{\"@id\":\"https:\\\/\\\/clairehodde.com\\\/preprod\\\/blog\\\/#breadcrumb\"},\"inLanguage\":\"fr-FR\",\"potentialAction\":[{\"@type\":\"ReadAction\",\"target\":[\"https:\\\/\\\/clairehodde.com\\\/preprod\\\/blog\\\/\"]}]},{\"@type\":\"BreadcrumbList\",\"@id\":\"https:\\\/\\\/clairehodde.com\\\/preprod\\\/blog\\\/#breadcrumb\",\"itemListElement\":[{\"@type\":\"ListItem\",\"position\":1,\"name\":\"Accueil\",\"item\":\"https:\\\/\\\/clairehodde.com\\\/preprod\\\/\"},{\"@type\":\"ListItem\",\"position\":2,\"name\":\"Blog boucle de requ\u00eate\"}]},{\"@type\":\"WebSite\",\"@id\":\"https:\\\/\\\/clairehodde.com\\\/preprod\\\/#website\",\"url\":\"https:\\\/\\\/clairehodde.com\\\/preprod\\\/\",\"name\":\"Claire Hodd\u00e9 - Artiste peintre\",\"description\":\"R\u00e9v\u00e9ler la force de la vie et les paysages de l\u2019\u00e2me\",\"publisher\":{\"@id\":\"https:\\\/\\\/clairehodde.com\\\/preprod\\\/#\\\/schema\\\/person\\\/d5a8c2047c056dcefe03253eca4d4378\"},\"potentialAction\":[{\"@type\":\"SearchAction\",\"target\":{\"@type\":\"EntryPoint\",\"urlTemplate\":\"https:\\\/\\\/clairehodde.com\\\/preprod\\\/?s={search_term_string}\"},\"query-input\":{\"@type\":\"PropertyValueSpecification\",\"valueRequired\":true,\"valueName\":\"search_term_string\"}}],\"inLanguage\":\"fr-FR\"},{\"@type\":[\"Person\",\"Organization\"],\"@id\":\"https:\\\/\\\/clairehodde.com\\\/preprod\\\/#\\\/schema\\\/person\\\/d5a8c2047c056dcefe03253eca4d4378\",\"name\":\"Claire Hodd\u00e9\",\"image\":{\"@type\":\"ImageObject\",\"inLanguage\":\"fr-FR\",\"@id\":\"https:\\\/\\\/clairehodde.com\\\/preprod\\\/wp-content\\\/uploads\\\/2022\\\/10\\\/IMG_20220901_110621_arbre_detail_p.jpg\",\"url\":\"https:\\\/\\\/clairehodde.com\\\/preprod\\\/wp-content\\\/uploads\\\/2022\\\/10\\\/IMG_20220901_110621_arbre_detail_p.jpg\",\"contentUrl\":\"https:\\\/\\\/clairehodde.com\\\/preprod\\\/wp-content\\\/uploads\\\/2022\\\/10\\\/IMG_20220901_110621_arbre_detail_p.jpg\",\"width\":800,\"height\":600,\"caption\":\"Claire Hodd\u00e9\"},\"logo\":{\"@id\":\"https:\\\/\\\/clairehodde.com\\\/preprod\\\/wp-content\\\/uploads\\\/2022\\\/10\\\/IMG_20220901_110621_arbre_detail_p.jpg\"},\"sameAs\":[\"http:\\\/\\\/clairehodde.com\",\"https:\\\/\\\/www.facebook.com\\\/clairehodde.art\\\/\",\"https:\\\/\\\/www.instagram.com\\\/clairehodde\\\/\"]}]}<\/script>\n<!-- \/ Yoast SEO plugin. -->","yoast_head_json":{"title":"Blog boucle de requ\u00eate - Claire Hodd\u00e9 - Artiste peintre","description":"Blog de l'artiste contemporaine Claire Hodd\u00e9, professionnelle et autodidacte. Sur un ton simple et humoristique.","robots":{"index":"index","follow":"follow","max-snippet":"max-snippet:-1","max-image-preview":"max-image-preview:large","max-video-preview":"max-video-preview:-1"},"canonical":"https:\/\/clairehodde.com\/preprod\/blog\/","og_locale":"fr_FR","og_type":"article","og_title":"Blog boucle de requ\u00eate - Claire Hodd\u00e9 - Artiste peintre","og_description":"Blog de l'artiste contemporaine Claire Hodd\u00e9, professionnelle et autodidacte. Sur un ton simple et humoristique.","og_url":"https:\/\/clairehodde.com\/preprod\/blog\/","og_site_name":"Claire Hodd\u00e9 - Artiste peintre","article_publisher":"https:\/\/www.facebook.com\/clairehodde.art\/","article_modified_time":"2025-03-31T19:48:02+00:00","twitter_card":"summary_large_image","schema":{"@context":"https:\/\/schema.org","@graph":[{"@type":"WebPage","@id":"https:\/\/clairehodde.com\/preprod\/blog\/","url":"https:\/\/clairehodde.com\/preprod\/blog\/","name":"Blog boucle de requ\u00eate - Claire Hodd\u00e9 - Artiste peintre","isPartOf":{"@id":"https:\/\/clairehodde.com\/preprod\/#website"},"datePublished":"2025-03-31T14:59:41+00:00","dateModified":"2025-03-31T19:48:02+00:00","description":"Blog de l'artiste contemporaine Claire Hodd\u00e9, professionnelle et autodidacte. Sur un ton simple et humoristique.","breadcrumb":{"@id":"https:\/\/clairehodde.com\/preprod\/blog\/#breadcrumb"},"inLanguage":"fr-FR","potentialAction":[{"@type":"ReadAction","target":["https:\/\/clairehodde.com\/preprod\/blog\/"]}]},{"@type":"BreadcrumbList","@id":"https:\/\/clairehodde.com\/preprod\/blog\/#breadcrumb","itemListElement":[{"@type":"ListItem","position":1,"name":"Accueil","item":"https:\/\/clairehodde.com\/preprod\/"},{"@type":"ListItem","position":2,"name":"Blog boucle de requ\u00eate"}]},{"@type":"WebSite","@id":"https:\/\/clairehodde.com\/preprod\/#website","url":"https:\/\/clairehodde.com\/preprod\/","name":"Claire Hodd\u00e9 - Artiste peintre","description":"R\u00e9v\u00e9ler la force de la vie et les paysages de l\u2019\u00e2me","publisher":{"@id":"https:\/\/clairehodde.com\/preprod\/#\/schema\/person\/d5a8c2047c056dcefe03253eca4d4378"},"potentialAction":[{"@type":"SearchAction","target":{"@type":"EntryPoint","urlTemplate":"https:\/\/clairehodde.com\/preprod\/?s={search_term_string}"},"query-input":{"@type":"PropertyValueSpecification","valueRequired":true,"valueName":"search_term_string"}}],"inLanguage":"fr-FR"},{"@type":["Person","Organization"],"@id":"https:\/\/clairehodde.com\/preprod\/#\/schema\/person\/d5a8c2047c056dcefe03253eca4d4378","name":"Claire Hodd\u00e9","image":{"@type":"ImageObject","inLanguage":"fr-FR","@id":"https:\/\/clairehodde.com\/preprod\/wp-content\/uploads\/2022\/10\/IMG_20220901_110621_arbre_detail_p.jpg","url":"https:\/\/clairehodde.com\/preprod\/wp-content\/uploads\/2022\/10\/IMG_20220901_110621_arbre_detail_p.jpg","contentUrl":"https:\/\/clairehodde.com\/preprod\/wp-content\/uploads\/2022\/10\/IMG_20220901_110621_arbre_detail_p.jpg","width":800,"height":600,"caption":"Claire Hodd\u00e9"},"logo":{"@id":"https:\/\/clairehodde.com\/preprod\/wp-content\/uploads\/2022\/10\/IMG_20220901_110621_arbre_detail_p.jpg"},"sameAs":["http:\/\/clairehodde.com","https:\/\/www.facebook.com\/clairehodde.art\/","https:\/\/www.instagram.com\/clairehodde\/"]}]}},"rttpg_featured_image_url":null,"rttpg_author":{"display_name":"Claire Hodd\u00e9","author_link":"https:\/\/clairehodde.com\/preprod\/author\/admin5576\/"},"rttpg_comment":0,"rttpg_category":null,"rttpg_excerpt":null,"_links":{"self":[{"href":"https:\/\/clairehodde.com\/preprod\/wp-json\/wp\/v2\/pages\/1122","targetHints":{"allow":["GET"]}}],"collection":[{"href":"https:\/\/clairehodde.com\/preprod\/wp-json\/wp\/v2\/pages"}],"about":[{"href":"https:\/\/clairehodde.com\/preprod\/wp-json\/wp\/v2\/types\/page"}],"author":[{"embeddable":true,"href":"https:\/\/clairehodde.com\/preprod\/wp-json\/wp\/v2\/users\/1"}],"replies":[{"embeddable":true,"href":"https:\/\/clairehodde.com\/preprod\/wp-json\/wp\/v2\/comments?post=1122"}],"version-history":[{"count":14,"href":"https:\/\/clairehodde.com\/preprod\/wp-json\/wp\/v2\/pages\/1122\/revisions"}],"predecessor-version":[{"id":1152,"href":"https:\/\/clairehodde.com\/preprod\/wp-json\/wp\/v2\/pages\/1122\/revisions\/1152"}],"wp:attachment":[{"href":"https:\/\/clairehodde.com\/preprod\/wp-json\/wp\/v2\/media?parent=1122"}],"curies":[{"name":"wp","href":"https:\/\/api.w.org\/{rel}","templated":true}]}}