{"id":889,"date":"2024-02-12T18:49:53","date_gmt":"2024-02-12T17:49:53","guid":{"rendered":"https:\/\/clairehodde.com\/?page_id=889"},"modified":"2025-04-08T20:26:48","modified_gmt":"2025-04-08T18:26:48","slug":"biographie","status":"publish","type":"page","link":"https:\/\/clairehodde.com\/preprod\/biographie\/","title":{"rendered":"Biographie"},"content":{"rendered":"\n<div class=\"wp-block-media-text is-stacked-on-mobile\" style=\"grid-template-columns:35% auto\"><figure class=\"wp-block-media-text__media\"><img loading=\"lazy\" decoding=\"async\" width=\"500\" height=\"508\" src=\"https:\/\/clairehodde.com\/preprod\/wp-content\/uploads\/2024\/02\/270A2365_forme-ronde-et-un-angle-carre_petite.png\" alt=\"Portrait de Claire Hodd\u00e9\" class=\"wp-image-890 size-full\" srcset=\"https:\/\/clairehodde.com\/preprod\/wp-content\/uploads\/2024\/02\/270A2365_forme-ronde-et-un-angle-carre_petite.png 500w, https:\/\/clairehodde.com\/preprod\/wp-content\/uploads\/2024\/02\/270A2365_forme-ronde-et-un-angle-carre_petite-207x210.png 207w, https:\/\/clairehodde.com\/preprod\/wp-content\/uploads\/2024\/02\/270A2365_forme-ronde-et-un-angle-carre_petite-295x300.png 295w, https:\/\/clairehodde.com\/preprod\/wp-content\/uploads\/2024\/02\/270A2365_forme-ronde-et-un-angle-carre_petite-100x102.png 100w, https:\/\/clairehodde.com\/preprod\/wp-content\/uploads\/2024\/02\/270A2365_forme-ronde-et-un-angle-carre_petite-150x152.png 150w, https:\/\/clairehodde.com\/preprod\/wp-content\/uploads\/2024\/02\/270A2365_forme-ronde-et-un-angle-carre_petite-200x203.png 200w, https:\/\/clairehodde.com\/preprod\/wp-content\/uploads\/2024\/02\/270A2365_forme-ronde-et-un-angle-carre_petite-300x305.png 300w, https:\/\/clairehodde.com\/preprod\/wp-content\/uploads\/2024\/02\/270A2365_forme-ronde-et-un-angle-carre_petite-450x457.png 450w\" sizes=\"auto, (max-width: 500px) 100vw, 500px\" \/><\/figure><div class=\"wp-block-media-text__content\">\n<p>Je suis devenue <strong>artiste peintre<\/strong> en 2022.<\/p>\n\n\n\n<p>Anciennement informaticienne et biologiste, je me mets \u00e0 dessiner en novembre 2020, au premier jour du confinement. C\u2019est une lib\u00e9ration. Je m\u2019\u00e9vade en dessinant mes humeurs <strong>avec humour et libert\u00e9<\/strong>. <\/p>\n\n\n\n<div class=\"wp-block-media-text has-media-on-the-right is-stacked-on-mobile\" style=\"grid-template-columns:auto 25%\"><div class=\"wp-block-media-text__content\">\n<p>Avec des courbes \u00e9pur\u00e9es, je capture <strong>l\u2019invisible, l\u2019\u00e9motion, l\u2019\u00e9clat de l\u2019\u00eatre<\/strong>.<\/p>\n<\/div><figure class=\"wp-block-media-text__media\"><img loading=\"lazy\" decoding=\"async\" width=\"265\" height=\"300\" src=\"https:\/\/clairehodde.com\/preprod\/wp-content\/uploads\/2024\/02\/ma-contribution-au-monde-detail-1.jpg\" alt=\"D\u00e9poser avec d\u00e9licatesse ma contribution au monde - dessin sketchnote - Claire Hodd\u00e9\" class=\"wp-image-948 size-full\" srcset=\"https:\/\/clairehodde.com\/preprod\/wp-content\/uploads\/2024\/02\/ma-contribution-au-monde-detail-1.jpg 265w, https:\/\/clairehodde.com\/preprod\/wp-content\/uploads\/2024\/02\/ma-contribution-au-monde-detail-1-186x210.jpg 186w, https:\/\/clairehodde.com\/preprod\/wp-content\/uploads\/2024\/02\/ma-contribution-au-monde-detail-1-100x113.jpg 100w, https:\/\/clairehodde.com\/preprod\/wp-content\/uploads\/2024\/02\/ma-contribution-au-monde-detail-1-150x170.jpg 150w, https:\/\/clairehodde.com\/preprod\/wp-content\/uploads\/2024\/02\/ma-contribution-au-monde-detail-1-200x226.jpg 200w\" sizes=\"auto, (max-width: 265px) 100vw, 265px\" \/><\/figure><\/div>\n\n\n\n<p>En 2022, je me tourne vers la peinture et me forme \u00e0 la technique du \u00ab&nbsp;dutch pour&nbsp;\u00bb enseign\u00e9e par <a href=\"https:\/\/rinskedouna.com\/\">Rinske Douna<\/a>. Cette technique consiste \u00e0 verser les couleurs fluides sur la toile, puis de les d\u00e9placer \u00e0 l\u2019aide d\u2019un s\u00e8che cheveux, cr\u00e9ant ainsi un mouvement puissant. Je joue sur la viscosit\u00e9 de la peinture, la densit\u00e9 des pigments et la temp\u00e9rature pour obtenir des effets visuels.<\/p>\n\n\n\n<p><strong>La joie de cr\u00e9er<\/strong> m\u2019inspire \u00e0 me lancer dans une carri\u00e8re artistique.<\/p>\n\n\n\n<p>Je suis actuellement des cours d\u2019abstraction lyrique avec <a href=\"https:\/\/www.artfrancoisevandiedonck.com\/\">Fran\u00e7oise Vandiedonck<\/a>.<\/p>\n\n\n\n<p>J\u2019expose r\u00e9guli\u00e8rement dans le d\u00e9partement du Maine et Loire. Je propose \u00e9galement des d\u00e9monstrations de peinture lors \u00e9v\u00e8nements ponctuels.<\/p>\n<\/div><\/div>\n\n\n\n<h3 class=\"wp-block-heading\" id=\"a-propos\">T\u00e9l\u00e9charger \/ consulter mon portfolio<\/h3>\n\n\n\n<div data-wp-interactive=\"core\/file\" class=\"wp-block-file\"><object data-wp-bind--hidden=\"!state.hasPdfPreview\" hidden class=\"wp-block-file__embed\" data=\"https:\/\/clairehodde.com\/preprod\/wp-content\/uploads\/2024\/02\/Portfolio-Claire-Hodde-ebook.pdf\" type=\"application\/pdf\" style=\"width:100%;height:600px\" aria-label=\"Contenu embarqu\u00e9 Portfolio Claire Hodd\u00e9.\"><\/object><a id=\"wp-block-file--media-a07952f6-9e55-4fb3-bc46-05f659a5470e\" href=\"https:\/\/clairehodde.com\/preprod\/wp-content\/uploads\/2024\/02\/Portfolio-Claire-Hodde-ebook.pdf\">Portfolio Claire Hodd\u00e9<\/a><a href=\"https:\/\/clairehodde.com\/preprod\/wp-content\/uploads\/2024\/02\/Portfolio-Claire-Hodde-ebook.pdf\" class=\"wp-block-file__button wp-element-button\" download aria-describedby=\"wp-block-file--media-a07952f6-9e55-4fb3-bc46-05f659a5470e\">T\u00e9l\u00e9charger<\/a><\/div>\n\n\n\n<p> <\/p>\n","protected":false},"excerpt":{"rendered":"<p>T\u00e9l\u00e9charger \/ consulter mon portfolio<\/p>\n","protected":false},"author":1,"featured_media":0,"parent":0,"menu_order":0,"comment_status":"closed","ping_status":"closed","template":"","meta":{"footnotes":""},"class_list":["post-889","page","type-page","status-publish","hentry"],"yoast_head":"<!-- This site is optimized with the Yoast SEO plugin v27.3 - https:\/\/yoast.com\/product\/yoast-seo-wordpress\/ -->\n<title>Biographie - Claire Hodd\u00e9 - Artiste peintre<\/title>\n<meta name=\"description\" content=\"Biographie de Claire Hodd\u00e9. Artiste peintre professionnelle, Claire est sp\u00e9cialis\u00e9e dans la peinture fluide et l&#039;abstraction lyrique.\" \/>\n<meta name=\"robots\" content=\"index, follow, max-snippet:-1, max-image-preview:large, max-video-preview:-1\" \/>\n<link rel=\"canonical\" href=\"https:\/\/clairehodde.com\/preprod\/biographie\/\" \/>\n<meta property=\"og:locale\" content=\"fr_FR\" \/>\n<meta property=\"og:type\" content=\"article\" \/>\n<meta property=\"og:title\" content=\"Biographie - Claire Hodd\u00e9 - Artiste peintre\" \/>\n<meta property=\"og:description\" content=\"Biographie de Claire Hodd\u00e9. Artiste peintre professionnelle, Claire est sp\u00e9cialis\u00e9e dans la peinture fluide et l&#039;abstraction lyrique.\" \/>\n<meta property=\"og:url\" content=\"https:\/\/clairehodde.com\/preprod\/biographie\/\" \/>\n<meta property=\"og:site_name\" content=\"Claire Hodd\u00e9 - Artiste peintre\" \/>\n<meta property=\"article:publisher\" content=\"https:\/\/www.facebook.com\/clairehodde.art\/\" \/>\n<meta property=\"article:modified_time\" content=\"2025-04-08T18:26:48+00:00\" \/>\n<meta property=\"og:image\" content=\"https:\/\/clairehodde.com\/preprod\/wp-content\/uploads\/2024\/02\/270A2365_forme-ronde-et-un-angle-carre_petite.png\" \/>\n\t<meta property=\"og:image:width\" content=\"500\" \/>\n\t<meta property=\"og:image:height\" content=\"508\" \/>\n\t<meta property=\"og:image:type\" content=\"image\/png\" \/>\n<meta name=\"twitter:card\" content=\"summary_large_image\" \/>\n<meta name=\"twitter:label1\" content=\"Dur\u00e9e de lecture estim\u00e9e\" \/>\n\t<meta name=\"twitter:data1\" content=\"2 minutes\" \/>\n<script type=\"application\/ld+json\" class=\"yoast-schema-graph\">{\"@context\":\"https:\\\/\\\/schema.org\",\"@graph\":[{\"@type\":\"WebPage\",\"@id\":\"https:\\\/\\\/clairehodde.com\\\/preprod\\\/biographie\\\/\",\"url\":\"https:\\\/\\\/clairehodde.com\\\/preprod\\\/biographie\\\/\",\"name\":\"Biographie - Claire Hodd\u00e9 - Artiste peintre\",\"isPartOf\":{\"@id\":\"https:\\\/\\\/clairehodde.com\\\/preprod\\\/#website\"},\"primaryImageOfPage\":{\"@id\":\"https:\\\/\\\/clairehodde.com\\\/preprod\\\/biographie\\\/#primaryimage\"},\"image\":{\"@id\":\"https:\\\/\\\/clairehodde.com\\\/preprod\\\/biographie\\\/#primaryimage\"},\"thumbnailUrl\":\"https:\\\/\\\/clairehodde.com\\\/preprod\\\/wp-content\\\/uploads\\\/2024\\\/02\\\/270A2365_forme-ronde-et-un-angle-carre_petite.png\",\"datePublished\":\"2024-02-12T17:49:53+00:00\",\"dateModified\":\"2025-04-08T18:26:48+00:00\",\"description\":\"Biographie de Claire Hodd\u00e9. Artiste peintre professionnelle, Claire est sp\u00e9cialis\u00e9e dans la peinture fluide et l'abstraction lyrique.\",\"breadcrumb\":{\"@id\":\"https:\\\/\\\/clairehodde.com\\\/preprod\\\/biographie\\\/#breadcrumb\"},\"inLanguage\":\"fr-FR\",\"potentialAction\":[{\"@type\":\"ReadAction\",\"target\":[\"https:\\\/\\\/clairehodde.com\\\/preprod\\\/biographie\\\/\"]}]},{\"@type\":\"ImageObject\",\"inLanguage\":\"fr-FR\",\"@id\":\"https:\\\/\\\/clairehodde.com\\\/preprod\\\/biographie\\\/#primaryimage\",\"url\":\"https:\\\/\\\/clairehodde.com\\\/preprod\\\/wp-content\\\/uploads\\\/2024\\\/02\\\/270A2365_forme-ronde-et-un-angle-carre_petite.png\",\"contentUrl\":\"https:\\\/\\\/clairehodde.com\\\/preprod\\\/wp-content\\\/uploads\\\/2024\\\/02\\\/270A2365_forme-ronde-et-un-angle-carre_petite.png\",\"width\":500,\"height\":508},{\"@type\":\"BreadcrumbList\",\"@id\":\"https:\\\/\\\/clairehodde.com\\\/preprod\\\/biographie\\\/#breadcrumb\",\"itemListElement\":[{\"@type\":\"ListItem\",\"position\":1,\"name\":\"Accueil\",\"item\":\"https:\\\/\\\/clairehodde.com\\\/preprod\\\/\"},{\"@type\":\"ListItem\",\"position\":2,\"name\":\"Biographie\"}]},{\"@type\":\"WebSite\",\"@id\":\"https:\\\/\\\/clairehodde.com\\\/preprod\\\/#website\",\"url\":\"https:\\\/\\\/clairehodde.com\\\/preprod\\\/\",\"name\":\"Claire Hodd\u00e9 - Artiste peintre\",\"description\":\"R\u00e9v\u00e9ler la force de la vie et les paysages de l\u2019\u00e2me\",\"publisher\":{\"@id\":\"https:\\\/\\\/clairehodde.com\\\/preprod\\\/#\\\/schema\\\/person\\\/d5a8c2047c056dcefe03253eca4d4378\"},\"potentialAction\":[{\"@type\":\"SearchAction\",\"target\":{\"@type\":\"EntryPoint\",\"urlTemplate\":\"https:\\\/\\\/clairehodde.com\\\/preprod\\\/?s={search_term_string}\"},\"query-input\":{\"@type\":\"PropertyValueSpecification\",\"valueRequired\":true,\"valueName\":\"search_term_string\"}}],\"inLanguage\":\"fr-FR\"},{\"@type\":[\"Person\",\"Organization\"],\"@id\":\"https:\\\/\\\/clairehodde.com\\\/preprod\\\/#\\\/schema\\\/person\\\/d5a8c2047c056dcefe03253eca4d4378\",\"name\":\"Claire Hodd\u00e9\",\"image\":{\"@type\":\"ImageObject\",\"inLanguage\":\"fr-FR\",\"@id\":\"https:\\\/\\\/clairehodde.com\\\/preprod\\\/wp-content\\\/uploads\\\/2022\\\/10\\\/IMG_20220901_110621_arbre_detail_p.jpg\",\"url\":\"https:\\\/\\\/clairehodde.com\\\/preprod\\\/wp-content\\\/uploads\\\/2022\\\/10\\\/IMG_20220901_110621_arbre_detail_p.jpg\",\"contentUrl\":\"https:\\\/\\\/clairehodde.com\\\/preprod\\\/wp-content\\\/uploads\\\/2022\\\/10\\\/IMG_20220901_110621_arbre_detail_p.jpg\",\"width\":800,\"height\":600,\"caption\":\"Claire Hodd\u00e9\"},\"logo\":{\"@id\":\"https:\\\/\\\/clairehodde.com\\\/preprod\\\/wp-content\\\/uploads\\\/2022\\\/10\\\/IMG_20220901_110621_arbre_detail_p.jpg\"},\"sameAs\":[\"http:\\\/\\\/clairehodde.com\",\"https:\\\/\\\/www.facebook.com\\\/clairehodde.art\\\/\",\"https:\\\/\\\/www.instagram.com\\\/clairehodde\\\/\"]}]}<\/script>\n<!-- \/ Yoast SEO plugin. -->","yoast_head_json":{"title":"Biographie - Claire Hodd\u00e9 - Artiste peintre","description":"Biographie de Claire Hodd\u00e9. Artiste peintre professionnelle, Claire est sp\u00e9cialis\u00e9e dans la peinture fluide et l'abstraction lyrique.","robots":{"index":"index","follow":"follow","max-snippet":"max-snippet:-1","max-image-preview":"max-image-preview:large","max-video-preview":"max-video-preview:-1"},"canonical":"https:\/\/clairehodde.com\/preprod\/biographie\/","og_locale":"fr_FR","og_type":"article","og_title":"Biographie - Claire Hodd\u00e9 - Artiste peintre","og_description":"Biographie de Claire Hodd\u00e9. Artiste peintre professionnelle, Claire est sp\u00e9cialis\u00e9e dans la peinture fluide et l'abstraction lyrique.","og_url":"https:\/\/clairehodde.com\/preprod\/biographie\/","og_site_name":"Claire Hodd\u00e9 - Artiste peintre","article_publisher":"https:\/\/www.facebook.com\/clairehodde.art\/","article_modified_time":"2025-04-08T18:26:48+00:00","og_image":[{"width":500,"height":508,"url":"https:\/\/clairehodde.com\/preprod\/wp-content\/uploads\/2024\/02\/270A2365_forme-ronde-et-un-angle-carre_petite.png","type":"image\/png"}],"twitter_card":"summary_large_image","twitter_misc":{"Dur\u00e9e de lecture estim\u00e9e":"2 minutes"},"schema":{"@context":"https:\/\/schema.org","@graph":[{"@type":"WebPage","@id":"https:\/\/clairehodde.com\/preprod\/biographie\/","url":"https:\/\/clairehodde.com\/preprod\/biographie\/","name":"Biographie - Claire Hodd\u00e9 - Artiste peintre","isPartOf":{"@id":"https:\/\/clairehodde.com\/preprod\/#website"},"primaryImageOfPage":{"@id":"https:\/\/clairehodde.com\/preprod\/biographie\/#primaryimage"},"image":{"@id":"https:\/\/clairehodde.com\/preprod\/biographie\/#primaryimage"},"thumbnailUrl":"https:\/\/clairehodde.com\/preprod\/wp-content\/uploads\/2024\/02\/270A2365_forme-ronde-et-un-angle-carre_petite.png","datePublished":"2024-02-12T17:49:53+00:00","dateModified":"2025-04-08T18:26:48+00:00","description":"Biographie de Claire Hodd\u00e9. Artiste peintre professionnelle, Claire est sp\u00e9cialis\u00e9e dans la peinture fluide et l'abstraction lyrique.","breadcrumb":{"@id":"https:\/\/clairehodde.com\/preprod\/biographie\/#breadcrumb"},"inLanguage":"fr-FR","potentialAction":[{"@type":"ReadAction","target":["https:\/\/clairehodde.com\/preprod\/biographie\/"]}]},{"@type":"ImageObject","inLanguage":"fr-FR","@id":"https:\/\/clairehodde.com\/preprod\/biographie\/#primaryimage","url":"https:\/\/clairehodde.com\/preprod\/wp-content\/uploads\/2024\/02\/270A2365_forme-ronde-et-un-angle-carre_petite.png","contentUrl":"https:\/\/clairehodde.com\/preprod\/wp-content\/uploads\/2024\/02\/270A2365_forme-ronde-et-un-angle-carre_petite.png","width":500,"height":508},{"@type":"BreadcrumbList","@id":"https:\/\/clairehodde.com\/preprod\/biographie\/#breadcrumb","itemListElement":[{"@type":"ListItem","position":1,"name":"Accueil","item":"https:\/\/clairehodde.com\/preprod\/"},{"@type":"ListItem","position":2,"name":"Biographie"}]},{"@type":"WebSite","@id":"https:\/\/clairehodde.com\/preprod\/#website","url":"https:\/\/clairehodde.com\/preprod\/","name":"Claire Hodd\u00e9 - Artiste peintre","description":"R\u00e9v\u00e9ler la force de la vie et les paysages de l\u2019\u00e2me","publisher":{"@id":"https:\/\/clairehodde.com\/preprod\/#\/schema\/person\/d5a8c2047c056dcefe03253eca4d4378"},"potentialAction":[{"@type":"SearchAction","target":{"@type":"EntryPoint","urlTemplate":"https:\/\/clairehodde.com\/preprod\/?s={search_term_string}"},"query-input":{"@type":"PropertyValueSpecification","valueRequired":true,"valueName":"search_term_string"}}],"inLanguage":"fr-FR"},{"@type":["Person","Organization"],"@id":"https:\/\/clairehodde.com\/preprod\/#\/schema\/person\/d5a8c2047c056dcefe03253eca4d4378","name":"Claire Hodd\u00e9","image":{"@type":"ImageObject","inLanguage":"fr-FR","@id":"https:\/\/clairehodde.com\/preprod\/wp-content\/uploads\/2022\/10\/IMG_20220901_110621_arbre_detail_p.jpg","url":"https:\/\/clairehodde.com\/preprod\/wp-content\/uploads\/2022\/10\/IMG_20220901_110621_arbre_detail_p.jpg","contentUrl":"https:\/\/clairehodde.com\/preprod\/wp-content\/uploads\/2022\/10\/IMG_20220901_110621_arbre_detail_p.jpg","width":800,"height":600,"caption":"Claire Hodd\u00e9"},"logo":{"@id":"https:\/\/clairehodde.com\/preprod\/wp-content\/uploads\/2022\/10\/IMG_20220901_110621_arbre_detail_p.jpg"},"sameAs":["http:\/\/clairehodde.com","https:\/\/www.facebook.com\/clairehodde.art\/","https:\/\/www.instagram.com\/clairehodde\/"]}]}},"rttpg_featured_image_url":null,"rttpg_author":{"display_name":"Claire Hodd\u00e9","author_link":"https:\/\/clairehodde.com\/preprod\/author\/admin5576\/"},"rttpg_comment":0,"rttpg_category":null,"rttpg_excerpt":"T\u00e9l\u00e9charger \/ consulter mon portfolio","_links":{"self":[{"href":"https:\/\/clairehodde.com\/preprod\/wp-json\/wp\/v2\/pages\/889","targetHints":{"allow":["GET"]}}],"collection":[{"href":"https:\/\/clairehodde.com\/preprod\/wp-json\/wp\/v2\/pages"}],"about":[{"href":"https:\/\/clairehodde.com\/preprod\/wp-json\/wp\/v2\/types\/page"}],"author":[{"embeddable":true,"href":"https:\/\/clairehodde.com\/preprod\/wp-json\/wp\/v2\/users\/1"}],"replies":[{"embeddable":true,"href":"https:\/\/clairehodde.com\/preprod\/wp-json\/wp\/v2\/comments?post=889"}],"version-history":[{"count":16,"href":"https:\/\/clairehodde.com\/preprod\/wp-json\/wp\/v2\/pages\/889\/revisions"}],"predecessor-version":[{"id":1071,"href":"https:\/\/clairehodde.com\/preprod\/wp-json\/wp\/v2\/pages\/889\/revisions\/1071"}],"wp:attachment":[{"href":"https:\/\/clairehodde.com\/preprod\/wp-json\/wp\/v2\/media?parent=889"}],"curies":[{"name":"wp","href":"https:\/\/api.w.org\/{rel}","templated":true}]}}