{"id":170,"date":"2022-10-08T12:03:10","date_gmt":"2022-10-08T10:03:10","guid":{"rendered":"https:\/\/clairehodde.com\/?post_type=product&#038;p=170"},"modified":"2023-06-15T17:29:09","modified_gmt":"2023-06-15T15:29:09","slug":"oser-ses-couleurs","status":"publish","type":"product","link":"https:\/\/clairehodde.com\/preprod\/produit\/oser-ses-couleurs\/","title":{"rendered":"Oser ses couleurs 20x40cm"},"content":{"rendered":"<p>Acrylique coul\u00e9e et souffl\u00e9e sur toile de coton, fait main.<br \/>\nIl s&rsquo;agit d&rsquo;une peinture unique.<br \/>\nLe tableau est sign\u00e9 et dat\u00e9 au dos de la toile.<\/p>\n<p>Taille : 20x40cm<br \/>\n\u00c9paisseur : 4cm<\/p>\n<p>Les bords du tableau sont peints et pas clout\u00e9s. Vous n&rsquo;\u00eates pas oblig\u00e9s d&rsquo;encadrer ce tableau. Un syst\u00e8me d&rsquo;accroche est install\u00e9.<\/p>\n<p>Finition : deux couches de vernis acrylique satin\u00e9 pour prot\u00e9ger et assurer la long\u00e9vit\u00e9 de l&rsquo;\u0153uvre.<\/p>\n<p>Pays de livraison : France<\/p>\n<p>Int\u00e9ress\u00e9 par une \u0153uvre d&rsquo;art similaire, mais dans une taille\/couleurs diff\u00e9rente ? <a href=\"https:\/\/clairehodde.com\/preprod\/contact\/\">Envoyez-moi votre demande<\/a><\/p>\n","protected":false},"excerpt":{"rendered":"<p>Acrylique sur toile de coton 29x29cm<\/p>\n","protected":false},"featured_media":171,"comment_status":"closed","ping_status":"closed","template":"","meta":[],"product_brand":[],"product_cat":[18,21,20],"product_tag":[23,27,25,26,34],"class_list":{"0":"post-170","1":"product","2":"type-product","3":"status-publish","4":"has-post-thumbnail","6":"product_cat-acrylique","7":"product_cat-chassis-3d","8":"product_cat-toile-de-coton","9":"product_tag-acrylique","10":"product_tag-bleu","11":"product_tag-chassis","12":"product_tag-coton","13":"product_tag-multicolor","15":"first","16":"instock","17":"purchasable","18":"product-type-simple"},"yoast_head":"<!-- This site is optimized with the Yoast SEO plugin v27.3 - https:\/\/yoast.com\/product\/yoast-seo-wordpress\/ -->\n<title>Oser ses couleurs 20x40cm - Claire Hodd\u00e9 - Artiste peintre<\/title>\n<meta name=\"description\" content=\"Visage de femme de profil cheveux au vent multicolore libert\u00e9 \u00e9panouissement color\u00e9 bleu orange Peinture acrylique chassis 3D toile de coton\" \/>\n<meta name=\"robots\" content=\"index, follow, max-snippet:-1, max-image-preview:large, max-video-preview:-1\" \/>\n<link rel=\"canonical\" href=\"https:\/\/clairehodde.com\/preprod\/produit\/oser-ses-couleurs\/\" \/>\n<meta property=\"og:locale\" content=\"fr_FR\" \/>\n<meta property=\"og:type\" content=\"article\" \/>\n<meta property=\"og:title\" content=\"Oser ses couleurs 20x40cm - Claire Hodd\u00e9 - Artiste peintre\" \/>\n<meta property=\"og:description\" content=\"Visage de femme de profil cheveux au vent multicolore libert\u00e9 \u00e9panouissement color\u00e9 bleu orange Peinture acrylique chassis 3D toile de coton\" \/>\n<meta property=\"og:url\" content=\"https:\/\/clairehodde.com\/preprod\/produit\/oser-ses-couleurs\/\" \/>\n<meta property=\"og:site_name\" content=\"Claire Hodd\u00e9 - Artiste peintre\" \/>\n<meta property=\"article:publisher\" content=\"https:\/\/www.facebook.com\/clairehodde.art\/\" \/>\n<meta property=\"article:modified_time\" content=\"2023-06-15T15:29:09+00:00\" \/>\n<meta property=\"og:image\" content=\"https:\/\/clairehodde.com\/preprod\/wp-content\/uploads\/2022\/10\/oser_ses_couleurs1.jpg\" \/>\n\t<meta property=\"og:image:width\" content=\"1080\" \/>\n\t<meta property=\"og:image:height\" content=\"1350\" \/>\n\t<meta property=\"og:image:type\" content=\"image\/jpeg\" \/>\n<meta name=\"twitter:card\" content=\"summary_large_image\" \/>\n<meta name=\"twitter:label1\" content=\"Dur\u00e9e de lecture estim\u00e9e\" \/>\n\t<meta name=\"twitter:data1\" content=\"1 minute\" \/>\n<script type=\"application\/ld+json\" class=\"yoast-schema-graph\">{\"@context\":\"https:\\\/\\\/schema.org\",\"@graph\":[{\"@type\":\"WebPage\",\"@id\":\"https:\\\/\\\/clairehodde.com\\\/preprod\\\/produit\\\/oser-ses-couleurs\\\/\",\"url\":\"https:\\\/\\\/clairehodde.com\\\/preprod\\\/produit\\\/oser-ses-couleurs\\\/\",\"name\":\"Oser ses couleurs 20x40cm - Claire Hodd\u00e9 - Artiste peintre\",\"isPartOf\":{\"@id\":\"https:\\\/\\\/clairehodde.com\\\/preprod\\\/#website\"},\"primaryImageOfPage\":{\"@id\":\"https:\\\/\\\/clairehodde.com\\\/preprod\\\/produit\\\/oser-ses-couleurs\\\/#primaryimage\"},\"image\":{\"@id\":\"https:\\\/\\\/clairehodde.com\\\/preprod\\\/produit\\\/oser-ses-couleurs\\\/#primaryimage\"},\"thumbnailUrl\":\"https:\\\/\\\/clairehodde.com\\\/preprod\\\/wp-content\\\/uploads\\\/2022\\\/10\\\/oser_ses_couleurs1.jpg\",\"datePublished\":\"2022-10-08T10:03:10+00:00\",\"dateModified\":\"2023-06-15T15:29:09+00:00\",\"description\":\"Visage de femme de profil cheveux au vent multicolore libert\u00e9 \u00e9panouissement color\u00e9 bleu orange Peinture acrylique chassis 3D toile de coton\",\"breadcrumb\":{\"@id\":\"https:\\\/\\\/clairehodde.com\\\/preprod\\\/produit\\\/oser-ses-couleurs\\\/#breadcrumb\"},\"inLanguage\":\"fr-FR\",\"potentialAction\":[{\"@type\":\"ReadAction\",\"target\":[\"https:\\\/\\\/clairehodde.com\\\/preprod\\\/produit\\\/oser-ses-couleurs\\\/\"]}]},{\"@type\":\"ImageObject\",\"inLanguage\":\"fr-FR\",\"@id\":\"https:\\\/\\\/clairehodde.com\\\/preprod\\\/produit\\\/oser-ses-couleurs\\\/#primaryimage\",\"url\":\"https:\\\/\\\/clairehodde.com\\\/preprod\\\/wp-content\\\/uploads\\\/2022\\\/10\\\/oser_ses_couleurs1.jpg\",\"contentUrl\":\"https:\\\/\\\/clairehodde.com\\\/preprod\\\/wp-content\\\/uploads\\\/2022\\\/10\\\/oser_ses_couleurs1.jpg\",\"width\":1080,\"height\":1350,\"caption\":\"Visage de femme avec des cheveux multicolores dans le vent\"},{\"@type\":\"BreadcrumbList\",\"@id\":\"https:\\\/\\\/clairehodde.com\\\/preprod\\\/produit\\\/oser-ses-couleurs\\\/#breadcrumb\",\"itemListElement\":[{\"@type\":\"ListItem\",\"position\":1,\"name\":\"Accueil\",\"item\":\"https:\\\/\\\/clairehodde.com\\\/preprod\\\/\"},{\"@type\":\"ListItem\",\"position\":2,\"name\":\"Boutique artistique\",\"item\":\"https:\\\/\\\/clairehodde.com\\\/preprod\\\/boutique\\\/\"},{\"@type\":\"ListItem\",\"position\":3,\"name\":\"Oser ses couleurs 20x40cm\"}]},{\"@type\":\"WebSite\",\"@id\":\"https:\\\/\\\/clairehodde.com\\\/preprod\\\/#website\",\"url\":\"https:\\\/\\\/clairehodde.com\\\/preprod\\\/\",\"name\":\"Claire Hodd\u00e9 - Artiste peintre\",\"description\":\"R\u00e9v\u00e9ler la force de la vie et les paysages de l\u2019\u00e2me\",\"publisher\":{\"@id\":\"https:\\\/\\\/clairehodde.com\\\/preprod\\\/#\\\/schema\\\/person\\\/d5a8c2047c056dcefe03253eca4d4378\"},\"potentialAction\":[{\"@type\":\"SearchAction\",\"target\":{\"@type\":\"EntryPoint\",\"urlTemplate\":\"https:\\\/\\\/clairehodde.com\\\/preprod\\\/?s={search_term_string}\"},\"query-input\":{\"@type\":\"PropertyValueSpecification\",\"valueRequired\":true,\"valueName\":\"search_term_string\"}}],\"inLanguage\":\"fr-FR\"},{\"@type\":[\"Person\",\"Organization\"],\"@id\":\"https:\\\/\\\/clairehodde.com\\\/preprod\\\/#\\\/schema\\\/person\\\/d5a8c2047c056dcefe03253eca4d4378\",\"name\":\"Claire Hodd\u00e9\",\"image\":{\"@type\":\"ImageObject\",\"inLanguage\":\"fr-FR\",\"@id\":\"https:\\\/\\\/clairehodde.com\\\/preprod\\\/wp-content\\\/uploads\\\/2022\\\/10\\\/IMG_20220901_110621_arbre_detail_p.jpg\",\"url\":\"https:\\\/\\\/clairehodde.com\\\/preprod\\\/wp-content\\\/uploads\\\/2022\\\/10\\\/IMG_20220901_110621_arbre_detail_p.jpg\",\"contentUrl\":\"https:\\\/\\\/clairehodde.com\\\/preprod\\\/wp-content\\\/uploads\\\/2022\\\/10\\\/IMG_20220901_110621_arbre_detail_p.jpg\",\"width\":800,\"height\":600,\"caption\":\"Claire Hodd\u00e9\"},\"logo\":{\"@id\":\"https:\\\/\\\/clairehodde.com\\\/preprod\\\/wp-content\\\/uploads\\\/2022\\\/10\\\/IMG_20220901_110621_arbre_detail_p.jpg\"},\"sameAs\":[\"http:\\\/\\\/clairehodde.com\",\"https:\\\/\\\/www.facebook.com\\\/clairehodde.art\\\/\",\"https:\\\/\\\/www.instagram.com\\\/clairehodde\\\/\"]}]}<\/script>\n<!-- \/ Yoast SEO plugin. -->","yoast_head_json":{"title":"Oser ses couleurs 20x40cm - Claire Hodd\u00e9 - Artiste peintre","description":"Visage de femme de profil cheveux au vent multicolore libert\u00e9 \u00e9panouissement color\u00e9 bleu orange Peinture acrylique chassis 3D toile de coton","robots":{"index":"index","follow":"follow","max-snippet":"max-snippet:-1","max-image-preview":"max-image-preview:large","max-video-preview":"max-video-preview:-1"},"canonical":"https:\/\/clairehodde.com\/preprod\/produit\/oser-ses-couleurs\/","og_locale":"fr_FR","og_type":"article","og_title":"Oser ses couleurs 20x40cm - Claire Hodd\u00e9 - Artiste peintre","og_description":"Visage de femme de profil cheveux au vent multicolore libert\u00e9 \u00e9panouissement color\u00e9 bleu orange Peinture acrylique chassis 3D toile de coton","og_url":"https:\/\/clairehodde.com\/preprod\/produit\/oser-ses-couleurs\/","og_site_name":"Claire Hodd\u00e9 - Artiste peintre","article_publisher":"https:\/\/www.facebook.com\/clairehodde.art\/","article_modified_time":"2023-06-15T15:29:09+00:00","og_image":[{"width":1080,"height":1350,"url":"https:\/\/clairehodde.com\/preprod\/wp-content\/uploads\/2022\/10\/oser_ses_couleurs1.jpg","type":"image\/jpeg"}],"twitter_card":"summary_large_image","twitter_misc":{"Dur\u00e9e de lecture estim\u00e9e":"1 minute"},"schema":{"@context":"https:\/\/schema.org","@graph":[{"@type":"WebPage","@id":"https:\/\/clairehodde.com\/preprod\/produit\/oser-ses-couleurs\/","url":"https:\/\/clairehodde.com\/preprod\/produit\/oser-ses-couleurs\/","name":"Oser ses couleurs 20x40cm - Claire Hodd\u00e9 - Artiste peintre","isPartOf":{"@id":"https:\/\/clairehodde.com\/preprod\/#website"},"primaryImageOfPage":{"@id":"https:\/\/clairehodde.com\/preprod\/produit\/oser-ses-couleurs\/#primaryimage"},"image":{"@id":"https:\/\/clairehodde.com\/preprod\/produit\/oser-ses-couleurs\/#primaryimage"},"thumbnailUrl":"https:\/\/clairehodde.com\/preprod\/wp-content\/uploads\/2022\/10\/oser_ses_couleurs1.jpg","datePublished":"2022-10-08T10:03:10+00:00","dateModified":"2023-06-15T15:29:09+00:00","description":"Visage de femme de profil cheveux au vent multicolore libert\u00e9 \u00e9panouissement color\u00e9 bleu orange Peinture acrylique chassis 3D toile de coton","breadcrumb":{"@id":"https:\/\/clairehodde.com\/preprod\/produit\/oser-ses-couleurs\/#breadcrumb"},"inLanguage":"fr-FR","potentialAction":[{"@type":"ReadAction","target":["https:\/\/clairehodde.com\/preprod\/produit\/oser-ses-couleurs\/"]}]},{"@type":"ImageObject","inLanguage":"fr-FR","@id":"https:\/\/clairehodde.com\/preprod\/produit\/oser-ses-couleurs\/#primaryimage","url":"https:\/\/clairehodde.com\/preprod\/wp-content\/uploads\/2022\/10\/oser_ses_couleurs1.jpg","contentUrl":"https:\/\/clairehodde.com\/preprod\/wp-content\/uploads\/2022\/10\/oser_ses_couleurs1.jpg","width":1080,"height":1350,"caption":"Visage de femme avec des cheveux multicolores dans le vent"},{"@type":"BreadcrumbList","@id":"https:\/\/clairehodde.com\/preprod\/produit\/oser-ses-couleurs\/#breadcrumb","itemListElement":[{"@type":"ListItem","position":1,"name":"Accueil","item":"https:\/\/clairehodde.com\/preprod\/"},{"@type":"ListItem","position":2,"name":"Boutique artistique","item":"https:\/\/clairehodde.com\/preprod\/boutique\/"},{"@type":"ListItem","position":3,"name":"Oser ses couleurs 20x40cm"}]},{"@type":"WebSite","@id":"https:\/\/clairehodde.com\/preprod\/#website","url":"https:\/\/clairehodde.com\/preprod\/","name":"Claire Hodd\u00e9 - Artiste peintre","description":"R\u00e9v\u00e9ler la force de la vie et les paysages de l\u2019\u00e2me","publisher":{"@id":"https:\/\/clairehodde.com\/preprod\/#\/schema\/person\/d5a8c2047c056dcefe03253eca4d4378"},"potentialAction":[{"@type":"SearchAction","target":{"@type":"EntryPoint","urlTemplate":"https:\/\/clairehodde.com\/preprod\/?s={search_term_string}"},"query-input":{"@type":"PropertyValueSpecification","valueRequired":true,"valueName":"search_term_string"}}],"inLanguage":"fr-FR"},{"@type":["Person","Organization"],"@id":"https:\/\/clairehodde.com\/preprod\/#\/schema\/person\/d5a8c2047c056dcefe03253eca4d4378","name":"Claire Hodd\u00e9","image":{"@type":"ImageObject","inLanguage":"fr-FR","@id":"https:\/\/clairehodde.com\/preprod\/wp-content\/uploads\/2022\/10\/IMG_20220901_110621_arbre_detail_p.jpg","url":"https:\/\/clairehodde.com\/preprod\/wp-content\/uploads\/2022\/10\/IMG_20220901_110621_arbre_detail_p.jpg","contentUrl":"https:\/\/clairehodde.com\/preprod\/wp-content\/uploads\/2022\/10\/IMG_20220901_110621_arbre_detail_p.jpg","width":800,"height":600,"caption":"Claire Hodd\u00e9"},"logo":{"@id":"https:\/\/clairehodde.com\/preprod\/wp-content\/uploads\/2022\/10\/IMG_20220901_110621_arbre_detail_p.jpg"},"sameAs":["http:\/\/clairehodde.com","https:\/\/www.facebook.com\/clairehodde.art\/","https:\/\/www.instagram.com\/clairehodde\/"]}]}},"_links":{"self":[{"href":"https:\/\/clairehodde.com\/preprod\/wp-json\/wp\/v2\/product\/170","targetHints":{"allow":["GET"]}}],"collection":[{"href":"https:\/\/clairehodde.com\/preprod\/wp-json\/wp\/v2\/product"}],"about":[{"href":"https:\/\/clairehodde.com\/preprod\/wp-json\/wp\/v2\/types\/product"}],"replies":[{"embeddable":true,"href":"https:\/\/clairehodde.com\/preprod\/wp-json\/wp\/v2\/comments?post=170"}],"wp:featuredmedia":[{"embeddable":true,"href":"https:\/\/clairehodde.com\/preprod\/wp-json\/wp\/v2\/media\/171"}],"wp:attachment":[{"href":"https:\/\/clairehodde.com\/preprod\/wp-json\/wp\/v2\/media?parent=170"}],"wp:term":[{"taxonomy":"product_brand","embeddable":true,"href":"https:\/\/clairehodde.com\/preprod\/wp-json\/wp\/v2\/product_brand?post=170"},{"taxonomy":"product_cat","embeddable":true,"href":"https:\/\/clairehodde.com\/preprod\/wp-json\/wp\/v2\/product_cat?post=170"},{"taxonomy":"product_tag","embeddable":true,"href":"https:\/\/clairehodde.com\/preprod\/wp-json\/wp\/v2\/product_tag?post=170"}],"curies":[{"name":"wp","href":"https:\/\/api.w.org\/{rel}","templated":true}]}}