{"id":320,"date":"2022-11-16T22:05:20","date_gmt":"2022-11-16T21:05:20","guid":{"rendered":"https:\/\/clairehodde.com\/?post_type=product&#038;p=320"},"modified":"2023-08-15T07:25:00","modified_gmt":"2023-08-15T05:25:00","slug":"glaieul-emeraude","status":"publish","type":"product","link":"https:\/\/clairehodde.com\/preprod\/produit\/glaieul-emeraude\/","title":{"rendered":"Gla\u00efeul \u00e9meraude 60x60cm"},"content":{"rendered":"<blockquote><p>Entre sol et air, entre la terre et le ciel, les p\u00e9tales de cette fleur de gla\u00efeul \u00e9meraude s&rsquo;\u00e9panouissent vers l&rsquo;ext\u00e9rieur, en un geste d&rsquo;offrande.<\/p><\/blockquote>\n<p>La fleur se manifeste dans tout l&rsquo;\u00e9clat de sa pr\u00e9sence, propageant ses ondes vers ce \u00e0 quoi elle aspire, le pur espace sans limite. Elle est \u00e0 l&rsquo;image d&rsquo;une fontaine qui rejaillit sans cesse des profondeurs de la terre.<\/p>\n<p>Acrylique coul\u00e9e, souffl\u00e9e et tourn\u00e9e sur un plateau, sur toile de coton, fait main.<\/p>\n<p>Le c\u0153ur de la fleur est magenta et poss\u00e8de une t\u00e2che dor\u00e9e. Les cinq p\u00e9tales pr\u00e9sentent des d\u00e9grad\u00e9s de vert menthe, blanc et magenta.<br \/>\nIl s&rsquo;agit d&rsquo;une peinture unique. Cette oeuvre s&rsquo;inspire du travail de <a href=\"https:\/\/rinskedouna.com\/\">Rinske Douna<\/a>.<br \/>\nLe tableau est sign\u00e9 en bas \u00e0 droite de la toile.<\/p>\n<p>Taille : 60x60cm<br \/>\n\u00c9paisseur : 4cm<\/p>\n<p>Les bords du tableau sont peints et pas clout\u00e9s. Vous n&rsquo;\u00eates pas oblig\u00e9s d&rsquo;encadrer ce tableau. Un syst\u00e8me d&rsquo;accroche est install\u00e9.<\/p>\n<p>Finition : deux couches de vernis acrylique satin\u00e9 pour prot\u00e9ger et assurer la long\u00e9vit\u00e9 de l&rsquo;\u0153uvre.<\/p>\n<p>Int\u00e9ress\u00e9 par une \u0153uvre d&rsquo;art similaire, mais dans une taille\/couleurs diff\u00e9rente ? <a href=\"https:\/\/clairehodde.com\/preprod\/contact\/\">Envoyez-moi votre demande<\/a><\/p>\n","protected":false},"excerpt":{"rendered":"<div class=\"sc-gGPAug fnAlKp\">\n<div class=\"sc-gGPAug fnAlKp\">Fleur sur toile de 60x60cm.<\/div>\n<div>\u00ab\u00a0La rose est sans pourquoi, fleurit parce qu&rsquo;elle fleurit;<\/div>\n<div>Sans soucis d&rsquo;elle-m\u00eame ni soucis d&rsquo;\u00eatre vue.\u00a0\u00bb<\/div>\n<div style=\"text-align: right;\">Ang\u00e9lus Silesius, po\u00e8te du XVII si\u00e8cle<\/div>\n<\/div>\n","protected":false},"featured_media":313,"comment_status":"closed","ping_status":"closed","template":"","meta":[],"product_brand":[],"product_cat":[18,21,17,20],"product_tag":[24,23,25,26,36,38,40,37],"class_list":{"0":"post-320","1":"product","2":"type-product","3":"status-publish","4":"has-post-thumbnail","6":"product_cat-acrylique","7":"product_cat-chassis-3d","8":"product_cat-non-classe","9":"product_cat-toile-de-coton","10":"product_tag-60x60cm","11":"product_tag-acrylique","12":"product_tag-chassis","13":"product_tag-coton","14":"product_tag-fleur","15":"product_tag-magenta","16":"product_tag-vert","17":"product_tag-vert-phtalo","19":"first","20":"instock","21":"taxable","22":"shipping-taxable","23":"purchasable","24":"product-type-simple"},"yoast_head":"<!-- This site is optimized with the Yoast SEO plugin v27.3 - https:\/\/yoast.com\/product\/yoast-seo-wordpress\/ -->\n<title>Gla\u00efeul \u00e9meraude 60x60cm - Claire Hodd\u00e9 - Artiste peintre<\/title>\n<meta name=\"description\" content=\"Entre la terre et le ciel, les p\u00e9tales de cette fleur de gla\u00efeul \u00e9meraude s&#039;\u00e9panouissent vers le ciel, en un geste d&#039;offrande. Peinture acrylique.\" \/>\n<meta name=\"robots\" content=\"index, follow, max-snippet:-1, max-image-preview:large, max-video-preview:-1\" \/>\n<link rel=\"canonical\" href=\"https:\/\/clairehodde.com\/preprod\/produit\/glaieul-emeraude\/\" \/>\n<meta property=\"og:locale\" content=\"fr_FR\" \/>\n<meta property=\"og:type\" content=\"article\" \/>\n<meta property=\"og:title\" content=\"Gla\u00efeul \u00e9meraude 60x60cm - Claire Hodd\u00e9 - Artiste peintre\" \/>\n<meta property=\"og:description\" content=\"Entre la terre et le ciel, les p\u00e9tales de cette fleur de gla\u00efeul \u00e9meraude s&#039;\u00e9panouissent vers le ciel, en un geste d&#039;offrande. Peinture acrylique.\" \/>\n<meta property=\"og:url\" content=\"https:\/\/clairehodde.com\/preprod\/produit\/glaieul-emeraude\/\" \/>\n<meta property=\"og:site_name\" content=\"Claire Hodd\u00e9 - Artiste peintre\" \/>\n<meta property=\"article:publisher\" content=\"https:\/\/www.facebook.com\/clairehodde.art\/\" \/>\n<meta property=\"article:modified_time\" content=\"2023-08-15T05:25:00+00:00\" \/>\n<meta property=\"og:image\" content=\"https:\/\/clairehodde.com\/preprod\/wp-content\/uploads\/2022\/11\/fleur_fond_vert_60x60_debout-scaled.jpg\" \/>\n\t<meta property=\"og:image:width\" content=\"2560\" \/>\n\t<meta property=\"og:image:height\" content=\"2546\" \/>\n\t<meta property=\"og:image:type\" content=\"image\/jpeg\" \/>\n<meta name=\"twitter:card\" content=\"summary_large_image\" \/>\n<meta name=\"twitter:label1\" content=\"Dur\u00e9e de lecture estim\u00e9e\" \/>\n\t<meta name=\"twitter:data1\" content=\"1 minute\" \/>\n<script type=\"application\/ld+json\" class=\"yoast-schema-graph\">{\"@context\":\"https:\\\/\\\/schema.org\",\"@graph\":[{\"@type\":\"WebPage\",\"@id\":\"https:\\\/\\\/clairehodde.com\\\/preprod\\\/produit\\\/glaieul-emeraude\\\/\",\"url\":\"https:\\\/\\\/clairehodde.com\\\/preprod\\\/produit\\\/glaieul-emeraude\\\/\",\"name\":\"Gla\u00efeul \u00e9meraude 60x60cm - Claire Hodd\u00e9 - Artiste peintre\",\"isPartOf\":{\"@id\":\"https:\\\/\\\/clairehodde.com\\\/preprod\\\/#website\"},\"primaryImageOfPage\":{\"@id\":\"https:\\\/\\\/clairehodde.com\\\/preprod\\\/produit\\\/glaieul-emeraude\\\/#primaryimage\"},\"image\":{\"@id\":\"https:\\\/\\\/clairehodde.com\\\/preprod\\\/produit\\\/glaieul-emeraude\\\/#primaryimage\"},\"thumbnailUrl\":\"https:\\\/\\\/clairehodde.com\\\/preprod\\\/wp-content\\\/uploads\\\/2022\\\/11\\\/fleur_fond_vert_60x60_debout-scaled.jpg\",\"datePublished\":\"2022-11-16T21:05:20+00:00\",\"dateModified\":\"2023-08-15T05:25:00+00:00\",\"description\":\"Entre la terre et le ciel, les p\u00e9tales de cette fleur de gla\u00efeul \u00e9meraude s'\u00e9panouissent vers le ciel, en un geste d'offrande. Peinture acrylique.\",\"breadcrumb\":{\"@id\":\"https:\\\/\\\/clairehodde.com\\\/preprod\\\/produit\\\/glaieul-emeraude\\\/#breadcrumb\"},\"inLanguage\":\"fr-FR\",\"potentialAction\":[{\"@type\":\"ReadAction\",\"target\":[\"https:\\\/\\\/clairehodde.com\\\/preprod\\\/produit\\\/glaieul-emeraude\\\/\"]}]},{\"@type\":\"ImageObject\",\"inLanguage\":\"fr-FR\",\"@id\":\"https:\\\/\\\/clairehodde.com\\\/preprod\\\/produit\\\/glaieul-emeraude\\\/#primaryimage\",\"url\":\"https:\\\/\\\/clairehodde.com\\\/preprod\\\/wp-content\\\/uploads\\\/2022\\\/11\\\/fleur_fond_vert_60x60_debout-scaled.jpg\",\"contentUrl\":\"https:\\\/\\\/clairehodde.com\\\/preprod\\\/wp-content\\\/uploads\\\/2022\\\/11\\\/fleur_fond_vert_60x60_debout-scaled.jpg\",\"width\":2560,\"height\":2546,\"caption\":\"Gla\u00efeul \u00e9meraude - 60x60cm Acrylique sur toile de coton - inspir\u00e9 de l'oeuvre de Rinske Douna\"},{\"@type\":\"BreadcrumbList\",\"@id\":\"https:\\\/\\\/clairehodde.com\\\/preprod\\\/produit\\\/glaieul-emeraude\\\/#breadcrumb\",\"itemListElement\":[{\"@type\":\"ListItem\",\"position\":1,\"name\":\"Accueil\",\"item\":\"https:\\\/\\\/clairehodde.com\\\/preprod\\\/\"},{\"@type\":\"ListItem\",\"position\":2,\"name\":\"Boutique artistique\",\"item\":\"https:\\\/\\\/clairehodde.com\\\/preprod\\\/boutique\\\/\"},{\"@type\":\"ListItem\",\"position\":3,\"name\":\"Gla\u00efeul \u00e9meraude 60x60cm\"}]},{\"@type\":\"WebSite\",\"@id\":\"https:\\\/\\\/clairehodde.com\\\/preprod\\\/#website\",\"url\":\"https:\\\/\\\/clairehodde.com\\\/preprod\\\/\",\"name\":\"Claire Hodd\u00e9 - Artiste peintre\",\"description\":\"R\u00e9v\u00e9ler la force de la vie et les paysages de l\u2019\u00e2me\",\"publisher\":{\"@id\":\"https:\\\/\\\/clairehodde.com\\\/preprod\\\/#\\\/schema\\\/person\\\/d5a8c2047c056dcefe03253eca4d4378\"},\"potentialAction\":[{\"@type\":\"SearchAction\",\"target\":{\"@type\":\"EntryPoint\",\"urlTemplate\":\"https:\\\/\\\/clairehodde.com\\\/preprod\\\/?s={search_term_string}\"},\"query-input\":{\"@type\":\"PropertyValueSpecification\",\"valueRequired\":true,\"valueName\":\"search_term_string\"}}],\"inLanguage\":\"fr-FR\"},{\"@type\":[\"Person\",\"Organization\"],\"@id\":\"https:\\\/\\\/clairehodde.com\\\/preprod\\\/#\\\/schema\\\/person\\\/d5a8c2047c056dcefe03253eca4d4378\",\"name\":\"Claire Hodd\u00e9\",\"image\":{\"@type\":\"ImageObject\",\"inLanguage\":\"fr-FR\",\"@id\":\"https:\\\/\\\/clairehodde.com\\\/preprod\\\/wp-content\\\/uploads\\\/2022\\\/10\\\/IMG_20220901_110621_arbre_detail_p.jpg\",\"url\":\"https:\\\/\\\/clairehodde.com\\\/preprod\\\/wp-content\\\/uploads\\\/2022\\\/10\\\/IMG_20220901_110621_arbre_detail_p.jpg\",\"contentUrl\":\"https:\\\/\\\/clairehodde.com\\\/preprod\\\/wp-content\\\/uploads\\\/2022\\\/10\\\/IMG_20220901_110621_arbre_detail_p.jpg\",\"width\":800,\"height\":600,\"caption\":\"Claire Hodd\u00e9\"},\"logo\":{\"@id\":\"https:\\\/\\\/clairehodde.com\\\/preprod\\\/wp-content\\\/uploads\\\/2022\\\/10\\\/IMG_20220901_110621_arbre_detail_p.jpg\"},\"sameAs\":[\"http:\\\/\\\/clairehodde.com\",\"https:\\\/\\\/www.facebook.com\\\/clairehodde.art\\\/\",\"https:\\\/\\\/www.instagram.com\\\/clairehodde\\\/\"]}]}<\/script>\n<!-- \/ Yoast SEO plugin. -->","yoast_head_json":{"title":"Gla\u00efeul \u00e9meraude 60x60cm - Claire Hodd\u00e9 - Artiste peintre","description":"Entre la terre et le ciel, les p\u00e9tales de cette fleur de gla\u00efeul \u00e9meraude s'\u00e9panouissent vers le ciel, en un geste d'offrande. Peinture acrylique.","robots":{"index":"index","follow":"follow","max-snippet":"max-snippet:-1","max-image-preview":"max-image-preview:large","max-video-preview":"max-video-preview:-1"},"canonical":"https:\/\/clairehodde.com\/preprod\/produit\/glaieul-emeraude\/","og_locale":"fr_FR","og_type":"article","og_title":"Gla\u00efeul \u00e9meraude 60x60cm - Claire Hodd\u00e9 - Artiste peintre","og_description":"Entre la terre et le ciel, les p\u00e9tales de cette fleur de gla\u00efeul \u00e9meraude s'\u00e9panouissent vers le ciel, en un geste d'offrande. Peinture acrylique.","og_url":"https:\/\/clairehodde.com\/preprod\/produit\/glaieul-emeraude\/","og_site_name":"Claire Hodd\u00e9 - Artiste peintre","article_publisher":"https:\/\/www.facebook.com\/clairehodde.art\/","article_modified_time":"2023-08-15T05:25:00+00:00","og_image":[{"width":2560,"height":2546,"url":"https:\/\/clairehodde.com\/preprod\/wp-content\/uploads\/2022\/11\/fleur_fond_vert_60x60_debout-scaled.jpg","type":"image\/jpeg"}],"twitter_card":"summary_large_image","twitter_misc":{"Dur\u00e9e de lecture estim\u00e9e":"1 minute"},"schema":{"@context":"https:\/\/schema.org","@graph":[{"@type":"WebPage","@id":"https:\/\/clairehodde.com\/preprod\/produit\/glaieul-emeraude\/","url":"https:\/\/clairehodde.com\/preprod\/produit\/glaieul-emeraude\/","name":"Gla\u00efeul \u00e9meraude 60x60cm - Claire Hodd\u00e9 - Artiste peintre","isPartOf":{"@id":"https:\/\/clairehodde.com\/preprod\/#website"},"primaryImageOfPage":{"@id":"https:\/\/clairehodde.com\/preprod\/produit\/glaieul-emeraude\/#primaryimage"},"image":{"@id":"https:\/\/clairehodde.com\/preprod\/produit\/glaieul-emeraude\/#primaryimage"},"thumbnailUrl":"https:\/\/clairehodde.com\/preprod\/wp-content\/uploads\/2022\/11\/fleur_fond_vert_60x60_debout-scaled.jpg","datePublished":"2022-11-16T21:05:20+00:00","dateModified":"2023-08-15T05:25:00+00:00","description":"Entre la terre et le ciel, les p\u00e9tales de cette fleur de gla\u00efeul \u00e9meraude s'\u00e9panouissent vers le ciel, en un geste d'offrande. Peinture acrylique.","breadcrumb":{"@id":"https:\/\/clairehodde.com\/preprod\/produit\/glaieul-emeraude\/#breadcrumb"},"inLanguage":"fr-FR","potentialAction":[{"@type":"ReadAction","target":["https:\/\/clairehodde.com\/preprod\/produit\/glaieul-emeraude\/"]}]},{"@type":"ImageObject","inLanguage":"fr-FR","@id":"https:\/\/clairehodde.com\/preprod\/produit\/glaieul-emeraude\/#primaryimage","url":"https:\/\/clairehodde.com\/preprod\/wp-content\/uploads\/2022\/11\/fleur_fond_vert_60x60_debout-scaled.jpg","contentUrl":"https:\/\/clairehodde.com\/preprod\/wp-content\/uploads\/2022\/11\/fleur_fond_vert_60x60_debout-scaled.jpg","width":2560,"height":2546,"caption":"Gla\u00efeul \u00e9meraude - 60x60cm Acrylique sur toile de coton - inspir\u00e9 de l'oeuvre de Rinske Douna"},{"@type":"BreadcrumbList","@id":"https:\/\/clairehodde.com\/preprod\/produit\/glaieul-emeraude\/#breadcrumb","itemListElement":[{"@type":"ListItem","position":1,"name":"Accueil","item":"https:\/\/clairehodde.com\/preprod\/"},{"@type":"ListItem","position":2,"name":"Boutique artistique","item":"https:\/\/clairehodde.com\/preprod\/boutique\/"},{"@type":"ListItem","position":3,"name":"Gla\u00efeul \u00e9meraude 60x60cm"}]},{"@type":"WebSite","@id":"https:\/\/clairehodde.com\/preprod\/#website","url":"https:\/\/clairehodde.com\/preprod\/","name":"Claire Hodd\u00e9 - Artiste peintre","description":"R\u00e9v\u00e9ler la force de la vie et les paysages de l\u2019\u00e2me","publisher":{"@id":"https:\/\/clairehodde.com\/preprod\/#\/schema\/person\/d5a8c2047c056dcefe03253eca4d4378"},"potentialAction":[{"@type":"SearchAction","target":{"@type":"EntryPoint","urlTemplate":"https:\/\/clairehodde.com\/preprod\/?s={search_term_string}"},"query-input":{"@type":"PropertyValueSpecification","valueRequired":true,"valueName":"search_term_string"}}],"inLanguage":"fr-FR"},{"@type":["Person","Organization"],"@id":"https:\/\/clairehodde.com\/preprod\/#\/schema\/person\/d5a8c2047c056dcefe03253eca4d4378","name":"Claire Hodd\u00e9","image":{"@type":"ImageObject","inLanguage":"fr-FR","@id":"https:\/\/clairehodde.com\/preprod\/wp-content\/uploads\/2022\/10\/IMG_20220901_110621_arbre_detail_p.jpg","url":"https:\/\/clairehodde.com\/preprod\/wp-content\/uploads\/2022\/10\/IMG_20220901_110621_arbre_detail_p.jpg","contentUrl":"https:\/\/clairehodde.com\/preprod\/wp-content\/uploads\/2022\/10\/IMG_20220901_110621_arbre_detail_p.jpg","width":800,"height":600,"caption":"Claire Hodd\u00e9"},"logo":{"@id":"https:\/\/clairehodde.com\/preprod\/wp-content\/uploads\/2022\/10\/IMG_20220901_110621_arbre_detail_p.jpg"},"sameAs":["http:\/\/clairehodde.com","https:\/\/www.facebook.com\/clairehodde.art\/","https:\/\/www.instagram.com\/clairehodde\/"]}]}},"_links":{"self":[{"href":"https:\/\/clairehodde.com\/preprod\/wp-json\/wp\/v2\/product\/320","targetHints":{"allow":["GET"]}}],"collection":[{"href":"https:\/\/clairehodde.com\/preprod\/wp-json\/wp\/v2\/product"}],"about":[{"href":"https:\/\/clairehodde.com\/preprod\/wp-json\/wp\/v2\/types\/product"}],"replies":[{"embeddable":true,"href":"https:\/\/clairehodde.com\/preprod\/wp-json\/wp\/v2\/comments?post=320"}],"wp:featuredmedia":[{"embeddable":true,"href":"https:\/\/clairehodde.com\/preprod\/wp-json\/wp\/v2\/media\/313"}],"wp:attachment":[{"href":"https:\/\/clairehodde.com\/preprod\/wp-json\/wp\/v2\/media?parent=320"}],"wp:term":[{"taxonomy":"product_brand","embeddable":true,"href":"https:\/\/clairehodde.com\/preprod\/wp-json\/wp\/v2\/product_brand?post=320"},{"taxonomy":"product_cat","embeddable":true,"href":"https:\/\/clairehodde.com\/preprod\/wp-json\/wp\/v2\/product_cat?post=320"},{"taxonomy":"product_tag","embeddable":true,"href":"https:\/\/clairehodde.com\/preprod\/wp-json\/wp\/v2\/product_tag?post=320"}],"curies":[{"name":"wp","href":"https:\/\/api.w.org\/{rel}","templated":true}]}}