{"id":394,"date":"2023-03-28T22:20:21","date_gmt":"2023-03-28T20:20:21","guid":{"rendered":"https:\/\/clairehodde.com\/?post_type=product&#038;p=394"},"modified":"2024-01-31T22:40:49","modified_gmt":"2024-01-31T21:40:49","slug":"bouddha","status":"publish","type":"product","link":"https:\/\/clairehodde.com\/preprod\/produit\/bouddha\/","title":{"rendered":"Bouddha de diam\u00e8tre 30cm"},"content":{"rendered":"<p>Technique mixte : Acrylique coul\u00e9e, puis gliss\u00e9e avec un couteau, puis tourn\u00e9e sur plateau.<br \/>\nIl s&rsquo;agit d&rsquo;une peinture unique r\u00e9alis\u00e9e sur un plateau de bois.<br \/>\nLe tableau est sign\u00e9 sur l&rsquo;endroit.<\/p>\n<p>Taille : diam\u00e8tre 30cm<br \/>\n\u00c9paisseur : 6mm<\/p>\n<p>Finition : deux couches de vernis acrylique satin\u00e9 pour prot\u00e9ger et assurer la long\u00e9vit\u00e9 de l&rsquo;\u0153uvre.<\/p>\n<p>Un syst\u00e8me d&rsquo;accroche est install\u00e9.<\/p>\n<p>Pays de livraison : France<\/p>\n<p>Cette peinture est actuellement expos\u00e9e en chambre d&rsquo;h\u00f4tes en Vend\u00e9e.<\/p>\n<p>Int\u00e9ress\u00e9 par une \u0153uvre d&rsquo;art similaire, mais dans une taille\/couleurs diff\u00e9rente ? <a href=\"https:\/\/clairehodde.com\/preprod\/contact\/\">Envoyez-moi votre demande<\/a><\/p>\n","protected":false},"excerpt":{"rendered":"<p>Peinture abstraite \u00e0 dominante bleue et rose. R\u00e9alis\u00e9e sur bois, de diam\u00e8tre 30cm. La peinture acrylique a \u00e9t\u00e9 vers\u00e9e puis gliss\u00e9e avec un couteau, avant d&rsquo;\u00eatre tourn\u00e9e sur un plateau.<\/p>\n","protected":false},"featured_media":393,"comment_status":"closed","ping_status":"closed","template":"","meta":[],"product_brand":[],"product_cat":[18,21,20],"product_tag":[45,23,27,50,51,31],"class_list":{"0":"post-394","1":"product","2":"type-product","3":"status-publish","4":"has-post-thumbnail","6":"product_cat-acrylique","7":"product_cat-chassis-3d","8":"product_cat-toile-de-coton","9":"product_tag-abstrait","10":"product_tag-acrylique","11":"product_tag-bleu","12":"product_tag-bois","13":"product_tag-rond","14":"product_tag-rose","16":"first","17":"instock","18":"purchasable","19":"product-type-simple"},"yoast_head":"<!-- This site is optimized with the Yoast SEO plugin v27.3 - https:\/\/yoast.com\/product\/yoast-seo-wordpress\/ -->\n<title>Bouddha de diam\u00e8tre 30cm - Claire Hodd\u00e9 - Artiste peintre<\/title>\n<meta name=\"description\" content=\"Peinture abstraite sur bois. Les couleurs dominantes sont le bleu et le rose, et on peut y voir un bouddha assis, ou autre chose !\" \/>\n<meta name=\"robots\" content=\"index, follow, max-snippet:-1, max-image-preview:large, max-video-preview:-1\" \/>\n<link rel=\"canonical\" href=\"https:\/\/clairehodde.com\/preprod\/produit\/bouddha\/\" \/>\n<meta property=\"og:locale\" content=\"fr_FR\" \/>\n<meta property=\"og:type\" content=\"article\" \/>\n<meta property=\"og:title\" content=\"Bouddha de diam\u00e8tre 30cm - Claire Hodd\u00e9 - Artiste peintre\" \/>\n<meta property=\"og:description\" content=\"Peinture abstraite sur bois. Les couleurs dominantes sont le bleu et le rose, et on peut y voir un bouddha assis, ou autre chose !\" \/>\n<meta property=\"og:url\" content=\"https:\/\/clairehodde.com\/preprod\/produit\/bouddha\/\" \/>\n<meta property=\"og:site_name\" content=\"Claire Hodd\u00e9 - Artiste peintre\" \/>\n<meta property=\"article:publisher\" content=\"https:\/\/www.facebook.com\/clairehodde.art\/\" \/>\n<meta property=\"article:modified_time\" content=\"2024-01-31T21:40:49+00:00\" \/>\n<meta property=\"og:image\" content=\"https:\/\/clairehodde.com\/preprod\/wp-content\/uploads\/2023\/03\/bouddha.jpg\" \/>\n\t<meta property=\"og:image:width\" content=\"1000\" \/>\n\t<meta property=\"og:image:height\" content=\"1000\" \/>\n\t<meta property=\"og:image:type\" content=\"image\/jpeg\" \/>\n<meta name=\"twitter:card\" content=\"summary_large_image\" \/>\n<meta name=\"twitter:label1\" content=\"Dur\u00e9e de lecture estim\u00e9e\" \/>\n\t<meta name=\"twitter:data1\" content=\"1 minute\" \/>\n<script type=\"application\/ld+json\" class=\"yoast-schema-graph\">{\"@context\":\"https:\\\/\\\/schema.org\",\"@graph\":[{\"@type\":\"WebPage\",\"@id\":\"https:\\\/\\\/clairehodde.com\\\/preprod\\\/produit\\\/bouddha\\\/\",\"url\":\"https:\\\/\\\/clairehodde.com\\\/preprod\\\/produit\\\/bouddha\\\/\",\"name\":\"Bouddha de diam\u00e8tre 30cm - Claire Hodd\u00e9 - Artiste peintre\",\"isPartOf\":{\"@id\":\"https:\\\/\\\/clairehodde.com\\\/preprod\\\/#website\"},\"primaryImageOfPage\":{\"@id\":\"https:\\\/\\\/clairehodde.com\\\/preprod\\\/produit\\\/bouddha\\\/#primaryimage\"},\"image\":{\"@id\":\"https:\\\/\\\/clairehodde.com\\\/preprod\\\/produit\\\/bouddha\\\/#primaryimage\"},\"thumbnailUrl\":\"https:\\\/\\\/clairehodde.com\\\/preprod\\\/wp-content\\\/uploads\\\/2023\\\/03\\\/bouddha.jpg\",\"datePublished\":\"2023-03-28T20:20:21+00:00\",\"dateModified\":\"2024-01-31T21:40:49+00:00\",\"description\":\"Peinture abstraite sur bois. Les couleurs dominantes sont le bleu et le rose, et on peut y voir un bouddha assis, ou autre chose !\",\"breadcrumb\":{\"@id\":\"https:\\\/\\\/clairehodde.com\\\/preprod\\\/produit\\\/bouddha\\\/#breadcrumb\"},\"inLanguage\":\"fr-FR\",\"potentialAction\":[{\"@type\":\"ReadAction\",\"target\":[\"https:\\\/\\\/clairehodde.com\\\/preprod\\\/produit\\\/bouddha\\\/\"]}]},{\"@type\":\"ImageObject\",\"inLanguage\":\"fr-FR\",\"@id\":\"https:\\\/\\\/clairehodde.com\\\/preprod\\\/produit\\\/bouddha\\\/#primaryimage\",\"url\":\"https:\\\/\\\/clairehodde.com\\\/preprod\\\/wp-content\\\/uploads\\\/2023\\\/03\\\/bouddha.jpg\",\"contentUrl\":\"https:\\\/\\\/clairehodde.com\\\/preprod\\\/wp-content\\\/uploads\\\/2023\\\/03\\\/bouddha.jpg\",\"width\":1000,\"height\":1000,\"caption\":\"bouddha\"},{\"@type\":\"BreadcrumbList\",\"@id\":\"https:\\\/\\\/clairehodde.com\\\/preprod\\\/produit\\\/bouddha\\\/#breadcrumb\",\"itemListElement\":[{\"@type\":\"ListItem\",\"position\":1,\"name\":\"Accueil\",\"item\":\"https:\\\/\\\/clairehodde.com\\\/preprod\\\/\"},{\"@type\":\"ListItem\",\"position\":2,\"name\":\"Boutique artistique\",\"item\":\"https:\\\/\\\/clairehodde.com\\\/preprod\\\/boutique\\\/\"},{\"@type\":\"ListItem\",\"position\":3,\"name\":\"Bouddha de diam\u00e8tre 30cm\"}]},{\"@type\":\"WebSite\",\"@id\":\"https:\\\/\\\/clairehodde.com\\\/preprod\\\/#website\",\"url\":\"https:\\\/\\\/clairehodde.com\\\/preprod\\\/\",\"name\":\"Claire Hodd\u00e9 - Artiste peintre\",\"description\":\"R\u00e9v\u00e9ler la force de la vie et les paysages de l\u2019\u00e2me\",\"publisher\":{\"@id\":\"https:\\\/\\\/clairehodde.com\\\/preprod\\\/#\\\/schema\\\/person\\\/d5a8c2047c056dcefe03253eca4d4378\"},\"potentialAction\":[{\"@type\":\"SearchAction\",\"target\":{\"@type\":\"EntryPoint\",\"urlTemplate\":\"https:\\\/\\\/clairehodde.com\\\/preprod\\\/?s={search_term_string}\"},\"query-input\":{\"@type\":\"PropertyValueSpecification\",\"valueRequired\":true,\"valueName\":\"search_term_string\"}}],\"inLanguage\":\"fr-FR\"},{\"@type\":[\"Person\",\"Organization\"],\"@id\":\"https:\\\/\\\/clairehodde.com\\\/preprod\\\/#\\\/schema\\\/person\\\/d5a8c2047c056dcefe03253eca4d4378\",\"name\":\"Claire Hodd\u00e9\",\"image\":{\"@type\":\"ImageObject\",\"inLanguage\":\"fr-FR\",\"@id\":\"https:\\\/\\\/clairehodde.com\\\/preprod\\\/wp-content\\\/uploads\\\/2022\\\/10\\\/IMG_20220901_110621_arbre_detail_p.jpg\",\"url\":\"https:\\\/\\\/clairehodde.com\\\/preprod\\\/wp-content\\\/uploads\\\/2022\\\/10\\\/IMG_20220901_110621_arbre_detail_p.jpg\",\"contentUrl\":\"https:\\\/\\\/clairehodde.com\\\/preprod\\\/wp-content\\\/uploads\\\/2022\\\/10\\\/IMG_20220901_110621_arbre_detail_p.jpg\",\"width\":800,\"height\":600,\"caption\":\"Claire Hodd\u00e9\"},\"logo\":{\"@id\":\"https:\\\/\\\/clairehodde.com\\\/preprod\\\/wp-content\\\/uploads\\\/2022\\\/10\\\/IMG_20220901_110621_arbre_detail_p.jpg\"},\"sameAs\":[\"http:\\\/\\\/clairehodde.com\",\"https:\\\/\\\/www.facebook.com\\\/clairehodde.art\\\/\",\"https:\\\/\\\/www.instagram.com\\\/clairehodde\\\/\"]}]}<\/script>\n<!-- \/ Yoast SEO plugin. -->","yoast_head_json":{"title":"Bouddha de diam\u00e8tre 30cm - Claire Hodd\u00e9 - Artiste peintre","description":"Peinture abstraite sur bois. Les couleurs dominantes sont le bleu et le rose, et on peut y voir un bouddha assis, ou autre chose !","robots":{"index":"index","follow":"follow","max-snippet":"max-snippet:-1","max-image-preview":"max-image-preview:large","max-video-preview":"max-video-preview:-1"},"canonical":"https:\/\/clairehodde.com\/preprod\/produit\/bouddha\/","og_locale":"fr_FR","og_type":"article","og_title":"Bouddha de diam\u00e8tre 30cm - Claire Hodd\u00e9 - Artiste peintre","og_description":"Peinture abstraite sur bois. Les couleurs dominantes sont le bleu et le rose, et on peut y voir un bouddha assis, ou autre chose !","og_url":"https:\/\/clairehodde.com\/preprod\/produit\/bouddha\/","og_site_name":"Claire Hodd\u00e9 - Artiste peintre","article_publisher":"https:\/\/www.facebook.com\/clairehodde.art\/","article_modified_time":"2024-01-31T21:40:49+00:00","og_image":[{"width":1000,"height":1000,"url":"https:\/\/clairehodde.com\/preprod\/wp-content\/uploads\/2023\/03\/bouddha.jpg","type":"image\/jpeg"}],"twitter_card":"summary_large_image","twitter_misc":{"Dur\u00e9e de lecture estim\u00e9e":"1 minute"},"schema":{"@context":"https:\/\/schema.org","@graph":[{"@type":"WebPage","@id":"https:\/\/clairehodde.com\/preprod\/produit\/bouddha\/","url":"https:\/\/clairehodde.com\/preprod\/produit\/bouddha\/","name":"Bouddha de diam\u00e8tre 30cm - Claire Hodd\u00e9 - Artiste peintre","isPartOf":{"@id":"https:\/\/clairehodde.com\/preprod\/#website"},"primaryImageOfPage":{"@id":"https:\/\/clairehodde.com\/preprod\/produit\/bouddha\/#primaryimage"},"image":{"@id":"https:\/\/clairehodde.com\/preprod\/produit\/bouddha\/#primaryimage"},"thumbnailUrl":"https:\/\/clairehodde.com\/preprod\/wp-content\/uploads\/2023\/03\/bouddha.jpg","datePublished":"2023-03-28T20:20:21+00:00","dateModified":"2024-01-31T21:40:49+00:00","description":"Peinture abstraite sur bois. Les couleurs dominantes sont le bleu et le rose, et on peut y voir un bouddha assis, ou autre chose !","breadcrumb":{"@id":"https:\/\/clairehodde.com\/preprod\/produit\/bouddha\/#breadcrumb"},"inLanguage":"fr-FR","potentialAction":[{"@type":"ReadAction","target":["https:\/\/clairehodde.com\/preprod\/produit\/bouddha\/"]}]},{"@type":"ImageObject","inLanguage":"fr-FR","@id":"https:\/\/clairehodde.com\/preprod\/produit\/bouddha\/#primaryimage","url":"https:\/\/clairehodde.com\/preprod\/wp-content\/uploads\/2023\/03\/bouddha.jpg","contentUrl":"https:\/\/clairehodde.com\/preprod\/wp-content\/uploads\/2023\/03\/bouddha.jpg","width":1000,"height":1000,"caption":"bouddha"},{"@type":"BreadcrumbList","@id":"https:\/\/clairehodde.com\/preprod\/produit\/bouddha\/#breadcrumb","itemListElement":[{"@type":"ListItem","position":1,"name":"Accueil","item":"https:\/\/clairehodde.com\/preprod\/"},{"@type":"ListItem","position":2,"name":"Boutique artistique","item":"https:\/\/clairehodde.com\/preprod\/boutique\/"},{"@type":"ListItem","position":3,"name":"Bouddha de diam\u00e8tre 30cm"}]},{"@type":"WebSite","@id":"https:\/\/clairehodde.com\/preprod\/#website","url":"https:\/\/clairehodde.com\/preprod\/","name":"Claire Hodd\u00e9 - Artiste peintre","description":"R\u00e9v\u00e9ler la force de la vie et les paysages de l\u2019\u00e2me","publisher":{"@id":"https:\/\/clairehodde.com\/preprod\/#\/schema\/person\/d5a8c2047c056dcefe03253eca4d4378"},"potentialAction":[{"@type":"SearchAction","target":{"@type":"EntryPoint","urlTemplate":"https:\/\/clairehodde.com\/preprod\/?s={search_term_string}"},"query-input":{"@type":"PropertyValueSpecification","valueRequired":true,"valueName":"search_term_string"}}],"inLanguage":"fr-FR"},{"@type":["Person","Organization"],"@id":"https:\/\/clairehodde.com\/preprod\/#\/schema\/person\/d5a8c2047c056dcefe03253eca4d4378","name":"Claire Hodd\u00e9","image":{"@type":"ImageObject","inLanguage":"fr-FR","@id":"https:\/\/clairehodde.com\/preprod\/wp-content\/uploads\/2022\/10\/IMG_20220901_110621_arbre_detail_p.jpg","url":"https:\/\/clairehodde.com\/preprod\/wp-content\/uploads\/2022\/10\/IMG_20220901_110621_arbre_detail_p.jpg","contentUrl":"https:\/\/clairehodde.com\/preprod\/wp-content\/uploads\/2022\/10\/IMG_20220901_110621_arbre_detail_p.jpg","width":800,"height":600,"caption":"Claire Hodd\u00e9"},"logo":{"@id":"https:\/\/clairehodde.com\/preprod\/wp-content\/uploads\/2022\/10\/IMG_20220901_110621_arbre_detail_p.jpg"},"sameAs":["http:\/\/clairehodde.com","https:\/\/www.facebook.com\/clairehodde.art\/","https:\/\/www.instagram.com\/clairehodde\/"]}]}},"_links":{"self":[{"href":"https:\/\/clairehodde.com\/preprod\/wp-json\/wp\/v2\/product\/394","targetHints":{"allow":["GET"]}}],"collection":[{"href":"https:\/\/clairehodde.com\/preprod\/wp-json\/wp\/v2\/product"}],"about":[{"href":"https:\/\/clairehodde.com\/preprod\/wp-json\/wp\/v2\/types\/product"}],"replies":[{"embeddable":true,"href":"https:\/\/clairehodde.com\/preprod\/wp-json\/wp\/v2\/comments?post=394"}],"wp:featuredmedia":[{"embeddable":true,"href":"https:\/\/clairehodde.com\/preprod\/wp-json\/wp\/v2\/media\/393"}],"wp:attachment":[{"href":"https:\/\/clairehodde.com\/preprod\/wp-json\/wp\/v2\/media?parent=394"}],"wp:term":[{"taxonomy":"product_brand","embeddable":true,"href":"https:\/\/clairehodde.com\/preprod\/wp-json\/wp\/v2\/product_brand?post=394"},{"taxonomy":"product_cat","embeddable":true,"href":"https:\/\/clairehodde.com\/preprod\/wp-json\/wp\/v2\/product_cat?post=394"},{"taxonomy":"product_tag","embeddable":true,"href":"https:\/\/clairehodde.com\/preprod\/wp-json\/wp\/v2\/product_tag?post=394"}],"curies":[{"name":"wp","href":"https:\/\/api.w.org\/{rel}","templated":true}]}}