{"id":395,"date":"2023-03-31T23:08:59","date_gmt":"2023-03-31T21:08:59","guid":{"rendered":"https:\/\/clairehodde.com\/?post_type=product&#038;p=395"},"modified":"2024-02-04T08:56:06","modified_gmt":"2024-02-04T07:56:06","slug":"galaxie-29x29cm","status":"publish","type":"product","link":"https:\/\/clairehodde.com\/preprod\/produit\/galaxie-29x29cm\/","title":{"rendered":"Galaxie 29x29cm"},"content":{"rendered":"<p>Flaque de peinture tourn\u00e9e sur un plateau. Le titre sugg\u00e8re une galaxie en expansion.<br clear=\"none\" \/>L&rsquo;\u00e9l\u00e9ment liquide mis en mouvement d\u00e9gage une \u00e9nergie vibrante, un puissant \u00e9lan de vie.<br clear=\"none\" \/>Ma fille de 8 ans a particip\u00e9 \u00e0 la r\u00e9alisation de cette toile. De cette collaboration est n\u00e9e GALAXIE, une \u0153uvre cr\u00e9\u00e9e \u00e0 quatre mains et sign\u00e9e par les deux artistes sur l&rsquo;endroit.<\/p>\n<p>Il s&rsquo;agit d&rsquo;une peinture unique r\u00e9alis\u00e9e sur une toile de coton de 29x29cm.<\/p>\n<p>Taille : 29x29cm<br \/>\n\u00c9paisseur : 4cm<\/p>\n<p>Les bords du tableau sont peints et pas clout\u00e9s. Vous n&rsquo;\u00eates pas oblig\u00e9s d&rsquo;encadrer ce tableau. Un syst\u00e8me d&rsquo;accroche est install\u00e9.<\/p>\n<p>Finition : deux couches de vernis acrylique satin\u00e9 pour prot\u00e9ger et assurer la long\u00e9vit\u00e9 de l&rsquo;\u0153uvre.<\/p>\n<p>Pays de livraison : France<\/p>\n<p>Cette toile est actuellement expos\u00e9e en chambre d&rsquo;h\u00f4tes en Vend\u00e9e.<\/p>\n<p>Int\u00e9ress\u00e9 par une \u0153uvre d&rsquo;art similaire, mais dans une taille\/couleurs diff\u00e9rente ? <a href=\"https:\/\/clairehodde.com\/preprod\/contact\/\">Envoyez-moi votre demande<\/a><\/p>\n","protected":false},"excerpt":{"rendered":"<p>2023<br \/>\nAcrylique et huile de silicone sur toile de coton ch\u00e2ssis 3D<\/p>\n","protected":false},"featured_media":858,"comment_status":"closed","ping_status":"closed","template":"","meta":[],"product_brand":[],"product_cat":[18,21,20],"product_tag":[32,45,23,27,25,26,31],"class_list":{"0":"post-395","1":"product","2":"type-product","3":"status-publish","4":"has-post-thumbnail","6":"product_cat-acrylique","7":"product_cat-chassis-3d","8":"product_cat-toile-de-coton","9":"product_tag-29x29cm","10":"product_tag-abstrait","11":"product_tag-acrylique","12":"product_tag-bleu","13":"product_tag-chassis","14":"product_tag-coton","15":"product_tag-rose","17":"first","18":"instock","19":"purchasable","20":"product-type-simple"},"yoast_head":"<!-- This site is optimized with the Yoast SEO plugin v27.3 - https:\/\/yoast.com\/product\/yoast-seo-wordpress\/ -->\n<title>Galaxie 29x29cm - Claire Hodd\u00e9 - Artiste peintre<\/title>\n<meta name=\"description\" content=\"Peinture abstraite sur toile, r\u00e9alis\u00e9e \u00e0 quatre mains avec ma fille de 8 ans. L&#039;ensemble \u00e9voque une galaxie en expansion.\" \/>\n<meta name=\"robots\" content=\"index, follow, max-snippet:-1, max-image-preview:large, max-video-preview:-1\" \/>\n<link rel=\"canonical\" href=\"https:\/\/clairehodde.com\/preprod\/produit\/galaxie-29x29cm\/\" \/>\n<meta property=\"og:locale\" content=\"fr_FR\" \/>\n<meta property=\"og:type\" content=\"article\" \/>\n<meta property=\"og:title\" content=\"Galaxie 29x29cm - Claire Hodd\u00e9 - Artiste peintre\" \/>\n<meta property=\"og:description\" content=\"Peinture abstraite sur toile, r\u00e9alis\u00e9e \u00e0 quatre mains avec ma fille de 8 ans. L&#039;ensemble \u00e9voque une galaxie en expansion.\" \/>\n<meta property=\"og:url\" content=\"https:\/\/clairehodde.com\/preprod\/produit\/galaxie-29x29cm\/\" \/>\n<meta property=\"og:site_name\" content=\"Claire Hodd\u00e9 - Artiste peintre\" \/>\n<meta property=\"article:publisher\" content=\"https:\/\/www.facebook.com\/clairehodde.art\/\" \/>\n<meta property=\"article:modified_time\" content=\"2024-02-04T07:56:06+00:00\" \/>\n<meta property=\"og:image\" content=\"https:\/\/clairehodde.com\/preprod\/wp-content\/uploads\/2023\/03\/galaxie-1.jpg\" \/>\n\t<meta property=\"og:image:width\" content=\"2000\" \/>\n\t<meta property=\"og:image:height\" content=\"2000\" \/>\n\t<meta property=\"og:image:type\" content=\"image\/jpeg\" \/>\n<meta name=\"twitter:card\" content=\"summary_large_image\" \/>\n<meta name=\"twitter:label1\" content=\"Dur\u00e9e de lecture estim\u00e9e\" \/>\n\t<meta name=\"twitter:data1\" content=\"1 minute\" \/>\n<script type=\"application\/ld+json\" class=\"yoast-schema-graph\">{\"@context\":\"https:\\\/\\\/schema.org\",\"@graph\":[{\"@type\":\"WebPage\",\"@id\":\"https:\\\/\\\/clairehodde.com\\\/preprod\\\/produit\\\/galaxie-29x29cm\\\/\",\"url\":\"https:\\\/\\\/clairehodde.com\\\/preprod\\\/produit\\\/galaxie-29x29cm\\\/\",\"name\":\"Galaxie 29x29cm - Claire Hodd\u00e9 - Artiste peintre\",\"isPartOf\":{\"@id\":\"https:\\\/\\\/clairehodde.com\\\/preprod\\\/#website\"},\"primaryImageOfPage\":{\"@id\":\"https:\\\/\\\/clairehodde.com\\\/preprod\\\/produit\\\/galaxie-29x29cm\\\/#primaryimage\"},\"image\":{\"@id\":\"https:\\\/\\\/clairehodde.com\\\/preprod\\\/produit\\\/galaxie-29x29cm\\\/#primaryimage\"},\"thumbnailUrl\":\"https:\\\/\\\/clairehodde.com\\\/preprod\\\/wp-content\\\/uploads\\\/2023\\\/03\\\/galaxie-1.jpg\",\"datePublished\":\"2023-03-31T21:08:59+00:00\",\"dateModified\":\"2024-02-04T07:56:06+00:00\",\"description\":\"Peinture abstraite sur toile, r\u00e9alis\u00e9e \u00e0 quatre mains avec ma fille de 8 ans. L'ensemble \u00e9voque une galaxie en expansion.\",\"breadcrumb\":{\"@id\":\"https:\\\/\\\/clairehodde.com\\\/preprod\\\/produit\\\/galaxie-29x29cm\\\/#breadcrumb\"},\"inLanguage\":\"fr-FR\",\"potentialAction\":[{\"@type\":\"ReadAction\",\"target\":[\"https:\\\/\\\/clairehodde.com\\\/preprod\\\/produit\\\/galaxie-29x29cm\\\/\"]}]},{\"@type\":\"ImageObject\",\"inLanguage\":\"fr-FR\",\"@id\":\"https:\\\/\\\/clairehodde.com\\\/preprod\\\/produit\\\/galaxie-29x29cm\\\/#primaryimage\",\"url\":\"https:\\\/\\\/clairehodde.com\\\/preprod\\\/wp-content\\\/uploads\\\/2023\\\/03\\\/galaxie-1.jpg\",\"contentUrl\":\"https:\\\/\\\/clairehodde.com\\\/preprod\\\/wp-content\\\/uploads\\\/2023\\\/03\\\/galaxie-1.jpg\",\"width\":2000,\"height\":2000,\"caption\":\"Galaxie - 29x29cm - 2023 - Acrylique et huile de silicone\"},{\"@type\":\"BreadcrumbList\",\"@id\":\"https:\\\/\\\/clairehodde.com\\\/preprod\\\/produit\\\/galaxie-29x29cm\\\/#breadcrumb\",\"itemListElement\":[{\"@type\":\"ListItem\",\"position\":1,\"name\":\"Accueil\",\"item\":\"https:\\\/\\\/clairehodde.com\\\/preprod\\\/\"},{\"@type\":\"ListItem\",\"position\":2,\"name\":\"Boutique artistique\",\"item\":\"https:\\\/\\\/clairehodde.com\\\/preprod\\\/boutique\\\/\"},{\"@type\":\"ListItem\",\"position\":3,\"name\":\"Galaxie 29x29cm\"}]},{\"@type\":\"WebSite\",\"@id\":\"https:\\\/\\\/clairehodde.com\\\/preprod\\\/#website\",\"url\":\"https:\\\/\\\/clairehodde.com\\\/preprod\\\/\",\"name\":\"Claire Hodd\u00e9 - Artiste peintre\",\"description\":\"R\u00e9v\u00e9ler la force de la vie et les paysages de l\u2019\u00e2me\",\"publisher\":{\"@id\":\"https:\\\/\\\/clairehodde.com\\\/preprod\\\/#\\\/schema\\\/person\\\/d5a8c2047c056dcefe03253eca4d4378\"},\"potentialAction\":[{\"@type\":\"SearchAction\",\"target\":{\"@type\":\"EntryPoint\",\"urlTemplate\":\"https:\\\/\\\/clairehodde.com\\\/preprod\\\/?s={search_term_string}\"},\"query-input\":{\"@type\":\"PropertyValueSpecification\",\"valueRequired\":true,\"valueName\":\"search_term_string\"}}],\"inLanguage\":\"fr-FR\"},{\"@type\":[\"Person\",\"Organization\"],\"@id\":\"https:\\\/\\\/clairehodde.com\\\/preprod\\\/#\\\/schema\\\/person\\\/d5a8c2047c056dcefe03253eca4d4378\",\"name\":\"Claire Hodd\u00e9\",\"image\":{\"@type\":\"ImageObject\",\"inLanguage\":\"fr-FR\",\"@id\":\"https:\\\/\\\/clairehodde.com\\\/preprod\\\/wp-content\\\/uploads\\\/2022\\\/10\\\/IMG_20220901_110621_arbre_detail_p.jpg\",\"url\":\"https:\\\/\\\/clairehodde.com\\\/preprod\\\/wp-content\\\/uploads\\\/2022\\\/10\\\/IMG_20220901_110621_arbre_detail_p.jpg\",\"contentUrl\":\"https:\\\/\\\/clairehodde.com\\\/preprod\\\/wp-content\\\/uploads\\\/2022\\\/10\\\/IMG_20220901_110621_arbre_detail_p.jpg\",\"width\":800,\"height\":600,\"caption\":\"Claire Hodd\u00e9\"},\"logo\":{\"@id\":\"https:\\\/\\\/clairehodde.com\\\/preprod\\\/wp-content\\\/uploads\\\/2022\\\/10\\\/IMG_20220901_110621_arbre_detail_p.jpg\"},\"sameAs\":[\"http:\\\/\\\/clairehodde.com\",\"https:\\\/\\\/www.facebook.com\\\/clairehodde.art\\\/\",\"https:\\\/\\\/www.instagram.com\\\/clairehodde\\\/\"]}]}<\/script>\n<!-- \/ Yoast SEO plugin. -->","yoast_head_json":{"title":"Galaxie 29x29cm - Claire Hodd\u00e9 - Artiste peintre","description":"Peinture abstraite sur toile, r\u00e9alis\u00e9e \u00e0 quatre mains avec ma fille de 8 ans. L'ensemble \u00e9voque une galaxie en expansion.","robots":{"index":"index","follow":"follow","max-snippet":"max-snippet:-1","max-image-preview":"max-image-preview:large","max-video-preview":"max-video-preview:-1"},"canonical":"https:\/\/clairehodde.com\/preprod\/produit\/galaxie-29x29cm\/","og_locale":"fr_FR","og_type":"article","og_title":"Galaxie 29x29cm - Claire Hodd\u00e9 - Artiste peintre","og_description":"Peinture abstraite sur toile, r\u00e9alis\u00e9e \u00e0 quatre mains avec ma fille de 8 ans. L'ensemble \u00e9voque une galaxie en expansion.","og_url":"https:\/\/clairehodde.com\/preprod\/produit\/galaxie-29x29cm\/","og_site_name":"Claire Hodd\u00e9 - Artiste peintre","article_publisher":"https:\/\/www.facebook.com\/clairehodde.art\/","article_modified_time":"2024-02-04T07:56:06+00:00","og_image":[{"width":2000,"height":2000,"url":"https:\/\/clairehodde.com\/preprod\/wp-content\/uploads\/2023\/03\/galaxie-1.jpg","type":"image\/jpeg"}],"twitter_card":"summary_large_image","twitter_misc":{"Dur\u00e9e de lecture estim\u00e9e":"1 minute"},"schema":{"@context":"https:\/\/schema.org","@graph":[{"@type":"WebPage","@id":"https:\/\/clairehodde.com\/preprod\/produit\/galaxie-29x29cm\/","url":"https:\/\/clairehodde.com\/preprod\/produit\/galaxie-29x29cm\/","name":"Galaxie 29x29cm - Claire Hodd\u00e9 - Artiste peintre","isPartOf":{"@id":"https:\/\/clairehodde.com\/preprod\/#website"},"primaryImageOfPage":{"@id":"https:\/\/clairehodde.com\/preprod\/produit\/galaxie-29x29cm\/#primaryimage"},"image":{"@id":"https:\/\/clairehodde.com\/preprod\/produit\/galaxie-29x29cm\/#primaryimage"},"thumbnailUrl":"https:\/\/clairehodde.com\/preprod\/wp-content\/uploads\/2023\/03\/galaxie-1.jpg","datePublished":"2023-03-31T21:08:59+00:00","dateModified":"2024-02-04T07:56:06+00:00","description":"Peinture abstraite sur toile, r\u00e9alis\u00e9e \u00e0 quatre mains avec ma fille de 8 ans. L'ensemble \u00e9voque une galaxie en expansion.","breadcrumb":{"@id":"https:\/\/clairehodde.com\/preprod\/produit\/galaxie-29x29cm\/#breadcrumb"},"inLanguage":"fr-FR","potentialAction":[{"@type":"ReadAction","target":["https:\/\/clairehodde.com\/preprod\/produit\/galaxie-29x29cm\/"]}]},{"@type":"ImageObject","inLanguage":"fr-FR","@id":"https:\/\/clairehodde.com\/preprod\/produit\/galaxie-29x29cm\/#primaryimage","url":"https:\/\/clairehodde.com\/preprod\/wp-content\/uploads\/2023\/03\/galaxie-1.jpg","contentUrl":"https:\/\/clairehodde.com\/preprod\/wp-content\/uploads\/2023\/03\/galaxie-1.jpg","width":2000,"height":2000,"caption":"Galaxie - 29x29cm - 2023 - Acrylique et huile de silicone"},{"@type":"BreadcrumbList","@id":"https:\/\/clairehodde.com\/preprod\/produit\/galaxie-29x29cm\/#breadcrumb","itemListElement":[{"@type":"ListItem","position":1,"name":"Accueil","item":"https:\/\/clairehodde.com\/preprod\/"},{"@type":"ListItem","position":2,"name":"Boutique artistique","item":"https:\/\/clairehodde.com\/preprod\/boutique\/"},{"@type":"ListItem","position":3,"name":"Galaxie 29x29cm"}]},{"@type":"WebSite","@id":"https:\/\/clairehodde.com\/preprod\/#website","url":"https:\/\/clairehodde.com\/preprod\/","name":"Claire Hodd\u00e9 - Artiste peintre","description":"R\u00e9v\u00e9ler la force de la vie et les paysages de l\u2019\u00e2me","publisher":{"@id":"https:\/\/clairehodde.com\/preprod\/#\/schema\/person\/d5a8c2047c056dcefe03253eca4d4378"},"potentialAction":[{"@type":"SearchAction","target":{"@type":"EntryPoint","urlTemplate":"https:\/\/clairehodde.com\/preprod\/?s={search_term_string}"},"query-input":{"@type":"PropertyValueSpecification","valueRequired":true,"valueName":"search_term_string"}}],"inLanguage":"fr-FR"},{"@type":["Person","Organization"],"@id":"https:\/\/clairehodde.com\/preprod\/#\/schema\/person\/d5a8c2047c056dcefe03253eca4d4378","name":"Claire Hodd\u00e9","image":{"@type":"ImageObject","inLanguage":"fr-FR","@id":"https:\/\/clairehodde.com\/preprod\/wp-content\/uploads\/2022\/10\/IMG_20220901_110621_arbre_detail_p.jpg","url":"https:\/\/clairehodde.com\/preprod\/wp-content\/uploads\/2022\/10\/IMG_20220901_110621_arbre_detail_p.jpg","contentUrl":"https:\/\/clairehodde.com\/preprod\/wp-content\/uploads\/2022\/10\/IMG_20220901_110621_arbre_detail_p.jpg","width":800,"height":600,"caption":"Claire Hodd\u00e9"},"logo":{"@id":"https:\/\/clairehodde.com\/preprod\/wp-content\/uploads\/2022\/10\/IMG_20220901_110621_arbre_detail_p.jpg"},"sameAs":["http:\/\/clairehodde.com","https:\/\/www.facebook.com\/clairehodde.art\/","https:\/\/www.instagram.com\/clairehodde\/"]}]}},"_links":{"self":[{"href":"https:\/\/clairehodde.com\/preprod\/wp-json\/wp\/v2\/product\/395","targetHints":{"allow":["GET"]}}],"collection":[{"href":"https:\/\/clairehodde.com\/preprod\/wp-json\/wp\/v2\/product"}],"about":[{"href":"https:\/\/clairehodde.com\/preprod\/wp-json\/wp\/v2\/types\/product"}],"replies":[{"embeddable":true,"href":"https:\/\/clairehodde.com\/preprod\/wp-json\/wp\/v2\/comments?post=395"}],"wp:featuredmedia":[{"embeddable":true,"href":"https:\/\/clairehodde.com\/preprod\/wp-json\/wp\/v2\/media\/858"}],"wp:attachment":[{"href":"https:\/\/clairehodde.com\/preprod\/wp-json\/wp\/v2\/media?parent=395"}],"wp:term":[{"taxonomy":"product_brand","embeddable":true,"href":"https:\/\/clairehodde.com\/preprod\/wp-json\/wp\/v2\/product_brand?post=395"},{"taxonomy":"product_cat","embeddable":true,"href":"https:\/\/clairehodde.com\/preprod\/wp-json\/wp\/v2\/product_cat?post=395"},{"taxonomy":"product_tag","embeddable":true,"href":"https:\/\/clairehodde.com\/preprod\/wp-json\/wp\/v2\/product_tag?post=395"}],"curies":[{"name":"wp","href":"https:\/\/api.w.org\/{rel}","templated":true}]}}