{"id":635,"date":"2023-06-27T22:18:13","date_gmt":"2023-06-27T20:18:13","guid":{"rendered":"https:\/\/clairehodde.com\/?post_type=product&#038;p=635"},"modified":"2024-02-04T07:38:32","modified_gmt":"2024-02-04T06:38:32","slug":"arbre-au-printemps-50x50cm","status":"publish","type":"product","link":"https:\/\/clairehodde.com\/preprod\/produit\/arbre-au-printemps-50x50cm\/","title":{"rendered":"Arbre au printemps 50x50cm"},"content":{"rendered":"<p>L\u2019arbre d\u00e9gage une \u00e9nergie et une puissance qui m\u2019attirent.<br \/>\nJe veux me faire le t\u00e9moin de leur vie, de leurs vibrations, de leur passage, de la beaut\u00e9 qu\u2019ils d\u00e9gagent, de leur charisme, de leur \u00e9nergie.<br \/>\nJ\u2019ai besoin de les entendre me parler de leur histoire, de leur voyage \u00e0 travers les saisons.<br \/>\nIls m\u2019apprennent l\u2019immobilit\u00e9, le calme int\u00e9rieur.<\/p>\n<p>Celui-ci est fermement ancr\u00e9 dans le sol. Il rayonne calmement dans la douceur printani\u00e8re.<\/p>\n<p>Acrylique coul\u00e9e et souffl\u00e9e sur toile de coton, fait main.<br \/>\nIl s&rsquo;agit d&rsquo;une peinture unique.<br \/>\nLe tableau est sign\u00e9 en bas \u00e0 droite de la toile.<\/p>\n<p>Pour le sol, la peinture acrylique a \u00e9t\u00e9 vers\u00e9e puis \u00e9tal\u00e9e avec un couteau.<br \/>\nPour le ciel et le feuillage, la peinture acrylique a \u00e9t\u00e9 vers\u00e9e puis souffl\u00e9e au s\u00e8che cheveux.<br \/>\nPour le tronc, la peinture a \u00e9t\u00e9 vers\u00e9e \u00e0 la pipette et model\u00e9e au pinceau.<\/p>\n<p>Taille : 50x50cm<br \/>\n\u00c9paisseur : 4cm<\/p>\n<p>Les bords du tableau sont peints et pas clout\u00e9s. Vous n&rsquo;\u00eates pas oblig\u00e9s d&rsquo;encadrer ce tableau. Un syst\u00e8me d&rsquo;accroche est install\u00e9.<\/p>\n<p>Finition : deux couches de vernis acrylique satin\u00e9 pour prot\u00e9ger et assurer la long\u00e9vit\u00e9 de l&rsquo;\u0153uvre.<\/p>\n<p>Pays de livraison : France, Europe<\/p>\n","protected":false},"excerpt":{"rendered":"<p>2023<br \/>\nArbre sur toile de coton ch\u00e2ssis 3D<\/p>\n","protected":false},"featured_media":855,"comment_status":"closed","ping_status":"closed","template":"","meta":[],"product_brand":[],"product_cat":[18,21,20],"product_tag":[56,23,39,25,26,40],"class_list":{"0":"post-635","1":"product","2":"type-product","3":"status-publish","4":"has-post-thumbnail","6":"product_cat-acrylique","7":"product_cat-chassis-3d","8":"product_cat-toile-de-coton","9":"product_tag-50x50cm","10":"product_tag-acrylique","11":"product_tag-arbre","12":"product_tag-chassis","13":"product_tag-coton","14":"product_tag-vert","16":"first","17":"instock","18":"taxable","19":"shipping-taxable","20":"purchasable","21":"product-type-simple"},"yoast_head":"<!-- This site is optimized with the Yoast SEO plugin v27.3 - https:\/\/yoast.com\/product\/yoast-seo-wordpress\/ -->\n<title>Arbre au printemps 50x50cm - Claire Hodd\u00e9 - Artiste peintre<\/title>\n<meta name=\"description\" content=\"Peinture acrylique repr\u00e9sentant un &quot;Arbre au printemps&quot;. Fermement ancr\u00e9 au sol, il rayonne dans la douceur printani\u00e8re. Toile de coton, ch\u00e2ssis 3D.\" \/>\n<meta name=\"robots\" content=\"index, follow, max-snippet:-1, max-image-preview:large, max-video-preview:-1\" \/>\n<link rel=\"canonical\" href=\"https:\/\/clairehodde.com\/preprod\/produit\/arbre-au-printemps-50x50cm\/\" \/>\n<meta property=\"og:locale\" content=\"fr_FR\" \/>\n<meta property=\"og:type\" content=\"article\" \/>\n<meta property=\"og:title\" content=\"Arbre au printemps 50x50cm - Claire Hodd\u00e9 - Artiste peintre\" \/>\n<meta property=\"og:description\" content=\"Peinture acrylique repr\u00e9sentant un &quot;Arbre au printemps&quot;. Fermement ancr\u00e9 au sol, il rayonne dans la douceur printani\u00e8re. Toile de coton, ch\u00e2ssis 3D.\" \/>\n<meta property=\"og:url\" content=\"https:\/\/clairehodde.com\/preprod\/produit\/arbre-au-printemps-50x50cm\/\" \/>\n<meta property=\"og:site_name\" content=\"Claire Hodd\u00e9 - Artiste peintre\" \/>\n<meta property=\"article:publisher\" content=\"https:\/\/www.facebook.com\/clairehodde.art\/\" \/>\n<meta property=\"article:modified_time\" content=\"2024-02-04T06:38:32+00:00\" \/>\n<meta property=\"og:image\" content=\"https:\/\/clairehodde.com\/preprod\/wp-content\/uploads\/2023\/06\/Arbre_au_printemps2.jpg\" \/>\n\t<meta property=\"og:image:width\" content=\"2000\" \/>\n\t<meta property=\"og:image:height\" content=\"2000\" \/>\n\t<meta property=\"og:image:type\" content=\"image\/jpeg\" \/>\n<meta name=\"twitter:card\" content=\"summary_large_image\" \/>\n<meta name=\"twitter:label1\" content=\"Dur\u00e9e de lecture estim\u00e9e\" \/>\n\t<meta name=\"twitter:data1\" content=\"2 minutes\" \/>\n<script type=\"application\/ld+json\" class=\"yoast-schema-graph\">{\"@context\":\"https:\\\/\\\/schema.org\",\"@graph\":[{\"@type\":\"WebPage\",\"@id\":\"https:\\\/\\\/clairehodde.com\\\/preprod\\\/produit\\\/arbre-au-printemps-50x50cm\\\/\",\"url\":\"https:\\\/\\\/clairehodde.com\\\/preprod\\\/produit\\\/arbre-au-printemps-50x50cm\\\/\",\"name\":\"Arbre au printemps 50x50cm - Claire Hodd\u00e9 - Artiste peintre\",\"isPartOf\":{\"@id\":\"https:\\\/\\\/clairehodde.com\\\/preprod\\\/#website\"},\"primaryImageOfPage\":{\"@id\":\"https:\\\/\\\/clairehodde.com\\\/preprod\\\/produit\\\/arbre-au-printemps-50x50cm\\\/#primaryimage\"},\"image\":{\"@id\":\"https:\\\/\\\/clairehodde.com\\\/preprod\\\/produit\\\/arbre-au-printemps-50x50cm\\\/#primaryimage\"},\"thumbnailUrl\":\"https:\\\/\\\/clairehodde.com\\\/preprod\\\/wp-content\\\/uploads\\\/2023\\\/06\\\/Arbre_au_printemps2.jpg\",\"datePublished\":\"2023-06-27T20:18:13+00:00\",\"dateModified\":\"2024-02-04T06:38:32+00:00\",\"description\":\"Peinture acrylique repr\u00e9sentant un \\\"Arbre au printemps\\\". Fermement ancr\u00e9 au sol, il rayonne dans la douceur printani\u00e8re. Toile de coton, ch\u00e2ssis 3D.\",\"breadcrumb\":{\"@id\":\"https:\\\/\\\/clairehodde.com\\\/preprod\\\/produit\\\/arbre-au-printemps-50x50cm\\\/#breadcrumb\"},\"inLanguage\":\"fr-FR\",\"potentialAction\":[{\"@type\":\"ReadAction\",\"target\":[\"https:\\\/\\\/clairehodde.com\\\/preprod\\\/produit\\\/arbre-au-printemps-50x50cm\\\/\"]}]},{\"@type\":\"ImageObject\",\"inLanguage\":\"fr-FR\",\"@id\":\"https:\\\/\\\/clairehodde.com\\\/preprod\\\/produit\\\/arbre-au-printemps-50x50cm\\\/#primaryimage\",\"url\":\"https:\\\/\\\/clairehodde.com\\\/preprod\\\/wp-content\\\/uploads\\\/2023\\\/06\\\/Arbre_au_printemps2.jpg\",\"contentUrl\":\"https:\\\/\\\/clairehodde.com\\\/preprod\\\/wp-content\\\/uploads\\\/2023\\\/06\\\/Arbre_au_printemps2.jpg\",\"width\":2000,\"height\":2000,\"caption\":\"Arbre au printemps - 50x50cm Acrylique sur toile coton ch\u00e2ssis 3D\"},{\"@type\":\"BreadcrumbList\",\"@id\":\"https:\\\/\\\/clairehodde.com\\\/preprod\\\/produit\\\/arbre-au-printemps-50x50cm\\\/#breadcrumb\",\"itemListElement\":[{\"@type\":\"ListItem\",\"position\":1,\"name\":\"Accueil\",\"item\":\"https:\\\/\\\/clairehodde.com\\\/preprod\\\/\"},{\"@type\":\"ListItem\",\"position\":2,\"name\":\"Boutique artistique\",\"item\":\"https:\\\/\\\/clairehodde.com\\\/preprod\\\/boutique\\\/\"},{\"@type\":\"ListItem\",\"position\":3,\"name\":\"Arbre au printemps 50x50cm\"}]},{\"@type\":\"WebSite\",\"@id\":\"https:\\\/\\\/clairehodde.com\\\/preprod\\\/#website\",\"url\":\"https:\\\/\\\/clairehodde.com\\\/preprod\\\/\",\"name\":\"Claire Hodd\u00e9 - Artiste peintre\",\"description\":\"R\u00e9v\u00e9ler la force de la vie et les paysages de l\u2019\u00e2me\",\"publisher\":{\"@id\":\"https:\\\/\\\/clairehodde.com\\\/preprod\\\/#\\\/schema\\\/person\\\/d5a8c2047c056dcefe03253eca4d4378\"},\"potentialAction\":[{\"@type\":\"SearchAction\",\"target\":{\"@type\":\"EntryPoint\",\"urlTemplate\":\"https:\\\/\\\/clairehodde.com\\\/preprod\\\/?s={search_term_string}\"},\"query-input\":{\"@type\":\"PropertyValueSpecification\",\"valueRequired\":true,\"valueName\":\"search_term_string\"}}],\"inLanguage\":\"fr-FR\"},{\"@type\":[\"Person\",\"Organization\"],\"@id\":\"https:\\\/\\\/clairehodde.com\\\/preprod\\\/#\\\/schema\\\/person\\\/d5a8c2047c056dcefe03253eca4d4378\",\"name\":\"Claire Hodd\u00e9\",\"image\":{\"@type\":\"ImageObject\",\"inLanguage\":\"fr-FR\",\"@id\":\"https:\\\/\\\/clairehodde.com\\\/preprod\\\/wp-content\\\/uploads\\\/2022\\\/10\\\/IMG_20220901_110621_arbre_detail_p.jpg\",\"url\":\"https:\\\/\\\/clairehodde.com\\\/preprod\\\/wp-content\\\/uploads\\\/2022\\\/10\\\/IMG_20220901_110621_arbre_detail_p.jpg\",\"contentUrl\":\"https:\\\/\\\/clairehodde.com\\\/preprod\\\/wp-content\\\/uploads\\\/2022\\\/10\\\/IMG_20220901_110621_arbre_detail_p.jpg\",\"width\":800,\"height\":600,\"caption\":\"Claire Hodd\u00e9\"},\"logo\":{\"@id\":\"https:\\\/\\\/clairehodde.com\\\/preprod\\\/wp-content\\\/uploads\\\/2022\\\/10\\\/IMG_20220901_110621_arbre_detail_p.jpg\"},\"sameAs\":[\"http:\\\/\\\/clairehodde.com\",\"https:\\\/\\\/www.facebook.com\\\/clairehodde.art\\\/\",\"https:\\\/\\\/www.instagram.com\\\/clairehodde\\\/\"]}]}<\/script>\n<!-- \/ Yoast SEO plugin. -->","yoast_head_json":{"title":"Arbre au printemps 50x50cm - Claire Hodd\u00e9 - Artiste peintre","description":"Peinture acrylique repr\u00e9sentant un \"Arbre au printemps\". Fermement ancr\u00e9 au sol, il rayonne dans la douceur printani\u00e8re. Toile de coton, ch\u00e2ssis 3D.","robots":{"index":"index","follow":"follow","max-snippet":"max-snippet:-1","max-image-preview":"max-image-preview:large","max-video-preview":"max-video-preview:-1"},"canonical":"https:\/\/clairehodde.com\/preprod\/produit\/arbre-au-printemps-50x50cm\/","og_locale":"fr_FR","og_type":"article","og_title":"Arbre au printemps 50x50cm - Claire Hodd\u00e9 - Artiste peintre","og_description":"Peinture acrylique repr\u00e9sentant un \"Arbre au printemps\". Fermement ancr\u00e9 au sol, il rayonne dans la douceur printani\u00e8re. Toile de coton, ch\u00e2ssis 3D.","og_url":"https:\/\/clairehodde.com\/preprod\/produit\/arbre-au-printemps-50x50cm\/","og_site_name":"Claire Hodd\u00e9 - Artiste peintre","article_publisher":"https:\/\/www.facebook.com\/clairehodde.art\/","article_modified_time":"2024-02-04T06:38:32+00:00","og_image":[{"width":2000,"height":2000,"url":"https:\/\/clairehodde.com\/preprod\/wp-content\/uploads\/2023\/06\/Arbre_au_printemps2.jpg","type":"image\/jpeg"}],"twitter_card":"summary_large_image","twitter_misc":{"Dur\u00e9e de lecture estim\u00e9e":"2 minutes"},"schema":{"@context":"https:\/\/schema.org","@graph":[{"@type":"WebPage","@id":"https:\/\/clairehodde.com\/preprod\/produit\/arbre-au-printemps-50x50cm\/","url":"https:\/\/clairehodde.com\/preprod\/produit\/arbre-au-printemps-50x50cm\/","name":"Arbre au printemps 50x50cm - Claire Hodd\u00e9 - Artiste peintre","isPartOf":{"@id":"https:\/\/clairehodde.com\/preprod\/#website"},"primaryImageOfPage":{"@id":"https:\/\/clairehodde.com\/preprod\/produit\/arbre-au-printemps-50x50cm\/#primaryimage"},"image":{"@id":"https:\/\/clairehodde.com\/preprod\/produit\/arbre-au-printemps-50x50cm\/#primaryimage"},"thumbnailUrl":"https:\/\/clairehodde.com\/preprod\/wp-content\/uploads\/2023\/06\/Arbre_au_printemps2.jpg","datePublished":"2023-06-27T20:18:13+00:00","dateModified":"2024-02-04T06:38:32+00:00","description":"Peinture acrylique repr\u00e9sentant un \"Arbre au printemps\". Fermement ancr\u00e9 au sol, il rayonne dans la douceur printani\u00e8re. Toile de coton, ch\u00e2ssis 3D.","breadcrumb":{"@id":"https:\/\/clairehodde.com\/preprod\/produit\/arbre-au-printemps-50x50cm\/#breadcrumb"},"inLanguage":"fr-FR","potentialAction":[{"@type":"ReadAction","target":["https:\/\/clairehodde.com\/preprod\/produit\/arbre-au-printemps-50x50cm\/"]}]},{"@type":"ImageObject","inLanguage":"fr-FR","@id":"https:\/\/clairehodde.com\/preprod\/produit\/arbre-au-printemps-50x50cm\/#primaryimage","url":"https:\/\/clairehodde.com\/preprod\/wp-content\/uploads\/2023\/06\/Arbre_au_printemps2.jpg","contentUrl":"https:\/\/clairehodde.com\/preprod\/wp-content\/uploads\/2023\/06\/Arbre_au_printemps2.jpg","width":2000,"height":2000,"caption":"Arbre au printemps - 50x50cm Acrylique sur toile coton ch\u00e2ssis 3D"},{"@type":"BreadcrumbList","@id":"https:\/\/clairehodde.com\/preprod\/produit\/arbre-au-printemps-50x50cm\/#breadcrumb","itemListElement":[{"@type":"ListItem","position":1,"name":"Accueil","item":"https:\/\/clairehodde.com\/preprod\/"},{"@type":"ListItem","position":2,"name":"Boutique artistique","item":"https:\/\/clairehodde.com\/preprod\/boutique\/"},{"@type":"ListItem","position":3,"name":"Arbre au printemps 50x50cm"}]},{"@type":"WebSite","@id":"https:\/\/clairehodde.com\/preprod\/#website","url":"https:\/\/clairehodde.com\/preprod\/","name":"Claire Hodd\u00e9 - Artiste peintre","description":"R\u00e9v\u00e9ler la force de la vie et les paysages de l\u2019\u00e2me","publisher":{"@id":"https:\/\/clairehodde.com\/preprod\/#\/schema\/person\/d5a8c2047c056dcefe03253eca4d4378"},"potentialAction":[{"@type":"SearchAction","target":{"@type":"EntryPoint","urlTemplate":"https:\/\/clairehodde.com\/preprod\/?s={search_term_string}"},"query-input":{"@type":"PropertyValueSpecification","valueRequired":true,"valueName":"search_term_string"}}],"inLanguage":"fr-FR"},{"@type":["Person","Organization"],"@id":"https:\/\/clairehodde.com\/preprod\/#\/schema\/person\/d5a8c2047c056dcefe03253eca4d4378","name":"Claire Hodd\u00e9","image":{"@type":"ImageObject","inLanguage":"fr-FR","@id":"https:\/\/clairehodde.com\/preprod\/wp-content\/uploads\/2022\/10\/IMG_20220901_110621_arbre_detail_p.jpg","url":"https:\/\/clairehodde.com\/preprod\/wp-content\/uploads\/2022\/10\/IMG_20220901_110621_arbre_detail_p.jpg","contentUrl":"https:\/\/clairehodde.com\/preprod\/wp-content\/uploads\/2022\/10\/IMG_20220901_110621_arbre_detail_p.jpg","width":800,"height":600,"caption":"Claire Hodd\u00e9"},"logo":{"@id":"https:\/\/clairehodde.com\/preprod\/wp-content\/uploads\/2022\/10\/IMG_20220901_110621_arbre_detail_p.jpg"},"sameAs":["http:\/\/clairehodde.com","https:\/\/www.facebook.com\/clairehodde.art\/","https:\/\/www.instagram.com\/clairehodde\/"]}]}},"_links":{"self":[{"href":"https:\/\/clairehodde.com\/preprod\/wp-json\/wp\/v2\/product\/635","targetHints":{"allow":["GET"]}}],"collection":[{"href":"https:\/\/clairehodde.com\/preprod\/wp-json\/wp\/v2\/product"}],"about":[{"href":"https:\/\/clairehodde.com\/preprod\/wp-json\/wp\/v2\/types\/product"}],"replies":[{"embeddable":true,"href":"https:\/\/clairehodde.com\/preprod\/wp-json\/wp\/v2\/comments?post=635"}],"wp:featuredmedia":[{"embeddable":true,"href":"https:\/\/clairehodde.com\/preprod\/wp-json\/wp\/v2\/media\/855"}],"wp:attachment":[{"href":"https:\/\/clairehodde.com\/preprod\/wp-json\/wp\/v2\/media?parent=635"}],"wp:term":[{"taxonomy":"product_brand","embeddable":true,"href":"https:\/\/clairehodde.com\/preprod\/wp-json\/wp\/v2\/product_brand?post=635"},{"taxonomy":"product_cat","embeddable":true,"href":"https:\/\/clairehodde.com\/preprod\/wp-json\/wp\/v2\/product_cat?post=635"},{"taxonomy":"product_tag","embeddable":true,"href":"https:\/\/clairehodde.com\/preprod\/wp-json\/wp\/v2\/product_tag?post=635"}],"curies":[{"name":"wp","href":"https:\/\/api.w.org\/{rel}","templated":true}]}}