{"id":686,"date":"2023-07-08T22:39:09","date_gmt":"2023-07-08T20:39:09","guid":{"rendered":"https:\/\/clairehodde.com\/?post_type=product&#038;p=686"},"modified":"2024-02-03T16:41:51","modified_gmt":"2024-02-03T15:41:51","slug":"sous-la-pluie","status":"publish","type":"product","link":"https:\/\/clairehodde.com\/preprod\/produit\/sous-la-pluie\/","title":{"rendered":"Sous la pluie 24x30cm"},"content":{"rendered":"<p>Ha\u00efkus abstrait dans les tons bleus et rouge. Acrylique sur carton toil\u00e9. Prix sans cadre. Avec caisse am\u00e9ricaine, ajouter 28\u20ac<\/p>\n<p>Dans mes ha\u00efkus, je recherche \u00e0 rendre visible un \u00e9tat int\u00e9rieur d\u2019un instant. Ici, la pluie !<\/p>\n<p>Acrylique sur carton toil\u00e9. Il s&rsquo;agit d&rsquo;une peinture unique.<br \/>\nCe carton est sign\u00e9 derri\u00e8re.<\/p>\n<p>Taille : 24x30cm<br \/>\n\u00e9paisseur : 3mm<\/p>\n<p>Un syst\u00e8me d&rsquo;accroche est coll\u00e9<\/p>\n<p>Pays de livraison : France<\/p>\n","protected":false},"excerpt":{"rendered":"<p>2023<br \/>\nAcrylique sur carton toil\u00e9 30x24cm<br \/>\nPrix hors caisse am\u00e9ricaine<\/p>\n","protected":false},"featured_media":790,"comment_status":"closed","ping_status":"closed","template":"","meta":[],"product_brand":[],"product_cat":[18,20],"product_tag":[57,23,27,58,59],"class_list":{"0":"post-686","1":"product","2":"type-product","3":"status-publish","4":"has-post-thumbnail","6":"product_cat-acrylique","7":"product_cat-toile-de-coton","8":"product_tag-24x30cm","9":"product_tag-acrylique","10":"product_tag-bleu","11":"product_tag-carton-toile","12":"product_tag-haikus","14":"first","15":"instock","16":"purchasable","17":"product-type-simple"},"yoast_head":"<!-- This site is optimized with the Yoast SEO plugin v27.3 - https:\/\/yoast.com\/product\/yoast-seo-wordpress\/ -->\n<title>Sous la pluie 24x30cm - Claire Hodd\u00e9 - Artiste peintre<\/title>\n<meta name=\"description\" content=\"Peinture abstraite bleue et rouge intitu\u00e9e &quot;Sous la pluie&quot;. Je recherche \u00e0 rendre visible un \u00e9tat int\u00e9rieur d&#039;un instant.\" \/>\n<meta name=\"robots\" content=\"index, follow, max-snippet:-1, max-image-preview:large, max-video-preview:-1\" \/>\n<link rel=\"canonical\" href=\"https:\/\/clairehodde.com\/preprod\/produit\/sous-la-pluie\/\" \/>\n<meta property=\"og:locale\" content=\"fr_FR\" \/>\n<meta property=\"og:type\" content=\"article\" \/>\n<meta property=\"og:title\" content=\"Sous la pluie 24x30cm - Claire Hodd\u00e9 - Artiste peintre\" \/>\n<meta property=\"og:description\" content=\"Peinture abstraite bleue et rouge intitu\u00e9e &quot;Sous la pluie&quot;. Je recherche \u00e0 rendre visible un \u00e9tat int\u00e9rieur d&#039;un instant.\" \/>\n<meta property=\"og:url\" content=\"https:\/\/clairehodde.com\/preprod\/produit\/sous-la-pluie\/\" \/>\n<meta property=\"og:site_name\" content=\"Claire Hodd\u00e9 - Artiste peintre\" \/>\n<meta property=\"article:publisher\" content=\"https:\/\/www.facebook.com\/clairehodde.art\/\" \/>\n<meta property=\"article:modified_time\" content=\"2024-02-03T15:41:51+00:00\" \/>\n<meta property=\"og:image\" content=\"https:\/\/clairehodde.com\/preprod\/wp-content\/uploads\/2023\/07\/Haikus_Sous-la-pluie-scaled.jpg\" \/>\n\t<meta property=\"og:image:width\" content=\"2560\" \/>\n\t<meta property=\"og:image:height\" content=\"2560\" \/>\n\t<meta property=\"og:image:type\" content=\"image\/jpeg\" \/>\n<meta name=\"twitter:card\" content=\"summary_large_image\" \/>\n<meta name=\"twitter:label1\" content=\"Dur\u00e9e de lecture estim\u00e9e\" \/>\n\t<meta name=\"twitter:data1\" content=\"1 minute\" \/>\n<script type=\"application\/ld+json\" class=\"yoast-schema-graph\">{\"@context\":\"https:\\\/\\\/schema.org\",\"@graph\":[{\"@type\":\"WebPage\",\"@id\":\"https:\\\/\\\/clairehodde.com\\\/preprod\\\/produit\\\/sous-la-pluie\\\/\",\"url\":\"https:\\\/\\\/clairehodde.com\\\/preprod\\\/produit\\\/sous-la-pluie\\\/\",\"name\":\"Sous la pluie 24x30cm - Claire Hodd\u00e9 - Artiste peintre\",\"isPartOf\":{\"@id\":\"https:\\\/\\\/clairehodde.com\\\/preprod\\\/#website\"},\"primaryImageOfPage\":{\"@id\":\"https:\\\/\\\/clairehodde.com\\\/preprod\\\/produit\\\/sous-la-pluie\\\/#primaryimage\"},\"image\":{\"@id\":\"https:\\\/\\\/clairehodde.com\\\/preprod\\\/produit\\\/sous-la-pluie\\\/#primaryimage\"},\"thumbnailUrl\":\"https:\\\/\\\/clairehodde.com\\\/preprod\\\/wp-content\\\/uploads\\\/2023\\\/07\\\/Haikus_Sous-la-pluie-scaled.jpg\",\"datePublished\":\"2023-07-08T20:39:09+00:00\",\"dateModified\":\"2024-02-03T15:41:51+00:00\",\"description\":\"Peinture abstraite bleue et rouge intitu\u00e9e \\\"Sous la pluie\\\". Je recherche \u00e0 rendre visible un \u00e9tat int\u00e9rieur d'un instant.\",\"breadcrumb\":{\"@id\":\"https:\\\/\\\/clairehodde.com\\\/preprod\\\/produit\\\/sous-la-pluie\\\/#breadcrumb\"},\"inLanguage\":\"fr-FR\",\"potentialAction\":[{\"@type\":\"ReadAction\",\"target\":[\"https:\\\/\\\/clairehodde.com\\\/preprod\\\/produit\\\/sous-la-pluie\\\/\"]}]},{\"@type\":\"ImageObject\",\"inLanguage\":\"fr-FR\",\"@id\":\"https:\\\/\\\/clairehodde.com\\\/preprod\\\/produit\\\/sous-la-pluie\\\/#primaryimage\",\"url\":\"https:\\\/\\\/clairehodde.com\\\/preprod\\\/wp-content\\\/uploads\\\/2023\\\/07\\\/Haikus_Sous-la-pluie-scaled.jpg\",\"contentUrl\":\"https:\\\/\\\/clairehodde.com\\\/preprod\\\/wp-content\\\/uploads\\\/2023\\\/07\\\/Haikus_Sous-la-pluie-scaled.jpg\",\"width\":2560,\"height\":2560,\"caption\":\"Ha\u00efkus Sous la pluie\"},{\"@type\":\"BreadcrumbList\",\"@id\":\"https:\\\/\\\/clairehodde.com\\\/preprod\\\/produit\\\/sous-la-pluie\\\/#breadcrumb\",\"itemListElement\":[{\"@type\":\"ListItem\",\"position\":1,\"name\":\"Accueil\",\"item\":\"https:\\\/\\\/clairehodde.com\\\/preprod\\\/\"},{\"@type\":\"ListItem\",\"position\":2,\"name\":\"Boutique artistique\",\"item\":\"https:\\\/\\\/clairehodde.com\\\/preprod\\\/boutique\\\/\"},{\"@type\":\"ListItem\",\"position\":3,\"name\":\"Sous la pluie 24x30cm\"}]},{\"@type\":\"WebSite\",\"@id\":\"https:\\\/\\\/clairehodde.com\\\/preprod\\\/#website\",\"url\":\"https:\\\/\\\/clairehodde.com\\\/preprod\\\/\",\"name\":\"Claire Hodd\u00e9 - Artiste peintre\",\"description\":\"R\u00e9v\u00e9ler la force de la vie et les paysages de l\u2019\u00e2me\",\"publisher\":{\"@id\":\"https:\\\/\\\/clairehodde.com\\\/preprod\\\/#\\\/schema\\\/person\\\/d5a8c2047c056dcefe03253eca4d4378\"},\"potentialAction\":[{\"@type\":\"SearchAction\",\"target\":{\"@type\":\"EntryPoint\",\"urlTemplate\":\"https:\\\/\\\/clairehodde.com\\\/preprod\\\/?s={search_term_string}\"},\"query-input\":{\"@type\":\"PropertyValueSpecification\",\"valueRequired\":true,\"valueName\":\"search_term_string\"}}],\"inLanguage\":\"fr-FR\"},{\"@type\":[\"Person\",\"Organization\"],\"@id\":\"https:\\\/\\\/clairehodde.com\\\/preprod\\\/#\\\/schema\\\/person\\\/d5a8c2047c056dcefe03253eca4d4378\",\"name\":\"Claire Hodd\u00e9\",\"image\":{\"@type\":\"ImageObject\",\"inLanguage\":\"fr-FR\",\"@id\":\"https:\\\/\\\/clairehodde.com\\\/preprod\\\/wp-content\\\/uploads\\\/2022\\\/10\\\/IMG_20220901_110621_arbre_detail_p.jpg\",\"url\":\"https:\\\/\\\/clairehodde.com\\\/preprod\\\/wp-content\\\/uploads\\\/2022\\\/10\\\/IMG_20220901_110621_arbre_detail_p.jpg\",\"contentUrl\":\"https:\\\/\\\/clairehodde.com\\\/preprod\\\/wp-content\\\/uploads\\\/2022\\\/10\\\/IMG_20220901_110621_arbre_detail_p.jpg\",\"width\":800,\"height\":600,\"caption\":\"Claire Hodd\u00e9\"},\"logo\":{\"@id\":\"https:\\\/\\\/clairehodde.com\\\/preprod\\\/wp-content\\\/uploads\\\/2022\\\/10\\\/IMG_20220901_110621_arbre_detail_p.jpg\"},\"sameAs\":[\"http:\\\/\\\/clairehodde.com\",\"https:\\\/\\\/www.facebook.com\\\/clairehodde.art\\\/\",\"https:\\\/\\\/www.instagram.com\\\/clairehodde\\\/\"]}]}<\/script>\n<!-- \/ Yoast SEO plugin. -->","yoast_head_json":{"title":"Sous la pluie 24x30cm - Claire Hodd\u00e9 - Artiste peintre","description":"Peinture abstraite bleue et rouge intitu\u00e9e \"Sous la pluie\". Je recherche \u00e0 rendre visible un \u00e9tat int\u00e9rieur d'un instant.","robots":{"index":"index","follow":"follow","max-snippet":"max-snippet:-1","max-image-preview":"max-image-preview:large","max-video-preview":"max-video-preview:-1"},"canonical":"https:\/\/clairehodde.com\/preprod\/produit\/sous-la-pluie\/","og_locale":"fr_FR","og_type":"article","og_title":"Sous la pluie 24x30cm - Claire Hodd\u00e9 - Artiste peintre","og_description":"Peinture abstraite bleue et rouge intitu\u00e9e \"Sous la pluie\". Je recherche \u00e0 rendre visible un \u00e9tat int\u00e9rieur d'un instant.","og_url":"https:\/\/clairehodde.com\/preprod\/produit\/sous-la-pluie\/","og_site_name":"Claire Hodd\u00e9 - Artiste peintre","article_publisher":"https:\/\/www.facebook.com\/clairehodde.art\/","article_modified_time":"2024-02-03T15:41:51+00:00","og_image":[{"width":2560,"height":2560,"url":"https:\/\/clairehodde.com\/preprod\/wp-content\/uploads\/2023\/07\/Haikus_Sous-la-pluie-scaled.jpg","type":"image\/jpeg"}],"twitter_card":"summary_large_image","twitter_misc":{"Dur\u00e9e de lecture estim\u00e9e":"1 minute"},"schema":{"@context":"https:\/\/schema.org","@graph":[{"@type":"WebPage","@id":"https:\/\/clairehodde.com\/preprod\/produit\/sous-la-pluie\/","url":"https:\/\/clairehodde.com\/preprod\/produit\/sous-la-pluie\/","name":"Sous la pluie 24x30cm - Claire Hodd\u00e9 - Artiste peintre","isPartOf":{"@id":"https:\/\/clairehodde.com\/preprod\/#website"},"primaryImageOfPage":{"@id":"https:\/\/clairehodde.com\/preprod\/produit\/sous-la-pluie\/#primaryimage"},"image":{"@id":"https:\/\/clairehodde.com\/preprod\/produit\/sous-la-pluie\/#primaryimage"},"thumbnailUrl":"https:\/\/clairehodde.com\/preprod\/wp-content\/uploads\/2023\/07\/Haikus_Sous-la-pluie-scaled.jpg","datePublished":"2023-07-08T20:39:09+00:00","dateModified":"2024-02-03T15:41:51+00:00","description":"Peinture abstraite bleue et rouge intitu\u00e9e \"Sous la pluie\". Je recherche \u00e0 rendre visible un \u00e9tat int\u00e9rieur d'un instant.","breadcrumb":{"@id":"https:\/\/clairehodde.com\/preprod\/produit\/sous-la-pluie\/#breadcrumb"},"inLanguage":"fr-FR","potentialAction":[{"@type":"ReadAction","target":["https:\/\/clairehodde.com\/preprod\/produit\/sous-la-pluie\/"]}]},{"@type":"ImageObject","inLanguage":"fr-FR","@id":"https:\/\/clairehodde.com\/preprod\/produit\/sous-la-pluie\/#primaryimage","url":"https:\/\/clairehodde.com\/preprod\/wp-content\/uploads\/2023\/07\/Haikus_Sous-la-pluie-scaled.jpg","contentUrl":"https:\/\/clairehodde.com\/preprod\/wp-content\/uploads\/2023\/07\/Haikus_Sous-la-pluie-scaled.jpg","width":2560,"height":2560,"caption":"Ha\u00efkus Sous la pluie"},{"@type":"BreadcrumbList","@id":"https:\/\/clairehodde.com\/preprod\/produit\/sous-la-pluie\/#breadcrumb","itemListElement":[{"@type":"ListItem","position":1,"name":"Accueil","item":"https:\/\/clairehodde.com\/preprod\/"},{"@type":"ListItem","position":2,"name":"Boutique artistique","item":"https:\/\/clairehodde.com\/preprod\/boutique\/"},{"@type":"ListItem","position":3,"name":"Sous la pluie 24x30cm"}]},{"@type":"WebSite","@id":"https:\/\/clairehodde.com\/preprod\/#website","url":"https:\/\/clairehodde.com\/preprod\/","name":"Claire Hodd\u00e9 - Artiste peintre","description":"R\u00e9v\u00e9ler la force de la vie et les paysages de l\u2019\u00e2me","publisher":{"@id":"https:\/\/clairehodde.com\/preprod\/#\/schema\/person\/d5a8c2047c056dcefe03253eca4d4378"},"potentialAction":[{"@type":"SearchAction","target":{"@type":"EntryPoint","urlTemplate":"https:\/\/clairehodde.com\/preprod\/?s={search_term_string}"},"query-input":{"@type":"PropertyValueSpecification","valueRequired":true,"valueName":"search_term_string"}}],"inLanguage":"fr-FR"},{"@type":["Person","Organization"],"@id":"https:\/\/clairehodde.com\/preprod\/#\/schema\/person\/d5a8c2047c056dcefe03253eca4d4378","name":"Claire Hodd\u00e9","image":{"@type":"ImageObject","inLanguage":"fr-FR","@id":"https:\/\/clairehodde.com\/preprod\/wp-content\/uploads\/2022\/10\/IMG_20220901_110621_arbre_detail_p.jpg","url":"https:\/\/clairehodde.com\/preprod\/wp-content\/uploads\/2022\/10\/IMG_20220901_110621_arbre_detail_p.jpg","contentUrl":"https:\/\/clairehodde.com\/preprod\/wp-content\/uploads\/2022\/10\/IMG_20220901_110621_arbre_detail_p.jpg","width":800,"height":600,"caption":"Claire Hodd\u00e9"},"logo":{"@id":"https:\/\/clairehodde.com\/preprod\/wp-content\/uploads\/2022\/10\/IMG_20220901_110621_arbre_detail_p.jpg"},"sameAs":["http:\/\/clairehodde.com","https:\/\/www.facebook.com\/clairehodde.art\/","https:\/\/www.instagram.com\/clairehodde\/"]}]}},"_links":{"self":[{"href":"https:\/\/clairehodde.com\/preprod\/wp-json\/wp\/v2\/product\/686","targetHints":{"allow":["GET"]}}],"collection":[{"href":"https:\/\/clairehodde.com\/preprod\/wp-json\/wp\/v2\/product"}],"about":[{"href":"https:\/\/clairehodde.com\/preprod\/wp-json\/wp\/v2\/types\/product"}],"replies":[{"embeddable":true,"href":"https:\/\/clairehodde.com\/preprod\/wp-json\/wp\/v2\/comments?post=686"}],"wp:featuredmedia":[{"embeddable":true,"href":"https:\/\/clairehodde.com\/preprod\/wp-json\/wp\/v2\/media\/790"}],"wp:attachment":[{"href":"https:\/\/clairehodde.com\/preprod\/wp-json\/wp\/v2\/media?parent=686"}],"wp:term":[{"taxonomy":"product_brand","embeddable":true,"href":"https:\/\/clairehodde.com\/preprod\/wp-json\/wp\/v2\/product_brand?post=686"},{"taxonomy":"product_cat","embeddable":true,"href":"https:\/\/clairehodde.com\/preprod\/wp-json\/wp\/v2\/product_cat?post=686"},{"taxonomy":"product_tag","embeddable":true,"href":"https:\/\/clairehodde.com\/preprod\/wp-json\/wp\/v2\/product_tag?post=686"}],"curies":[{"name":"wp","href":"https:\/\/api.w.org\/{rel}","templated":true}]}}