{"id":74,"date":"2022-10-02T21:44:22","date_gmt":"2022-10-02T19:44:22","guid":{"rendered":"http:\/\/clairehodde.com\/?post_type=product&#038;p=74"},"modified":"2023-12-21T19:26:16","modified_gmt":"2023-12-21T18:26:16","slug":"profondeurs_oceanes","status":"publish","type":"product","link":"https:\/\/clairehodde.com\/preprod\/produit\/profondeurs_oceanes\/","title":{"rendered":"Triptyque \u00ab Profondeurs oc\u00e9anes \u00bb  60x60cm"},"content":{"rendered":"<p>Triptyque \u00e9voquant les profondeurs oc\u00e9anes.<\/p>\n<p>Acrylique coul\u00e9e et souffl\u00e9e sur toile de coton, fait main.<br \/>\nIl s&rsquo;agit d&rsquo;une peinture unique.<br \/>\nLe tableau est sign\u00e9 en bas \u00e0 droite du chassis le plus \u00e0 droite, ainsi que derri\u00e8re chaque toile.<\/p>\n<p>Taille totale : 60x60cm<br \/>\nTaille d&rsquo;un chassis : 20x60cm, \u00e9paisseur : 1cm<\/p>\n<p>Les bords du tableau sont peints et pas clout\u00e9s. Vous n&rsquo;\u00eates pas oblig\u00e9s d&rsquo;encadrer ce tableau.<\/p>\n<p>Finition : une couche de vernis ultra brillant a \u00e9t\u00e9 appliqu\u00e9, pour \u00e9voquer la brillance de l&rsquo;eau.<\/p>\n<p>Un syst\u00e8me d&rsquo;accroche est install\u00e9 derri\u00e8re chaque chassis.<\/p>\n<p>Pays de livraison : France<\/p>\n<p>Int\u00e9ress\u00e9 par une \u0153uvre d&rsquo;art similaire, mais dans une taille\/couleurs diff\u00e9rente ? <a href=\"https:\/\/clairehodde.com\/preprod\/contact\/\">Envoyez-moi votre demande<\/a><\/p>\n","protected":false},"excerpt":{"rendered":"<p>Acrylique sur toile de coton 60x60cm<\/p>\n","protected":false},"featured_media":380,"comment_status":"closed","ping_status":"closed","template":"","meta":[],"product_brand":[],"product_cat":[18,20],"product_tag":[24,23,27,25,26,22],"class_list":{"0":"post-74","1":"product","2":"type-product","3":"status-publish","4":"has-post-thumbnail","6":"product_cat-acrylique","7":"product_cat-toile-de-coton","8":"product_tag-60x60cm","9":"product_tag-acrylique","10":"product_tag-bleu","11":"product_tag-chassis","12":"product_tag-coton","13":"product_tag-triptyque","15":"first","16":"instock","17":"purchasable","18":"product-type-simple"},"yoast_head":"<!-- This site is optimized with the Yoast SEO plugin v27.3 - https:\/\/yoast.com\/product\/yoast-seo-wordpress\/ -->\n<title>Triptyque \u00ab Profondeurs oc\u00e9anes \u00bb 60x60cm - Claire Hodd\u00e9 - Artiste peintre<\/title>\n<meta name=\"description\" content=\"Un tryptique dans les tons bleus qui invite \u00e0 la profondeur. Profondeurs marines ou profondeurs int\u00e9rieures, l&#039;eau invite au voyage, \u00e0 l&#039;introspection.\" \/>\n<meta name=\"robots\" content=\"index, follow, max-snippet:-1, max-image-preview:large, max-video-preview:-1\" \/>\n<link rel=\"canonical\" href=\"https:\/\/clairehodde.com\/preprod\/produit\/profondeurs_oceanes\/\" \/>\n<meta property=\"og:locale\" content=\"fr_FR\" \/>\n<meta property=\"og:type\" content=\"article\" \/>\n<meta property=\"og:title\" content=\"Triptyque \u00ab Profondeurs oc\u00e9anes \u00bb 60x60cm - Claire Hodd\u00e9 - Artiste peintre\" \/>\n<meta property=\"og:description\" content=\"Un tryptique dans les tons bleus qui invite \u00e0 la profondeur. Profondeurs marines ou profondeurs int\u00e9rieures, l&#039;eau invite au voyage, \u00e0 l&#039;introspection.\" \/>\n<meta property=\"og:url\" content=\"https:\/\/clairehodde.com\/preprod\/produit\/profondeurs_oceanes\/\" \/>\n<meta property=\"og:site_name\" content=\"Claire Hodd\u00e9 - Artiste peintre\" \/>\n<meta property=\"article:publisher\" content=\"https:\/\/www.facebook.com\/clairehodde.art\/\" \/>\n<meta property=\"article:modified_time\" content=\"2023-12-21T18:26:16+00:00\" \/>\n<meta property=\"og:image\" content=\"https:\/\/clairehodde.com\/preprod\/wp-content\/uploads\/2023\/03\/profondeurs-oceanes.jpg\" \/>\n\t<meta property=\"og:image:width\" content=\"1000\" \/>\n\t<meta property=\"og:image:height\" content=\"1000\" \/>\n\t<meta property=\"og:image:type\" content=\"image\/jpeg\" \/>\n<meta name=\"twitter:card\" content=\"summary_large_image\" \/>\n<meta name=\"twitter:label1\" content=\"Dur\u00e9e de lecture estim\u00e9e\" \/>\n\t<meta name=\"twitter:data1\" content=\"1 minute\" \/>\n<script type=\"application\/ld+json\" class=\"yoast-schema-graph\">{\"@context\":\"https:\\\/\\\/schema.org\",\"@graph\":[{\"@type\":\"WebPage\",\"@id\":\"https:\\\/\\\/clairehodde.com\\\/preprod\\\/produit\\\/profondeurs_oceanes\\\/\",\"url\":\"https:\\\/\\\/clairehodde.com\\\/preprod\\\/produit\\\/profondeurs_oceanes\\\/\",\"name\":\"Triptyque \u00ab Profondeurs oc\u00e9anes \u00bb 60x60cm - Claire Hodd\u00e9 - Artiste peintre\",\"isPartOf\":{\"@id\":\"https:\\\/\\\/clairehodde.com\\\/preprod\\\/#website\"},\"primaryImageOfPage\":{\"@id\":\"https:\\\/\\\/clairehodde.com\\\/preprod\\\/produit\\\/profondeurs_oceanes\\\/#primaryimage\"},\"image\":{\"@id\":\"https:\\\/\\\/clairehodde.com\\\/preprod\\\/produit\\\/profondeurs_oceanes\\\/#primaryimage\"},\"thumbnailUrl\":\"https:\\\/\\\/clairehodde.com\\\/preprod\\\/wp-content\\\/uploads\\\/2023\\\/03\\\/profondeurs-oceanes.jpg\",\"datePublished\":\"2022-10-02T19:44:22+00:00\",\"dateModified\":\"2023-12-21T18:26:16+00:00\",\"description\":\"Un tryptique dans les tons bleus qui invite \u00e0 la profondeur. Profondeurs marines ou profondeurs int\u00e9rieures, l'eau invite au voyage, \u00e0 l'introspection.\",\"breadcrumb\":{\"@id\":\"https:\\\/\\\/clairehodde.com\\\/preprod\\\/produit\\\/profondeurs_oceanes\\\/#breadcrumb\"},\"inLanguage\":\"fr-FR\",\"potentialAction\":[{\"@type\":\"ReadAction\",\"target\":[\"https:\\\/\\\/clairehodde.com\\\/preprod\\\/produit\\\/profondeurs_oceanes\\\/\"]}]},{\"@type\":\"ImageObject\",\"inLanguage\":\"fr-FR\",\"@id\":\"https:\\\/\\\/clairehodde.com\\\/preprod\\\/produit\\\/profondeurs_oceanes\\\/#primaryimage\",\"url\":\"https:\\\/\\\/clairehodde.com\\\/preprod\\\/wp-content\\\/uploads\\\/2023\\\/03\\\/profondeurs-oceanes.jpg\",\"contentUrl\":\"https:\\\/\\\/clairehodde.com\\\/preprod\\\/wp-content\\\/uploads\\\/2023\\\/03\\\/profondeurs-oceanes.jpg\",\"width\":1000,\"height\":1000,\"caption\":\"Tryptique Profondeurs oc\u00e9anes\"},{\"@type\":\"BreadcrumbList\",\"@id\":\"https:\\\/\\\/clairehodde.com\\\/preprod\\\/produit\\\/profondeurs_oceanes\\\/#breadcrumb\",\"itemListElement\":[{\"@type\":\"ListItem\",\"position\":1,\"name\":\"Accueil\",\"item\":\"https:\\\/\\\/clairehodde.com\\\/preprod\\\/\"},{\"@type\":\"ListItem\",\"position\":2,\"name\":\"Boutique artistique\",\"item\":\"https:\\\/\\\/clairehodde.com\\\/preprod\\\/boutique\\\/\"},{\"@type\":\"ListItem\",\"position\":3,\"name\":\"Triptyque \u00ab Profondeurs oc\u00e9anes \u00bb 60x60cm\"}]},{\"@type\":\"WebSite\",\"@id\":\"https:\\\/\\\/clairehodde.com\\\/preprod\\\/#website\",\"url\":\"https:\\\/\\\/clairehodde.com\\\/preprod\\\/\",\"name\":\"Claire Hodd\u00e9 - Artiste peintre\",\"description\":\"R\u00e9v\u00e9ler la force de la vie et les paysages de l\u2019\u00e2me\",\"publisher\":{\"@id\":\"https:\\\/\\\/clairehodde.com\\\/preprod\\\/#\\\/schema\\\/person\\\/d5a8c2047c056dcefe03253eca4d4378\"},\"potentialAction\":[{\"@type\":\"SearchAction\",\"target\":{\"@type\":\"EntryPoint\",\"urlTemplate\":\"https:\\\/\\\/clairehodde.com\\\/preprod\\\/?s={search_term_string}\"},\"query-input\":{\"@type\":\"PropertyValueSpecification\",\"valueRequired\":true,\"valueName\":\"search_term_string\"}}],\"inLanguage\":\"fr-FR\"},{\"@type\":[\"Person\",\"Organization\"],\"@id\":\"https:\\\/\\\/clairehodde.com\\\/preprod\\\/#\\\/schema\\\/person\\\/d5a8c2047c056dcefe03253eca4d4378\",\"name\":\"Claire Hodd\u00e9\",\"image\":{\"@type\":\"ImageObject\",\"inLanguage\":\"fr-FR\",\"@id\":\"https:\\\/\\\/clairehodde.com\\\/preprod\\\/wp-content\\\/uploads\\\/2022\\\/10\\\/IMG_20220901_110621_arbre_detail_p.jpg\",\"url\":\"https:\\\/\\\/clairehodde.com\\\/preprod\\\/wp-content\\\/uploads\\\/2022\\\/10\\\/IMG_20220901_110621_arbre_detail_p.jpg\",\"contentUrl\":\"https:\\\/\\\/clairehodde.com\\\/preprod\\\/wp-content\\\/uploads\\\/2022\\\/10\\\/IMG_20220901_110621_arbre_detail_p.jpg\",\"width\":800,\"height\":600,\"caption\":\"Claire Hodd\u00e9\"},\"logo\":{\"@id\":\"https:\\\/\\\/clairehodde.com\\\/preprod\\\/wp-content\\\/uploads\\\/2022\\\/10\\\/IMG_20220901_110621_arbre_detail_p.jpg\"},\"sameAs\":[\"http:\\\/\\\/clairehodde.com\",\"https:\\\/\\\/www.facebook.com\\\/clairehodde.art\\\/\",\"https:\\\/\\\/www.instagram.com\\\/clairehodde\\\/\"]}]}<\/script>\n<!-- \/ Yoast SEO plugin. -->","yoast_head_json":{"title":"Triptyque \u00ab Profondeurs oc\u00e9anes \u00bb 60x60cm - Claire Hodd\u00e9 - Artiste peintre","description":"Un tryptique dans les tons bleus qui invite \u00e0 la profondeur. Profondeurs marines ou profondeurs int\u00e9rieures, l'eau invite au voyage, \u00e0 l'introspection.","robots":{"index":"index","follow":"follow","max-snippet":"max-snippet:-1","max-image-preview":"max-image-preview:large","max-video-preview":"max-video-preview:-1"},"canonical":"https:\/\/clairehodde.com\/preprod\/produit\/profondeurs_oceanes\/","og_locale":"fr_FR","og_type":"article","og_title":"Triptyque \u00ab Profondeurs oc\u00e9anes \u00bb 60x60cm - Claire Hodd\u00e9 - Artiste peintre","og_description":"Un tryptique dans les tons bleus qui invite \u00e0 la profondeur. Profondeurs marines ou profondeurs int\u00e9rieures, l'eau invite au voyage, \u00e0 l'introspection.","og_url":"https:\/\/clairehodde.com\/preprod\/produit\/profondeurs_oceanes\/","og_site_name":"Claire Hodd\u00e9 - Artiste peintre","article_publisher":"https:\/\/www.facebook.com\/clairehodde.art\/","article_modified_time":"2023-12-21T18:26:16+00:00","og_image":[{"width":1000,"height":1000,"url":"https:\/\/clairehodde.com\/preprod\/wp-content\/uploads\/2023\/03\/profondeurs-oceanes.jpg","type":"image\/jpeg"}],"twitter_card":"summary_large_image","twitter_misc":{"Dur\u00e9e de lecture estim\u00e9e":"1 minute"},"schema":{"@context":"https:\/\/schema.org","@graph":[{"@type":"WebPage","@id":"https:\/\/clairehodde.com\/preprod\/produit\/profondeurs_oceanes\/","url":"https:\/\/clairehodde.com\/preprod\/produit\/profondeurs_oceanes\/","name":"Triptyque \u00ab Profondeurs oc\u00e9anes \u00bb 60x60cm - Claire Hodd\u00e9 - Artiste peintre","isPartOf":{"@id":"https:\/\/clairehodde.com\/preprod\/#website"},"primaryImageOfPage":{"@id":"https:\/\/clairehodde.com\/preprod\/produit\/profondeurs_oceanes\/#primaryimage"},"image":{"@id":"https:\/\/clairehodde.com\/preprod\/produit\/profondeurs_oceanes\/#primaryimage"},"thumbnailUrl":"https:\/\/clairehodde.com\/preprod\/wp-content\/uploads\/2023\/03\/profondeurs-oceanes.jpg","datePublished":"2022-10-02T19:44:22+00:00","dateModified":"2023-12-21T18:26:16+00:00","description":"Un tryptique dans les tons bleus qui invite \u00e0 la profondeur. Profondeurs marines ou profondeurs int\u00e9rieures, l'eau invite au voyage, \u00e0 l'introspection.","breadcrumb":{"@id":"https:\/\/clairehodde.com\/preprod\/produit\/profondeurs_oceanes\/#breadcrumb"},"inLanguage":"fr-FR","potentialAction":[{"@type":"ReadAction","target":["https:\/\/clairehodde.com\/preprod\/produit\/profondeurs_oceanes\/"]}]},{"@type":"ImageObject","inLanguage":"fr-FR","@id":"https:\/\/clairehodde.com\/preprod\/produit\/profondeurs_oceanes\/#primaryimage","url":"https:\/\/clairehodde.com\/preprod\/wp-content\/uploads\/2023\/03\/profondeurs-oceanes.jpg","contentUrl":"https:\/\/clairehodde.com\/preprod\/wp-content\/uploads\/2023\/03\/profondeurs-oceanes.jpg","width":1000,"height":1000,"caption":"Tryptique Profondeurs oc\u00e9anes"},{"@type":"BreadcrumbList","@id":"https:\/\/clairehodde.com\/preprod\/produit\/profondeurs_oceanes\/#breadcrumb","itemListElement":[{"@type":"ListItem","position":1,"name":"Accueil","item":"https:\/\/clairehodde.com\/preprod\/"},{"@type":"ListItem","position":2,"name":"Boutique artistique","item":"https:\/\/clairehodde.com\/preprod\/boutique\/"},{"@type":"ListItem","position":3,"name":"Triptyque \u00ab Profondeurs oc\u00e9anes \u00bb 60x60cm"}]},{"@type":"WebSite","@id":"https:\/\/clairehodde.com\/preprod\/#website","url":"https:\/\/clairehodde.com\/preprod\/","name":"Claire Hodd\u00e9 - Artiste peintre","description":"R\u00e9v\u00e9ler la force de la vie et les paysages de l\u2019\u00e2me","publisher":{"@id":"https:\/\/clairehodde.com\/preprod\/#\/schema\/person\/d5a8c2047c056dcefe03253eca4d4378"},"potentialAction":[{"@type":"SearchAction","target":{"@type":"EntryPoint","urlTemplate":"https:\/\/clairehodde.com\/preprod\/?s={search_term_string}"},"query-input":{"@type":"PropertyValueSpecification","valueRequired":true,"valueName":"search_term_string"}}],"inLanguage":"fr-FR"},{"@type":["Person","Organization"],"@id":"https:\/\/clairehodde.com\/preprod\/#\/schema\/person\/d5a8c2047c056dcefe03253eca4d4378","name":"Claire Hodd\u00e9","image":{"@type":"ImageObject","inLanguage":"fr-FR","@id":"https:\/\/clairehodde.com\/preprod\/wp-content\/uploads\/2022\/10\/IMG_20220901_110621_arbre_detail_p.jpg","url":"https:\/\/clairehodde.com\/preprod\/wp-content\/uploads\/2022\/10\/IMG_20220901_110621_arbre_detail_p.jpg","contentUrl":"https:\/\/clairehodde.com\/preprod\/wp-content\/uploads\/2022\/10\/IMG_20220901_110621_arbre_detail_p.jpg","width":800,"height":600,"caption":"Claire Hodd\u00e9"},"logo":{"@id":"https:\/\/clairehodde.com\/preprod\/wp-content\/uploads\/2022\/10\/IMG_20220901_110621_arbre_detail_p.jpg"},"sameAs":["http:\/\/clairehodde.com","https:\/\/www.facebook.com\/clairehodde.art\/","https:\/\/www.instagram.com\/clairehodde\/"]}]}},"_links":{"self":[{"href":"https:\/\/clairehodde.com\/preprod\/wp-json\/wp\/v2\/product\/74","targetHints":{"allow":["GET"]}}],"collection":[{"href":"https:\/\/clairehodde.com\/preprod\/wp-json\/wp\/v2\/product"}],"about":[{"href":"https:\/\/clairehodde.com\/preprod\/wp-json\/wp\/v2\/types\/product"}],"replies":[{"embeddable":true,"href":"https:\/\/clairehodde.com\/preprod\/wp-json\/wp\/v2\/comments?post=74"}],"wp:featuredmedia":[{"embeddable":true,"href":"https:\/\/clairehodde.com\/preprod\/wp-json\/wp\/v2\/media\/380"}],"wp:attachment":[{"href":"https:\/\/clairehodde.com\/preprod\/wp-json\/wp\/v2\/media?parent=74"}],"wp:term":[{"taxonomy":"product_brand","embeddable":true,"href":"https:\/\/clairehodde.com\/preprod\/wp-json\/wp\/v2\/product_brand?post=74"},{"taxonomy":"product_cat","embeddable":true,"href":"https:\/\/clairehodde.com\/preprod\/wp-json\/wp\/v2\/product_cat?post=74"},{"taxonomy":"product_tag","embeddable":true,"href":"https:\/\/clairehodde.com\/preprod\/wp-json\/wp\/v2\/product_tag?post=74"}],"curies":[{"name":"wp","href":"https:\/\/api.w.org\/{rel}","templated":true}]}}