{"id":795,"date":"2023-11-27T21:55:32","date_gmt":"2023-11-27T20:55:32","guid":{"rendered":"https:\/\/clairehodde.com\/?post_type=product&#038;p=795"},"modified":"2024-02-03T16:51:26","modified_gmt":"2024-02-03T15:51:26","slug":"grotte-de-la-naissance","status":"publish","type":"product","link":"https:\/\/clairehodde.com\/preprod\/produit\/grotte-de-la-naissance\/","title":{"rendered":"Grotte de la naissance &#8211; diam\u00e8tre 30cm"},"content":{"rendered":"<p>Grotte de vert et de rouge, abstraite sur bois c\u00e9l\u00e9brant la naissance. Au c\u0153ur de la grotte, les trois personnages de la cr\u00e8che sont reli\u00e9s.<\/p>\n<p>R\u00e9alis\u00e9e sur bois, de diam\u00e8tre 30cm. La peinture acrylique a \u00e9t\u00e9 vers\u00e9e puis gliss\u00e9e avec un couteau, avant d&rsquo;\u00eatre tourn\u00e9e sur un plateau, puis peinte au pinceau.<\/p>\n<p>Il s&rsquo;agit d&rsquo;une peinture unique r\u00e9alis\u00e9e sur un plateau de bois.<br \/>\nLe tableau est sign\u00e9 sur l&rsquo;endroit.<\/p>\n<p>Taille : diam\u00e8tre 30cm<br \/>\n\u00c9paisseur : 6mm<\/p>\n<p>Finition : deux couches de vernis acrylique satin\u00e9 pour prot\u00e9ger et assurer la long\u00e9vit\u00e9 de l&rsquo;\u0153uvre.<\/p>\n<p>Un syst\u00e8me d&rsquo;accroche est install\u00e9.<\/p>\n<p>Pays de livraison : France<\/p>\n","protected":false},"excerpt":{"rendered":"<p>2023<br \/>\nAcrylique sur bois &#8211; 30cm de diam\u00e8tre<\/p>\n","protected":false},"featured_media":796,"comment_status":"closed","ping_status":"closed","template":"","meta":[],"product_brand":[],"product_cat":[18,21,20],"product_tag":[45,23,50,51,28,40],"class_list":{"0":"post-795","1":"product","2":"type-product","3":"status-publish","4":"has-post-thumbnail","6":"product_cat-acrylique","7":"product_cat-chassis-3d","8":"product_cat-toile-de-coton","9":"product_tag-abstrait","10":"product_tag-acrylique","11":"product_tag-bois","12":"product_tag-rond","13":"product_tag-rouge","14":"product_tag-vert","16":"first","17":"instock","18":"purchasable","19":"product-type-simple"},"yoast_head":"<!-- This site is optimized with the Yoast SEO plugin v27.3 - https:\/\/yoast.com\/product\/yoast-seo-wordpress\/ -->\n<title>Grotte de la naissance - diam\u00e8tre 30cm - Claire Hodd\u00e9 - Artiste peintre<\/title>\n<meta name=\"description\" content=\"Grotte de vert et de rouge, abstraite sur bois c\u00e9l\u00e9brant la naissance. Au c\u0153ur de la grotte, les trois personnages de la cr\u00e8che sont reli\u00e9s.\" \/>\n<meta name=\"robots\" content=\"index, follow, max-snippet:-1, max-image-preview:large, max-video-preview:-1\" \/>\n<link rel=\"canonical\" href=\"https:\/\/clairehodde.com\/preprod\/produit\/grotte-de-la-naissance\/\" \/>\n<meta property=\"og:locale\" content=\"fr_FR\" \/>\n<meta property=\"og:type\" content=\"article\" \/>\n<meta property=\"og:title\" content=\"Grotte de la naissance - diam\u00e8tre 30cm - Claire Hodd\u00e9 - Artiste peintre\" \/>\n<meta property=\"og:description\" content=\"Grotte de vert et de rouge, abstraite sur bois c\u00e9l\u00e9brant la naissance. Au c\u0153ur de la grotte, les trois personnages de la cr\u00e8che sont reli\u00e9s.\" \/>\n<meta property=\"og:url\" content=\"https:\/\/clairehodde.com\/preprod\/produit\/grotte-de-la-naissance\/\" \/>\n<meta property=\"og:site_name\" content=\"Claire Hodd\u00e9 - Artiste peintre\" \/>\n<meta property=\"article:publisher\" content=\"https:\/\/www.facebook.com\/clairehodde.art\/\" \/>\n<meta property=\"article:modified_time\" content=\"2024-02-03T15:51:26+00:00\" \/>\n<meta property=\"og:image\" content=\"https:\/\/clairehodde.com\/preprod\/wp-content\/uploads\/2023\/11\/Grotte-de-la-naissance-scaled.jpg\" \/>\n\t<meta property=\"og:image:width\" content=\"2560\" \/>\n\t<meta property=\"og:image:height\" content=\"2523\" \/>\n\t<meta property=\"og:image:type\" content=\"image\/jpeg\" \/>\n<meta name=\"twitter:card\" content=\"summary_large_image\" \/>\n<meta name=\"twitter:label1\" content=\"Dur\u00e9e de lecture estim\u00e9e\" \/>\n\t<meta name=\"twitter:data1\" content=\"1 minute\" \/>\n<script type=\"application\/ld+json\" class=\"yoast-schema-graph\">{\"@context\":\"https:\\\/\\\/schema.org\",\"@graph\":[{\"@type\":\"WebPage\",\"@id\":\"https:\\\/\\\/clairehodde.com\\\/preprod\\\/produit\\\/grotte-de-la-naissance\\\/\",\"url\":\"https:\\\/\\\/clairehodde.com\\\/preprod\\\/produit\\\/grotte-de-la-naissance\\\/\",\"name\":\"Grotte de la naissance - diam\u00e8tre 30cm - Claire Hodd\u00e9 - Artiste peintre\",\"isPartOf\":{\"@id\":\"https:\\\/\\\/clairehodde.com\\\/preprod\\\/#website\"},\"primaryImageOfPage\":{\"@id\":\"https:\\\/\\\/clairehodde.com\\\/preprod\\\/produit\\\/grotte-de-la-naissance\\\/#primaryimage\"},\"image\":{\"@id\":\"https:\\\/\\\/clairehodde.com\\\/preprod\\\/produit\\\/grotte-de-la-naissance\\\/#primaryimage\"},\"thumbnailUrl\":\"https:\\\/\\\/clairehodde.com\\\/preprod\\\/wp-content\\\/uploads\\\/2023\\\/11\\\/Grotte-de-la-naissance-scaled.jpg\",\"datePublished\":\"2023-11-27T20:55:32+00:00\",\"dateModified\":\"2024-02-03T15:51:26+00:00\",\"description\":\"Grotte de vert et de rouge, abstraite sur bois c\u00e9l\u00e9brant la naissance. Au c\u0153ur de la grotte, les trois personnages de la cr\u00e8che sont reli\u00e9s.\",\"breadcrumb\":{\"@id\":\"https:\\\/\\\/clairehodde.com\\\/preprod\\\/produit\\\/grotte-de-la-naissance\\\/#breadcrumb\"},\"inLanguage\":\"fr-FR\",\"potentialAction\":[{\"@type\":\"ReadAction\",\"target\":[\"https:\\\/\\\/clairehodde.com\\\/preprod\\\/produit\\\/grotte-de-la-naissance\\\/\"]}]},{\"@type\":\"ImageObject\",\"inLanguage\":\"fr-FR\",\"@id\":\"https:\\\/\\\/clairehodde.com\\\/preprod\\\/produit\\\/grotte-de-la-naissance\\\/#primaryimage\",\"url\":\"https:\\\/\\\/clairehodde.com\\\/preprod\\\/wp-content\\\/uploads\\\/2023\\\/11\\\/Grotte-de-la-naissance-scaled.jpg\",\"contentUrl\":\"https:\\\/\\\/clairehodde.com\\\/preprod\\\/wp-content\\\/uploads\\\/2023\\\/11\\\/Grotte-de-la-naissance-scaled.jpg\",\"width\":2560,\"height\":2523,\"caption\":\"Peinture \u00e0 dominante de rouge et de vert, r\u00e9alis\u00e9e sur une pi\u00e8ce de bois ronde, \u00e9voquant une grotte et la naissance\"},{\"@type\":\"BreadcrumbList\",\"@id\":\"https:\\\/\\\/clairehodde.com\\\/preprod\\\/produit\\\/grotte-de-la-naissance\\\/#breadcrumb\",\"itemListElement\":[{\"@type\":\"ListItem\",\"position\":1,\"name\":\"Accueil\",\"item\":\"https:\\\/\\\/clairehodde.com\\\/preprod\\\/\"},{\"@type\":\"ListItem\",\"position\":2,\"name\":\"Boutique artistique\",\"item\":\"https:\\\/\\\/clairehodde.com\\\/preprod\\\/boutique\\\/\"},{\"@type\":\"ListItem\",\"position\":3,\"name\":\"Grotte de la naissance &#8211; diam\u00e8tre 30cm\"}]},{\"@type\":\"WebSite\",\"@id\":\"https:\\\/\\\/clairehodde.com\\\/preprod\\\/#website\",\"url\":\"https:\\\/\\\/clairehodde.com\\\/preprod\\\/\",\"name\":\"Claire Hodd\u00e9 - Artiste peintre\",\"description\":\"R\u00e9v\u00e9ler la force de la vie et les paysages de l\u2019\u00e2me\",\"publisher\":{\"@id\":\"https:\\\/\\\/clairehodde.com\\\/preprod\\\/#\\\/schema\\\/person\\\/d5a8c2047c056dcefe03253eca4d4378\"},\"potentialAction\":[{\"@type\":\"SearchAction\",\"target\":{\"@type\":\"EntryPoint\",\"urlTemplate\":\"https:\\\/\\\/clairehodde.com\\\/preprod\\\/?s={search_term_string}\"},\"query-input\":{\"@type\":\"PropertyValueSpecification\",\"valueRequired\":true,\"valueName\":\"search_term_string\"}}],\"inLanguage\":\"fr-FR\"},{\"@type\":[\"Person\",\"Organization\"],\"@id\":\"https:\\\/\\\/clairehodde.com\\\/preprod\\\/#\\\/schema\\\/person\\\/d5a8c2047c056dcefe03253eca4d4378\",\"name\":\"Claire Hodd\u00e9\",\"image\":{\"@type\":\"ImageObject\",\"inLanguage\":\"fr-FR\",\"@id\":\"https:\\\/\\\/clairehodde.com\\\/preprod\\\/wp-content\\\/uploads\\\/2022\\\/10\\\/IMG_20220901_110621_arbre_detail_p.jpg\",\"url\":\"https:\\\/\\\/clairehodde.com\\\/preprod\\\/wp-content\\\/uploads\\\/2022\\\/10\\\/IMG_20220901_110621_arbre_detail_p.jpg\",\"contentUrl\":\"https:\\\/\\\/clairehodde.com\\\/preprod\\\/wp-content\\\/uploads\\\/2022\\\/10\\\/IMG_20220901_110621_arbre_detail_p.jpg\",\"width\":800,\"height\":600,\"caption\":\"Claire Hodd\u00e9\"},\"logo\":{\"@id\":\"https:\\\/\\\/clairehodde.com\\\/preprod\\\/wp-content\\\/uploads\\\/2022\\\/10\\\/IMG_20220901_110621_arbre_detail_p.jpg\"},\"sameAs\":[\"http:\\\/\\\/clairehodde.com\",\"https:\\\/\\\/www.facebook.com\\\/clairehodde.art\\\/\",\"https:\\\/\\\/www.instagram.com\\\/clairehodde\\\/\"]}]}<\/script>\n<!-- \/ Yoast SEO plugin. -->","yoast_head_json":{"title":"Grotte de la naissance - diam\u00e8tre 30cm - Claire Hodd\u00e9 - Artiste peintre","description":"Grotte de vert et de rouge, abstraite sur bois c\u00e9l\u00e9brant la naissance. Au c\u0153ur de la grotte, les trois personnages de la cr\u00e8che sont reli\u00e9s.","robots":{"index":"index","follow":"follow","max-snippet":"max-snippet:-1","max-image-preview":"max-image-preview:large","max-video-preview":"max-video-preview:-1"},"canonical":"https:\/\/clairehodde.com\/preprod\/produit\/grotte-de-la-naissance\/","og_locale":"fr_FR","og_type":"article","og_title":"Grotte de la naissance - diam\u00e8tre 30cm - Claire Hodd\u00e9 - Artiste peintre","og_description":"Grotte de vert et de rouge, abstraite sur bois c\u00e9l\u00e9brant la naissance. Au c\u0153ur de la grotte, les trois personnages de la cr\u00e8che sont reli\u00e9s.","og_url":"https:\/\/clairehodde.com\/preprod\/produit\/grotte-de-la-naissance\/","og_site_name":"Claire Hodd\u00e9 - Artiste peintre","article_publisher":"https:\/\/www.facebook.com\/clairehodde.art\/","article_modified_time":"2024-02-03T15:51:26+00:00","og_image":[{"width":2560,"height":2523,"url":"https:\/\/clairehodde.com\/preprod\/wp-content\/uploads\/2023\/11\/Grotte-de-la-naissance-scaled.jpg","type":"image\/jpeg"}],"twitter_card":"summary_large_image","twitter_misc":{"Dur\u00e9e de lecture estim\u00e9e":"1 minute"},"schema":{"@context":"https:\/\/schema.org","@graph":[{"@type":"WebPage","@id":"https:\/\/clairehodde.com\/preprod\/produit\/grotte-de-la-naissance\/","url":"https:\/\/clairehodde.com\/preprod\/produit\/grotte-de-la-naissance\/","name":"Grotte de la naissance - diam\u00e8tre 30cm - Claire Hodd\u00e9 - Artiste peintre","isPartOf":{"@id":"https:\/\/clairehodde.com\/preprod\/#website"},"primaryImageOfPage":{"@id":"https:\/\/clairehodde.com\/preprod\/produit\/grotte-de-la-naissance\/#primaryimage"},"image":{"@id":"https:\/\/clairehodde.com\/preprod\/produit\/grotte-de-la-naissance\/#primaryimage"},"thumbnailUrl":"https:\/\/clairehodde.com\/preprod\/wp-content\/uploads\/2023\/11\/Grotte-de-la-naissance-scaled.jpg","datePublished":"2023-11-27T20:55:32+00:00","dateModified":"2024-02-03T15:51:26+00:00","description":"Grotte de vert et de rouge, abstraite sur bois c\u00e9l\u00e9brant la naissance. Au c\u0153ur de la grotte, les trois personnages de la cr\u00e8che sont reli\u00e9s.","breadcrumb":{"@id":"https:\/\/clairehodde.com\/preprod\/produit\/grotte-de-la-naissance\/#breadcrumb"},"inLanguage":"fr-FR","potentialAction":[{"@type":"ReadAction","target":["https:\/\/clairehodde.com\/preprod\/produit\/grotte-de-la-naissance\/"]}]},{"@type":"ImageObject","inLanguage":"fr-FR","@id":"https:\/\/clairehodde.com\/preprod\/produit\/grotte-de-la-naissance\/#primaryimage","url":"https:\/\/clairehodde.com\/preprod\/wp-content\/uploads\/2023\/11\/Grotte-de-la-naissance-scaled.jpg","contentUrl":"https:\/\/clairehodde.com\/preprod\/wp-content\/uploads\/2023\/11\/Grotte-de-la-naissance-scaled.jpg","width":2560,"height":2523,"caption":"Peinture \u00e0 dominante de rouge et de vert, r\u00e9alis\u00e9e sur une pi\u00e8ce de bois ronde, \u00e9voquant une grotte et la naissance"},{"@type":"BreadcrumbList","@id":"https:\/\/clairehodde.com\/preprod\/produit\/grotte-de-la-naissance\/#breadcrumb","itemListElement":[{"@type":"ListItem","position":1,"name":"Accueil","item":"https:\/\/clairehodde.com\/preprod\/"},{"@type":"ListItem","position":2,"name":"Boutique artistique","item":"https:\/\/clairehodde.com\/preprod\/boutique\/"},{"@type":"ListItem","position":3,"name":"Grotte de la naissance &#8211; diam\u00e8tre 30cm"}]},{"@type":"WebSite","@id":"https:\/\/clairehodde.com\/preprod\/#website","url":"https:\/\/clairehodde.com\/preprod\/","name":"Claire Hodd\u00e9 - Artiste peintre","description":"R\u00e9v\u00e9ler la force de la vie et les paysages de l\u2019\u00e2me","publisher":{"@id":"https:\/\/clairehodde.com\/preprod\/#\/schema\/person\/d5a8c2047c056dcefe03253eca4d4378"},"potentialAction":[{"@type":"SearchAction","target":{"@type":"EntryPoint","urlTemplate":"https:\/\/clairehodde.com\/preprod\/?s={search_term_string}"},"query-input":{"@type":"PropertyValueSpecification","valueRequired":true,"valueName":"search_term_string"}}],"inLanguage":"fr-FR"},{"@type":["Person","Organization"],"@id":"https:\/\/clairehodde.com\/preprod\/#\/schema\/person\/d5a8c2047c056dcefe03253eca4d4378","name":"Claire Hodd\u00e9","image":{"@type":"ImageObject","inLanguage":"fr-FR","@id":"https:\/\/clairehodde.com\/preprod\/wp-content\/uploads\/2022\/10\/IMG_20220901_110621_arbre_detail_p.jpg","url":"https:\/\/clairehodde.com\/preprod\/wp-content\/uploads\/2022\/10\/IMG_20220901_110621_arbre_detail_p.jpg","contentUrl":"https:\/\/clairehodde.com\/preprod\/wp-content\/uploads\/2022\/10\/IMG_20220901_110621_arbre_detail_p.jpg","width":800,"height":600,"caption":"Claire Hodd\u00e9"},"logo":{"@id":"https:\/\/clairehodde.com\/preprod\/wp-content\/uploads\/2022\/10\/IMG_20220901_110621_arbre_detail_p.jpg"},"sameAs":["http:\/\/clairehodde.com","https:\/\/www.facebook.com\/clairehodde.art\/","https:\/\/www.instagram.com\/clairehodde\/"]}]}},"_links":{"self":[{"href":"https:\/\/clairehodde.com\/preprod\/wp-json\/wp\/v2\/product\/795","targetHints":{"allow":["GET"]}}],"collection":[{"href":"https:\/\/clairehodde.com\/preprod\/wp-json\/wp\/v2\/product"}],"about":[{"href":"https:\/\/clairehodde.com\/preprod\/wp-json\/wp\/v2\/types\/product"}],"replies":[{"embeddable":true,"href":"https:\/\/clairehodde.com\/preprod\/wp-json\/wp\/v2\/comments?post=795"}],"wp:featuredmedia":[{"embeddable":true,"href":"https:\/\/clairehodde.com\/preprod\/wp-json\/wp\/v2\/media\/796"}],"wp:attachment":[{"href":"https:\/\/clairehodde.com\/preprod\/wp-json\/wp\/v2\/media?parent=795"}],"wp:term":[{"taxonomy":"product_brand","embeddable":true,"href":"https:\/\/clairehodde.com\/preprod\/wp-json\/wp\/v2\/product_brand?post=795"},{"taxonomy":"product_cat","embeddable":true,"href":"https:\/\/clairehodde.com\/preprod\/wp-json\/wp\/v2\/product_cat?post=795"},{"taxonomy":"product_tag","embeddable":true,"href":"https:\/\/clairehodde.com\/preprod\/wp-json\/wp\/v2\/product_tag?post=795"}],"curies":[{"name":"wp","href":"https:\/\/api.w.org\/{rel}","templated":true}]}}