{"id":824,"date":"2024-01-31T07:11:24","date_gmt":"2024-01-31T06:11:24","guid":{"rendered":"https:\/\/clairehodde.com\/?post_type=product&#038;p=824"},"modified":"2024-02-03T21:03:50","modified_gmt":"2024-02-03T20:03:50","slug":"hetre-debout","status":"publish","type":"product","link":"https:\/\/clairehodde.com\/preprod\/produit\/hetre-debout\/","title":{"rendered":"H\u00eatre debout 20x60cm"},"content":{"rendered":"<p>En Alsace, ce h\u00eatre a c\u00f4toy\u00e9 la mort.<br \/>\nSon tronc en porte les traces.<\/p>\n<p>Aujourd&rsquo;hui, il est devenu un sp\u00e9cimen unique, vigoureux, qui s&rsquo;\u00e9lance vers le ciel, avec une soif de vivre in\u00e9gal\u00e9e. A travers cette peinture, je veux t\u00e9moigner de <strong>sa r\u00e9silience<\/strong>.<\/p>\n<p>Son histoire c\u00f4toie la n\u00f4tre, lors de la guerre en 1915-1916. Apr\u00e8s avoir \u00e9t\u00e9 bless\u00e9 ou d\u00e9capit\u00e9 par un \u00e9clat d&rsquo;obus, t\u00e9moin des combats et des nombreuses pertes humaines, l&rsquo;arbre a trouv\u00e9 sa force de vivre, se forgeant une silhouette sinueuse, avant de retrouver, dans <strong>un \u00e9lan de vie plus fort que la mort<\/strong>, un tronc qui s&rsquo;\u00e9lance <strong>tout droit vers le ciel<\/strong>.<\/p>\n<p>Le feuillage aux couleurs de feu \u00e9voque les \u00e9clats d&rsquo;obus et les horreurs de la guerre. Les obus \u00e9taient tellement nombreux que ciel en \u00e9tait brumeux.<br \/>\nLe tronc, gris et noir, porte les cicatrices du temps. Il s&rsquo;\u00e9lance vers le ciel rayonnant d&rsquo;une vitalit\u00e9 remarquable, cr\u00e9ant <strong>une connexion entre ciel et terre<\/strong>, lien entre le fini et l&rsquo;infini.<\/p>\n<p>J&rsquo;aime particuli\u00e8rement la <strong>continuit\u00e9 entre le sol et l&rsquo;arbre, profond\u00e9ment <\/strong><strong>unis<\/strong>.<\/p>\n<p>A la place des racines, un espace n\u00e9 de la rencontre entre l&rsquo;arbre et la terre, semble habit\u00e9 d&rsquo;une pr\u00e9sence. <strong>Pr\u00e9sence fruit d&rsquo;une rencontre<\/strong>, d&rsquo;une contribution de deux entit\u00e9s qui se nourrissent l&rsquo;une l&rsquo;autre, et qui les enrichit tous les deux. Une amie peintre, FloB m&rsquo;a lanc\u00e9 un d\u00e9fi : \u00ab\u00a0quel beau th\u00e8me pour ton futur nouveau tableau !?\u00a0\u00bb Je ne sais pas si j&rsquo;en serai capable, mais c&rsquo;est un sujet tentant.<\/p>\n<p>Le po\u00e8te persan Rumi dit : \u00ab\u00a0toute la beaut\u00e9 se manifeste par le corps, mais elle appartient \u00e0 l&rsquo;\u00e2me\u00a0\u00bb. C&rsquo;est pr\u00e9cis\u00e9ment ce que je cherche \u00e0 traduire dans mes peintures : <strong>montrer les paysages de l&rsquo;\u00e2me<\/strong>, qu&rsquo;on ne voit pas avec les yeux, mais avec le coeur.<\/p>\n<p>Acrylique peinte \u00e0 la main.<br \/>\nIl s&rsquo;agit d&rsquo;une peinture unique.<br \/>\nCe tableau est sign\u00e9 en bas \u00e0 droite.<\/p>\n<p>Taille : 20x60cm<br \/>\n\u00e9paisseur : 4cm<br \/>\n2023<\/p>\n<p>Finition : deux couches de vernis satin\u00e9 permettent de conserver les couleurs.<\/p>\n<p>Un syst\u00e8me d&rsquo;accroche est install\u00e9 derri\u00e8re le ch\u00e2ssis.<\/p>\n<p>Pays de livraison : France<\/p>\n","protected":false},"excerpt":{"rendered":"<p>2023<br \/>\nAcrylique sur toile de coton ch\u00e2ssis 3D<\/p>\n","protected":false},"featured_media":827,"comment_status":"closed","ping_status":"closed","template":"","meta":[],"product_brand":[],"product_cat":[18,20],"product_tag":[65,23,39,49,25,26,38,40],"class_list":{"0":"post-824","1":"product","2":"type-product","3":"status-publish","4":"has-post-thumbnail","6":"product_cat-acrylique","7":"product_cat-toile-de-coton","8":"product_tag-20x60cm","9":"product_tag-acrylique","10":"product_tag-arbre","11":"product_tag-blanc","12":"product_tag-chassis","13":"product_tag-coton","14":"product_tag-magenta","15":"product_tag-vert","17":"first","18":"instock","19":"purchasable","20":"product-type-simple"},"yoast_head":"<!-- This site is optimized with the Yoast SEO plugin v27.3 - https:\/\/yoast.com\/product\/yoast-seo-wordpress\/ -->\n<title>H\u00eatre debout 20x60cm - Claire Hodd\u00e9 - Artiste peintre<\/title>\n<meta name=\"description\" content=\"T\u00e9moignage de la r\u00e9silience d&#039;un h\u00eatre en Alsace, dont le tronc sinueux porte la marque d&#039;un \u00e9clat d&#039;obus. Il s&#039;\u00e9lance aujourd&#039;hui tout droit vers le ciel.\" \/>\n<meta name=\"robots\" content=\"index, follow, max-snippet:-1, max-image-preview:large, max-video-preview:-1\" \/>\n<link rel=\"canonical\" href=\"https:\/\/clairehodde.com\/preprod\/produit\/hetre-debout\/\" \/>\n<meta property=\"og:locale\" content=\"fr_FR\" \/>\n<meta property=\"og:type\" content=\"article\" \/>\n<meta property=\"og:title\" content=\"H\u00eatre debout 20x60cm - Claire Hodd\u00e9 - Artiste peintre\" \/>\n<meta property=\"og:description\" content=\"T\u00e9moignage de la r\u00e9silience d&#039;un h\u00eatre en Alsace, dont le tronc sinueux porte la marque d&#039;un \u00e9clat d&#039;obus. Il s&#039;\u00e9lance aujourd&#039;hui tout droit vers le ciel.\" \/>\n<meta property=\"og:url\" content=\"https:\/\/clairehodde.com\/preprod\/produit\/hetre-debout\/\" \/>\n<meta property=\"og:site_name\" content=\"Claire Hodd\u00e9 - Artiste peintre\" \/>\n<meta property=\"article:publisher\" content=\"https:\/\/www.facebook.com\/clairehodde.art\/\" \/>\n<meta property=\"article:modified_time\" content=\"2024-02-03T20:03:50+00:00\" \/>\n<meta property=\"og:image\" content=\"https:\/\/clairehodde.com\/preprod\/wp-content\/uploads\/2024\/01\/Hetre_debout.jpg\" \/>\n\t<meta property=\"og:image:width\" content=\"1500\" \/>\n\t<meta property=\"og:image:height\" content=\"1500\" \/>\n\t<meta property=\"og:image:type\" content=\"image\/jpeg\" \/>\n<meta name=\"twitter:card\" content=\"summary_large_image\" \/>\n<meta name=\"twitter:label1\" content=\"Dur\u00e9e de lecture estim\u00e9e\" \/>\n\t<meta name=\"twitter:data1\" content=\"2 minutes\" \/>\n<script type=\"application\/ld+json\" class=\"yoast-schema-graph\">{\"@context\":\"https:\\\/\\\/schema.org\",\"@graph\":[{\"@type\":\"WebPage\",\"@id\":\"https:\\\/\\\/clairehodde.com\\\/preprod\\\/produit\\\/hetre-debout\\\/\",\"url\":\"https:\\\/\\\/clairehodde.com\\\/preprod\\\/produit\\\/hetre-debout\\\/\",\"name\":\"H\u00eatre debout 20x60cm - Claire Hodd\u00e9 - Artiste peintre\",\"isPartOf\":{\"@id\":\"https:\\\/\\\/clairehodde.com\\\/preprod\\\/#website\"},\"primaryImageOfPage\":{\"@id\":\"https:\\\/\\\/clairehodde.com\\\/preprod\\\/produit\\\/hetre-debout\\\/#primaryimage\"},\"image\":{\"@id\":\"https:\\\/\\\/clairehodde.com\\\/preprod\\\/produit\\\/hetre-debout\\\/#primaryimage\"},\"thumbnailUrl\":\"https:\\\/\\\/clairehodde.com\\\/preprod\\\/wp-content\\\/uploads\\\/2024\\\/01\\\/Hetre_debout.jpg\",\"datePublished\":\"2024-01-31T06:11:24+00:00\",\"dateModified\":\"2024-02-03T20:03:50+00:00\",\"description\":\"T\u00e9moignage de la r\u00e9silience d'un h\u00eatre en Alsace, dont le tronc sinueux porte la marque d'un \u00e9clat d'obus. Il s'\u00e9lance aujourd'hui tout droit vers le ciel.\",\"breadcrumb\":{\"@id\":\"https:\\\/\\\/clairehodde.com\\\/preprod\\\/produit\\\/hetre-debout\\\/#breadcrumb\"},\"inLanguage\":\"fr-FR\",\"potentialAction\":[{\"@type\":\"ReadAction\",\"target\":[\"https:\\\/\\\/clairehodde.com\\\/preprod\\\/produit\\\/hetre-debout\\\/\"]}]},{\"@type\":\"ImageObject\",\"inLanguage\":\"fr-FR\",\"@id\":\"https:\\\/\\\/clairehodde.com\\\/preprod\\\/produit\\\/hetre-debout\\\/#primaryimage\",\"url\":\"https:\\\/\\\/clairehodde.com\\\/preprod\\\/wp-content\\\/uploads\\\/2024\\\/01\\\/Hetre_debout.jpg\",\"contentUrl\":\"https:\\\/\\\/clairehodde.com\\\/preprod\\\/wp-content\\\/uploads\\\/2024\\\/01\\\/Hetre_debout.jpg\",\"width\":1500,\"height\":1500},{\"@type\":\"BreadcrumbList\",\"@id\":\"https:\\\/\\\/clairehodde.com\\\/preprod\\\/produit\\\/hetre-debout\\\/#breadcrumb\",\"itemListElement\":[{\"@type\":\"ListItem\",\"position\":1,\"name\":\"Accueil\",\"item\":\"https:\\\/\\\/clairehodde.com\\\/preprod\\\/\"},{\"@type\":\"ListItem\",\"position\":2,\"name\":\"Boutique artistique\",\"item\":\"https:\\\/\\\/clairehodde.com\\\/preprod\\\/boutique\\\/\"},{\"@type\":\"ListItem\",\"position\":3,\"name\":\"H\u00eatre debout 20x60cm\"}]},{\"@type\":\"WebSite\",\"@id\":\"https:\\\/\\\/clairehodde.com\\\/preprod\\\/#website\",\"url\":\"https:\\\/\\\/clairehodde.com\\\/preprod\\\/\",\"name\":\"Claire Hodd\u00e9 - Artiste peintre\",\"description\":\"R\u00e9v\u00e9ler la force de la vie et les paysages de l\u2019\u00e2me\",\"publisher\":{\"@id\":\"https:\\\/\\\/clairehodde.com\\\/preprod\\\/#\\\/schema\\\/person\\\/d5a8c2047c056dcefe03253eca4d4378\"},\"potentialAction\":[{\"@type\":\"SearchAction\",\"target\":{\"@type\":\"EntryPoint\",\"urlTemplate\":\"https:\\\/\\\/clairehodde.com\\\/preprod\\\/?s={search_term_string}\"},\"query-input\":{\"@type\":\"PropertyValueSpecification\",\"valueRequired\":true,\"valueName\":\"search_term_string\"}}],\"inLanguage\":\"fr-FR\"},{\"@type\":[\"Person\",\"Organization\"],\"@id\":\"https:\\\/\\\/clairehodde.com\\\/preprod\\\/#\\\/schema\\\/person\\\/d5a8c2047c056dcefe03253eca4d4378\",\"name\":\"Claire Hodd\u00e9\",\"image\":{\"@type\":\"ImageObject\",\"inLanguage\":\"fr-FR\",\"@id\":\"https:\\\/\\\/clairehodde.com\\\/preprod\\\/wp-content\\\/uploads\\\/2022\\\/10\\\/IMG_20220901_110621_arbre_detail_p.jpg\",\"url\":\"https:\\\/\\\/clairehodde.com\\\/preprod\\\/wp-content\\\/uploads\\\/2022\\\/10\\\/IMG_20220901_110621_arbre_detail_p.jpg\",\"contentUrl\":\"https:\\\/\\\/clairehodde.com\\\/preprod\\\/wp-content\\\/uploads\\\/2022\\\/10\\\/IMG_20220901_110621_arbre_detail_p.jpg\",\"width\":800,\"height\":600,\"caption\":\"Claire Hodd\u00e9\"},\"logo\":{\"@id\":\"https:\\\/\\\/clairehodde.com\\\/preprod\\\/wp-content\\\/uploads\\\/2022\\\/10\\\/IMG_20220901_110621_arbre_detail_p.jpg\"},\"sameAs\":[\"http:\\\/\\\/clairehodde.com\",\"https:\\\/\\\/www.facebook.com\\\/clairehodde.art\\\/\",\"https:\\\/\\\/www.instagram.com\\\/clairehodde\\\/\"]}]}<\/script>\n<!-- \/ Yoast SEO plugin. -->","yoast_head_json":{"title":"H\u00eatre debout 20x60cm - Claire Hodd\u00e9 - Artiste peintre","description":"T\u00e9moignage de la r\u00e9silience d'un h\u00eatre en Alsace, dont le tronc sinueux porte la marque d'un \u00e9clat d'obus. Il s'\u00e9lance aujourd'hui tout droit vers le ciel.","robots":{"index":"index","follow":"follow","max-snippet":"max-snippet:-1","max-image-preview":"max-image-preview:large","max-video-preview":"max-video-preview:-1"},"canonical":"https:\/\/clairehodde.com\/preprod\/produit\/hetre-debout\/","og_locale":"fr_FR","og_type":"article","og_title":"H\u00eatre debout 20x60cm - Claire Hodd\u00e9 - Artiste peintre","og_description":"T\u00e9moignage de la r\u00e9silience d'un h\u00eatre en Alsace, dont le tronc sinueux porte la marque d'un \u00e9clat d'obus. Il s'\u00e9lance aujourd'hui tout droit vers le ciel.","og_url":"https:\/\/clairehodde.com\/preprod\/produit\/hetre-debout\/","og_site_name":"Claire Hodd\u00e9 - Artiste peintre","article_publisher":"https:\/\/www.facebook.com\/clairehodde.art\/","article_modified_time":"2024-02-03T20:03:50+00:00","og_image":[{"width":1500,"height":1500,"url":"https:\/\/clairehodde.com\/preprod\/wp-content\/uploads\/2024\/01\/Hetre_debout.jpg","type":"image\/jpeg"}],"twitter_card":"summary_large_image","twitter_misc":{"Dur\u00e9e de lecture estim\u00e9e":"2 minutes"},"schema":{"@context":"https:\/\/schema.org","@graph":[{"@type":"WebPage","@id":"https:\/\/clairehodde.com\/preprod\/produit\/hetre-debout\/","url":"https:\/\/clairehodde.com\/preprod\/produit\/hetre-debout\/","name":"H\u00eatre debout 20x60cm - Claire Hodd\u00e9 - Artiste peintre","isPartOf":{"@id":"https:\/\/clairehodde.com\/preprod\/#website"},"primaryImageOfPage":{"@id":"https:\/\/clairehodde.com\/preprod\/produit\/hetre-debout\/#primaryimage"},"image":{"@id":"https:\/\/clairehodde.com\/preprod\/produit\/hetre-debout\/#primaryimage"},"thumbnailUrl":"https:\/\/clairehodde.com\/preprod\/wp-content\/uploads\/2024\/01\/Hetre_debout.jpg","datePublished":"2024-01-31T06:11:24+00:00","dateModified":"2024-02-03T20:03:50+00:00","description":"T\u00e9moignage de la r\u00e9silience d'un h\u00eatre en Alsace, dont le tronc sinueux porte la marque d'un \u00e9clat d'obus. Il s'\u00e9lance aujourd'hui tout droit vers le ciel.","breadcrumb":{"@id":"https:\/\/clairehodde.com\/preprod\/produit\/hetre-debout\/#breadcrumb"},"inLanguage":"fr-FR","potentialAction":[{"@type":"ReadAction","target":["https:\/\/clairehodde.com\/preprod\/produit\/hetre-debout\/"]}]},{"@type":"ImageObject","inLanguage":"fr-FR","@id":"https:\/\/clairehodde.com\/preprod\/produit\/hetre-debout\/#primaryimage","url":"https:\/\/clairehodde.com\/preprod\/wp-content\/uploads\/2024\/01\/Hetre_debout.jpg","contentUrl":"https:\/\/clairehodde.com\/preprod\/wp-content\/uploads\/2024\/01\/Hetre_debout.jpg","width":1500,"height":1500},{"@type":"BreadcrumbList","@id":"https:\/\/clairehodde.com\/preprod\/produit\/hetre-debout\/#breadcrumb","itemListElement":[{"@type":"ListItem","position":1,"name":"Accueil","item":"https:\/\/clairehodde.com\/preprod\/"},{"@type":"ListItem","position":2,"name":"Boutique artistique","item":"https:\/\/clairehodde.com\/preprod\/boutique\/"},{"@type":"ListItem","position":3,"name":"H\u00eatre debout 20x60cm"}]},{"@type":"WebSite","@id":"https:\/\/clairehodde.com\/preprod\/#website","url":"https:\/\/clairehodde.com\/preprod\/","name":"Claire Hodd\u00e9 - Artiste peintre","description":"R\u00e9v\u00e9ler la force de la vie et les paysages de l\u2019\u00e2me","publisher":{"@id":"https:\/\/clairehodde.com\/preprod\/#\/schema\/person\/d5a8c2047c056dcefe03253eca4d4378"},"potentialAction":[{"@type":"SearchAction","target":{"@type":"EntryPoint","urlTemplate":"https:\/\/clairehodde.com\/preprod\/?s={search_term_string}"},"query-input":{"@type":"PropertyValueSpecification","valueRequired":true,"valueName":"search_term_string"}}],"inLanguage":"fr-FR"},{"@type":["Person","Organization"],"@id":"https:\/\/clairehodde.com\/preprod\/#\/schema\/person\/d5a8c2047c056dcefe03253eca4d4378","name":"Claire Hodd\u00e9","image":{"@type":"ImageObject","inLanguage":"fr-FR","@id":"https:\/\/clairehodde.com\/preprod\/wp-content\/uploads\/2022\/10\/IMG_20220901_110621_arbre_detail_p.jpg","url":"https:\/\/clairehodde.com\/preprod\/wp-content\/uploads\/2022\/10\/IMG_20220901_110621_arbre_detail_p.jpg","contentUrl":"https:\/\/clairehodde.com\/preprod\/wp-content\/uploads\/2022\/10\/IMG_20220901_110621_arbre_detail_p.jpg","width":800,"height":600,"caption":"Claire Hodd\u00e9"},"logo":{"@id":"https:\/\/clairehodde.com\/preprod\/wp-content\/uploads\/2022\/10\/IMG_20220901_110621_arbre_detail_p.jpg"},"sameAs":["http:\/\/clairehodde.com","https:\/\/www.facebook.com\/clairehodde.art\/","https:\/\/www.instagram.com\/clairehodde\/"]}]}},"_links":{"self":[{"href":"https:\/\/clairehodde.com\/preprod\/wp-json\/wp\/v2\/product\/824","targetHints":{"allow":["GET"]}}],"collection":[{"href":"https:\/\/clairehodde.com\/preprod\/wp-json\/wp\/v2\/product"}],"about":[{"href":"https:\/\/clairehodde.com\/preprod\/wp-json\/wp\/v2\/types\/product"}],"replies":[{"embeddable":true,"href":"https:\/\/clairehodde.com\/preprod\/wp-json\/wp\/v2\/comments?post=824"}],"wp:featuredmedia":[{"embeddable":true,"href":"https:\/\/clairehodde.com\/preprod\/wp-json\/wp\/v2\/media\/827"}],"wp:attachment":[{"href":"https:\/\/clairehodde.com\/preprod\/wp-json\/wp\/v2\/media?parent=824"}],"wp:term":[{"taxonomy":"product_brand","embeddable":true,"href":"https:\/\/clairehodde.com\/preprod\/wp-json\/wp\/v2\/product_brand?post=824"},{"taxonomy":"product_cat","embeddable":true,"href":"https:\/\/clairehodde.com\/preprod\/wp-json\/wp\/v2\/product_cat?post=824"},{"taxonomy":"product_tag","embeddable":true,"href":"https:\/\/clairehodde.com\/preprod\/wp-json\/wp\/v2\/product_tag?post=824"}],"curies":[{"name":"wp","href":"https:\/\/api.w.org\/{rel}","templated":true}]}}