{"id":837,"date":"2024-02-03T18:05:19","date_gmt":"2024-02-03T17:05:19","guid":{"rendered":"https:\/\/clairehodde.com\/?post_type=product&#038;p=837"},"modified":"2024-02-03T20:58:42","modified_gmt":"2024-02-03T19:58:42","slug":"la-ou-le-vent-nous-mene","status":"publish","type":"product","link":"https:\/\/clairehodde.com\/preprod\/produit\/la-ou-le-vent-nous-mene\/","title":{"rendered":"L\u00e0 o\u00f9 le vent nous m\u00e8ne 30x30cm"},"content":{"rendered":"<div>Tourbillon dans les tons vert. \u00ab\u00a0L\u00e0 o\u00f9 le vent nous m\u00e8ne\u00a0\u00bb est une premi\u00e8re acrylique fluide souffl\u00e9e au s\u00e8che cheveux.<\/div>\n<p>Acrylique peinte \u00e0 la main.<\/p>\n<p>Il s&rsquo;agit d&rsquo;une peinture unique.<br \/>\nCe tableau est sign\u00e9 au dos de la toile<\/p>\n<p>Taille : 30x30cm<br \/>\n\u00e9paisseur : 4cm<br \/>\n2023<\/p>\n<p>Finition : deux couches de vernis satin\u00e9 permettent de conserver les couleurs.<\/p>\n<p>Un syst\u00e8me d&rsquo;accroche est install\u00e9 derri\u00e8re le ch\u00e2ssis.<\/p>\n<p>Pays de livraison : France<\/p>\n","protected":false},"excerpt":{"rendered":"<p>2023<br \/>\nAcrylique sur toile de coton ch\u00e2ssis 3D<\/p>\n","protected":false},"featured_media":841,"comment_status":"closed","ping_status":"closed","template":"","meta":[],"product_brand":[],"product_cat":[18,20],"product_tag":[42,45,23,25,26,40],"class_list":{"0":"post-837","1":"product","2":"type-product","3":"status-publish","4":"has-post-thumbnail","6":"product_cat-acrylique","7":"product_cat-toile-de-coton","8":"product_tag-30x30cm","9":"product_tag-abstrait","10":"product_tag-acrylique","11":"product_tag-chassis","12":"product_tag-coton","13":"product_tag-vert","15":"first","16":"instock","17":"purchasable","18":"product-type-simple"},"yoast_head":"<!-- This site is optimized with the Yoast SEO plugin v27.3 - https:\/\/yoast.com\/product\/yoast-seo-wordpress\/ -->\n<title>L\u00e0 o\u00f9 le vent nous m\u00e8ne 30x30cm - Claire Hodd\u00e9 - Artiste peintre<\/title>\n<meta name=\"description\" content=\"Tourbillon ou tornade ? Le vent a fa\u00e7onn\u00e9 cette peinture abstraite dans les tons verts sur fond blanc. L\u00e0 o\u00f9 le vent nous m\u00e8ne.\" \/>\n<meta name=\"robots\" content=\"index, follow, max-snippet:-1, max-image-preview:large, max-video-preview:-1\" \/>\n<link rel=\"canonical\" href=\"https:\/\/clairehodde.com\/preprod\/produit\/la-ou-le-vent-nous-mene\/\" \/>\n<meta property=\"og:locale\" content=\"fr_FR\" \/>\n<meta property=\"og:type\" content=\"article\" \/>\n<meta property=\"og:title\" content=\"L\u00e0 o\u00f9 le vent nous m\u00e8ne 30x30cm - Claire Hodd\u00e9 - Artiste peintre\" \/>\n<meta property=\"og:description\" content=\"Tourbillon ou tornade ? Le vent a fa\u00e7onn\u00e9 cette peinture abstraite dans les tons verts sur fond blanc. L\u00e0 o\u00f9 le vent nous m\u00e8ne.\" \/>\n<meta property=\"og:url\" content=\"https:\/\/clairehodde.com\/preprod\/produit\/la-ou-le-vent-nous-mene\/\" \/>\n<meta property=\"og:site_name\" content=\"Claire Hodd\u00e9 - Artiste peintre\" \/>\n<meta property=\"article:publisher\" content=\"https:\/\/www.facebook.com\/clairehodde.art\/\" \/>\n<meta property=\"article:modified_time\" content=\"2024-02-03T19:58:42+00:00\" \/>\n<meta property=\"og:image\" content=\"https:\/\/clairehodde.com\/preprod\/wp-content\/uploads\/2024\/02\/La-ou-le-vent-nous-mene-1.jpg\" \/>\n\t<meta property=\"og:image:width\" content=\"1500\" \/>\n\t<meta property=\"og:image:height\" content=\"1500\" \/>\n\t<meta property=\"og:image:type\" content=\"image\/jpeg\" \/>\n<meta name=\"twitter:card\" content=\"summary_large_image\" \/>\n<meta name=\"twitter:label1\" content=\"Dur\u00e9e de lecture estim\u00e9e\" \/>\n\t<meta name=\"twitter:data1\" content=\"1 minute\" \/>\n<script type=\"application\/ld+json\" class=\"yoast-schema-graph\">{\"@context\":\"https:\\\/\\\/schema.org\",\"@graph\":[{\"@type\":\"WebPage\",\"@id\":\"https:\\\/\\\/clairehodde.com\\\/preprod\\\/produit\\\/la-ou-le-vent-nous-mene\\\/\",\"url\":\"https:\\\/\\\/clairehodde.com\\\/preprod\\\/produit\\\/la-ou-le-vent-nous-mene\\\/\",\"name\":\"L\u00e0 o\u00f9 le vent nous m\u00e8ne 30x30cm - Claire Hodd\u00e9 - Artiste peintre\",\"isPartOf\":{\"@id\":\"https:\\\/\\\/clairehodde.com\\\/preprod\\\/#website\"},\"primaryImageOfPage\":{\"@id\":\"https:\\\/\\\/clairehodde.com\\\/preprod\\\/produit\\\/la-ou-le-vent-nous-mene\\\/#primaryimage\"},\"image\":{\"@id\":\"https:\\\/\\\/clairehodde.com\\\/preprod\\\/produit\\\/la-ou-le-vent-nous-mene\\\/#primaryimage\"},\"thumbnailUrl\":\"https:\\\/\\\/clairehodde.com\\\/preprod\\\/wp-content\\\/uploads\\\/2024\\\/02\\\/La-ou-le-vent-nous-mene-1.jpg\",\"datePublished\":\"2024-02-03T17:05:19+00:00\",\"dateModified\":\"2024-02-03T19:58:42+00:00\",\"description\":\"Tourbillon ou tornade ? Le vent a fa\u00e7onn\u00e9 cette peinture abstraite dans les tons verts sur fond blanc. L\u00e0 o\u00f9 le vent nous m\u00e8ne.\",\"breadcrumb\":{\"@id\":\"https:\\\/\\\/clairehodde.com\\\/preprod\\\/produit\\\/la-ou-le-vent-nous-mene\\\/#breadcrumb\"},\"inLanguage\":\"fr-FR\",\"potentialAction\":[{\"@type\":\"ReadAction\",\"target\":[\"https:\\\/\\\/clairehodde.com\\\/preprod\\\/produit\\\/la-ou-le-vent-nous-mene\\\/\"]}]},{\"@type\":\"ImageObject\",\"inLanguage\":\"fr-FR\",\"@id\":\"https:\\\/\\\/clairehodde.com\\\/preprod\\\/produit\\\/la-ou-le-vent-nous-mene\\\/#primaryimage\",\"url\":\"https:\\\/\\\/clairehodde.com\\\/preprod\\\/wp-content\\\/uploads\\\/2024\\\/02\\\/La-ou-le-vent-nous-mene-1.jpg\",\"contentUrl\":\"https:\\\/\\\/clairehodde.com\\\/preprod\\\/wp-content\\\/uploads\\\/2024\\\/02\\\/La-ou-le-vent-nous-mene-1.jpg\",\"width\":1500,\"height\":1500,\"caption\":\"L\u00e0 o\u00f9 le vent nous m\u00e8ne\"},{\"@type\":\"BreadcrumbList\",\"@id\":\"https:\\\/\\\/clairehodde.com\\\/preprod\\\/produit\\\/la-ou-le-vent-nous-mene\\\/#breadcrumb\",\"itemListElement\":[{\"@type\":\"ListItem\",\"position\":1,\"name\":\"Accueil\",\"item\":\"https:\\\/\\\/clairehodde.com\\\/preprod\\\/\"},{\"@type\":\"ListItem\",\"position\":2,\"name\":\"Boutique artistique\",\"item\":\"https:\\\/\\\/clairehodde.com\\\/preprod\\\/boutique\\\/\"},{\"@type\":\"ListItem\",\"position\":3,\"name\":\"L\u00e0 o\u00f9 le vent nous m\u00e8ne 30x30cm\"}]},{\"@type\":\"WebSite\",\"@id\":\"https:\\\/\\\/clairehodde.com\\\/preprod\\\/#website\",\"url\":\"https:\\\/\\\/clairehodde.com\\\/preprod\\\/\",\"name\":\"Claire Hodd\u00e9 - Artiste peintre\",\"description\":\"R\u00e9v\u00e9ler la force de la vie et les paysages de l\u2019\u00e2me\",\"publisher\":{\"@id\":\"https:\\\/\\\/clairehodde.com\\\/preprod\\\/#\\\/schema\\\/person\\\/d5a8c2047c056dcefe03253eca4d4378\"},\"potentialAction\":[{\"@type\":\"SearchAction\",\"target\":{\"@type\":\"EntryPoint\",\"urlTemplate\":\"https:\\\/\\\/clairehodde.com\\\/preprod\\\/?s={search_term_string}\"},\"query-input\":{\"@type\":\"PropertyValueSpecification\",\"valueRequired\":true,\"valueName\":\"search_term_string\"}}],\"inLanguage\":\"fr-FR\"},{\"@type\":[\"Person\",\"Organization\"],\"@id\":\"https:\\\/\\\/clairehodde.com\\\/preprod\\\/#\\\/schema\\\/person\\\/d5a8c2047c056dcefe03253eca4d4378\",\"name\":\"Claire Hodd\u00e9\",\"image\":{\"@type\":\"ImageObject\",\"inLanguage\":\"fr-FR\",\"@id\":\"https:\\\/\\\/clairehodde.com\\\/preprod\\\/wp-content\\\/uploads\\\/2022\\\/10\\\/IMG_20220901_110621_arbre_detail_p.jpg\",\"url\":\"https:\\\/\\\/clairehodde.com\\\/preprod\\\/wp-content\\\/uploads\\\/2022\\\/10\\\/IMG_20220901_110621_arbre_detail_p.jpg\",\"contentUrl\":\"https:\\\/\\\/clairehodde.com\\\/preprod\\\/wp-content\\\/uploads\\\/2022\\\/10\\\/IMG_20220901_110621_arbre_detail_p.jpg\",\"width\":800,\"height\":600,\"caption\":\"Claire Hodd\u00e9\"},\"logo\":{\"@id\":\"https:\\\/\\\/clairehodde.com\\\/preprod\\\/wp-content\\\/uploads\\\/2022\\\/10\\\/IMG_20220901_110621_arbre_detail_p.jpg\"},\"sameAs\":[\"http:\\\/\\\/clairehodde.com\",\"https:\\\/\\\/www.facebook.com\\\/clairehodde.art\\\/\",\"https:\\\/\\\/www.instagram.com\\\/clairehodde\\\/\"]}]}<\/script>\n<!-- \/ Yoast SEO plugin. -->","yoast_head_json":{"title":"L\u00e0 o\u00f9 le vent nous m\u00e8ne 30x30cm - Claire Hodd\u00e9 - Artiste peintre","description":"Tourbillon ou tornade ? Le vent a fa\u00e7onn\u00e9 cette peinture abstraite dans les tons verts sur fond blanc. L\u00e0 o\u00f9 le vent nous m\u00e8ne.","robots":{"index":"index","follow":"follow","max-snippet":"max-snippet:-1","max-image-preview":"max-image-preview:large","max-video-preview":"max-video-preview:-1"},"canonical":"https:\/\/clairehodde.com\/preprod\/produit\/la-ou-le-vent-nous-mene\/","og_locale":"fr_FR","og_type":"article","og_title":"L\u00e0 o\u00f9 le vent nous m\u00e8ne 30x30cm - Claire Hodd\u00e9 - Artiste peintre","og_description":"Tourbillon ou tornade ? Le vent a fa\u00e7onn\u00e9 cette peinture abstraite dans les tons verts sur fond blanc. L\u00e0 o\u00f9 le vent nous m\u00e8ne.","og_url":"https:\/\/clairehodde.com\/preprod\/produit\/la-ou-le-vent-nous-mene\/","og_site_name":"Claire Hodd\u00e9 - Artiste peintre","article_publisher":"https:\/\/www.facebook.com\/clairehodde.art\/","article_modified_time":"2024-02-03T19:58:42+00:00","og_image":[{"width":1500,"height":1500,"url":"https:\/\/clairehodde.com\/preprod\/wp-content\/uploads\/2024\/02\/La-ou-le-vent-nous-mene-1.jpg","type":"image\/jpeg"}],"twitter_card":"summary_large_image","twitter_misc":{"Dur\u00e9e de lecture estim\u00e9e":"1 minute"},"schema":{"@context":"https:\/\/schema.org","@graph":[{"@type":"WebPage","@id":"https:\/\/clairehodde.com\/preprod\/produit\/la-ou-le-vent-nous-mene\/","url":"https:\/\/clairehodde.com\/preprod\/produit\/la-ou-le-vent-nous-mene\/","name":"L\u00e0 o\u00f9 le vent nous m\u00e8ne 30x30cm - Claire Hodd\u00e9 - Artiste peintre","isPartOf":{"@id":"https:\/\/clairehodde.com\/preprod\/#website"},"primaryImageOfPage":{"@id":"https:\/\/clairehodde.com\/preprod\/produit\/la-ou-le-vent-nous-mene\/#primaryimage"},"image":{"@id":"https:\/\/clairehodde.com\/preprod\/produit\/la-ou-le-vent-nous-mene\/#primaryimage"},"thumbnailUrl":"https:\/\/clairehodde.com\/preprod\/wp-content\/uploads\/2024\/02\/La-ou-le-vent-nous-mene-1.jpg","datePublished":"2024-02-03T17:05:19+00:00","dateModified":"2024-02-03T19:58:42+00:00","description":"Tourbillon ou tornade ? Le vent a fa\u00e7onn\u00e9 cette peinture abstraite dans les tons verts sur fond blanc. L\u00e0 o\u00f9 le vent nous m\u00e8ne.","breadcrumb":{"@id":"https:\/\/clairehodde.com\/preprod\/produit\/la-ou-le-vent-nous-mene\/#breadcrumb"},"inLanguage":"fr-FR","potentialAction":[{"@type":"ReadAction","target":["https:\/\/clairehodde.com\/preprod\/produit\/la-ou-le-vent-nous-mene\/"]}]},{"@type":"ImageObject","inLanguage":"fr-FR","@id":"https:\/\/clairehodde.com\/preprod\/produit\/la-ou-le-vent-nous-mene\/#primaryimage","url":"https:\/\/clairehodde.com\/preprod\/wp-content\/uploads\/2024\/02\/La-ou-le-vent-nous-mene-1.jpg","contentUrl":"https:\/\/clairehodde.com\/preprod\/wp-content\/uploads\/2024\/02\/La-ou-le-vent-nous-mene-1.jpg","width":1500,"height":1500,"caption":"L\u00e0 o\u00f9 le vent nous m\u00e8ne"},{"@type":"BreadcrumbList","@id":"https:\/\/clairehodde.com\/preprod\/produit\/la-ou-le-vent-nous-mene\/#breadcrumb","itemListElement":[{"@type":"ListItem","position":1,"name":"Accueil","item":"https:\/\/clairehodde.com\/preprod\/"},{"@type":"ListItem","position":2,"name":"Boutique artistique","item":"https:\/\/clairehodde.com\/preprod\/boutique\/"},{"@type":"ListItem","position":3,"name":"L\u00e0 o\u00f9 le vent nous m\u00e8ne 30x30cm"}]},{"@type":"WebSite","@id":"https:\/\/clairehodde.com\/preprod\/#website","url":"https:\/\/clairehodde.com\/preprod\/","name":"Claire Hodd\u00e9 - Artiste peintre","description":"R\u00e9v\u00e9ler la force de la vie et les paysages de l\u2019\u00e2me","publisher":{"@id":"https:\/\/clairehodde.com\/preprod\/#\/schema\/person\/d5a8c2047c056dcefe03253eca4d4378"},"potentialAction":[{"@type":"SearchAction","target":{"@type":"EntryPoint","urlTemplate":"https:\/\/clairehodde.com\/preprod\/?s={search_term_string}"},"query-input":{"@type":"PropertyValueSpecification","valueRequired":true,"valueName":"search_term_string"}}],"inLanguage":"fr-FR"},{"@type":["Person","Organization"],"@id":"https:\/\/clairehodde.com\/preprod\/#\/schema\/person\/d5a8c2047c056dcefe03253eca4d4378","name":"Claire Hodd\u00e9","image":{"@type":"ImageObject","inLanguage":"fr-FR","@id":"https:\/\/clairehodde.com\/preprod\/wp-content\/uploads\/2022\/10\/IMG_20220901_110621_arbre_detail_p.jpg","url":"https:\/\/clairehodde.com\/preprod\/wp-content\/uploads\/2022\/10\/IMG_20220901_110621_arbre_detail_p.jpg","contentUrl":"https:\/\/clairehodde.com\/preprod\/wp-content\/uploads\/2022\/10\/IMG_20220901_110621_arbre_detail_p.jpg","width":800,"height":600,"caption":"Claire Hodd\u00e9"},"logo":{"@id":"https:\/\/clairehodde.com\/preprod\/wp-content\/uploads\/2022\/10\/IMG_20220901_110621_arbre_detail_p.jpg"},"sameAs":["http:\/\/clairehodde.com","https:\/\/www.facebook.com\/clairehodde.art\/","https:\/\/www.instagram.com\/clairehodde\/"]}]}},"_links":{"self":[{"href":"https:\/\/clairehodde.com\/preprod\/wp-json\/wp\/v2\/product\/837","targetHints":{"allow":["GET"]}}],"collection":[{"href":"https:\/\/clairehodde.com\/preprod\/wp-json\/wp\/v2\/product"}],"about":[{"href":"https:\/\/clairehodde.com\/preprod\/wp-json\/wp\/v2\/types\/product"}],"replies":[{"embeddable":true,"href":"https:\/\/clairehodde.com\/preprod\/wp-json\/wp\/v2\/comments?post=837"}],"wp:featuredmedia":[{"embeddable":true,"href":"https:\/\/clairehodde.com\/preprod\/wp-json\/wp\/v2\/media\/841"}],"wp:attachment":[{"href":"https:\/\/clairehodde.com\/preprod\/wp-json\/wp\/v2\/media?parent=837"}],"wp:term":[{"taxonomy":"product_brand","embeddable":true,"href":"https:\/\/clairehodde.com\/preprod\/wp-json\/wp\/v2\/product_brand?post=837"},{"taxonomy":"product_cat","embeddable":true,"href":"https:\/\/clairehodde.com\/preprod\/wp-json\/wp\/v2\/product_cat?post=837"},{"taxonomy":"product_tag","embeddable":true,"href":"https:\/\/clairehodde.com\/preprod\/wp-json\/wp\/v2\/product_tag?post=837"}],"curies":[{"name":"wp","href":"https:\/\/api.w.org\/{rel}","templated":true}]}}